{"id":17514,"date":"2024-12-12T09:43:33","date_gmt":"2024-12-12T09:43:33","guid":{"rendered":"https:\/\/africansafari.travel\/safari-de-lune-de-miel-en-tanzanie\/lune-de-miel-10-jours-en-tanzanie-et-zanzibar\/"},"modified":"2026-01-27T15:22:41","modified_gmt":"2026-01-27T15:22:41","slug":"lune-de-miel-10-jours-en-tanzanie-et-zanzibar","status":"publish","type":"page","link":"https:\/\/africansafari.travel\/fr\/safari-de-lune-de-miel-en-tanzanie\/lune-de-miel-10-jours-en-tanzanie-et-zanzibar\/","title":{"rendered":"Lune de miel &#8211; 10 jours en Tanzanie et Zanzibar"},"content":{"rendered":"","protected":false},"excerpt":{"rendered":"","protected":false},"author":2,"featured_media":17516,"parent":16221,"menu_order":0,"comment_status":"open","ping_status":"closed","template":"","meta":{"_acf_changed":false,"footnotes":""},"region_parques":[],"class_list":["post-17514","page","type-page","status-publish","has-post-thumbnail","hentry"],"blocksy_meta":[],"acf":[],"yoast_head":"<!-- This site is optimized with the Yoast SEO Premium plugin v26.5 (Yoast SEO v27.4) - https:\/\/yoast.com\/product\/yoast-seo-premium-wordpress\/ -->\n<title>Lune de miel de 10 jours en Zanzibar | African Safari Travel<\/title>\n<meta name=\"description\" content=\"Vivez une lune de miel de r\u00eave en Tanzanie et \u00e0 Zanzibar. 10 jours remplis de romance, de safaris et de d\u00e9tente.\" \/>\n<meta name=\"robots\" content=\"index, follow, max-snippet:-1, max-image-preview:large, max-video-preview:-1\" \/>\n<link rel=\"canonical\" href=\"https:\/\/africansafari.travel\/fr\/safari-de-lune-de-miel-en-tanzanie\/lune-de-miel-10-jours-en-tanzanie-et-zanzibar\/\" \/>\n<meta property=\"og:locale\" content=\"fr_FR\" \/>\n<meta property=\"og:type\" content=\"article\" \/>\n<meta property=\"og:title\" content=\"Lune de miel - 10 jours en Tanzanie et Zanzibar\" \/>\n<meta property=\"og:description\" content=\"Vivez une lune de miel de r\u00eave en Tanzanie et \u00e0 Zanzibar. 10 jours remplis de romance, de safaris et de d\u00e9tente.\" \/>\n<meta property=\"og:url\" content=\"https:\/\/africansafari.travel\/fr\/safari-de-lune-de-miel-en-tanzanie\/lune-de-miel-10-jours-en-tanzanie-et-zanzibar\/\" \/>\n<meta property=\"og:site_name\" content=\"African Safari Travel\" \/>\n<meta property=\"article:modified_time\" content=\"2026-01-27T15:22:41+00:00\" \/>\n<meta property=\"og:image\" content=\"https:\/\/africansafari.travel\/wp-content\/uploads\/2025\/01\/dhow_cruise_zanzibar_beach-scaled.webp\" \/>\n\t<meta property=\"og:image:width\" content=\"2560\" \/>\n\t<meta property=\"og:image:height\" content=\"1707\" \/>\n\t<meta property=\"og:image:type\" content=\"image\/webp\" \/>\n<meta name=\"twitter:card\" content=\"summary_large_image\" \/>\n<meta name=\"twitter:label1\" content=\"Dur\u00e9e de lecture estim\u00e9e\" \/>\n\t<meta name=\"twitter:data1\" content=\"4 minutes\" \/>\n<script type=\"application\/ld+json\" class=\"yoast-schema-graph\">{\"@context\":\"https:\\\/\\\/schema.org\",\"@graph\":[{\"@type\":\"WebPage\",\"@id\":\"https:\\\/\\\/africansafari.travel\\\/fr\\\/safari-de-lune-de-miel-en-tanzanie\\\/lune-de-miel-10-jours-en-tanzanie-et-zanzibar\\\/\",\"url\":\"https:\\\/\\\/africansafari.travel\\\/fr\\\/safari-de-lune-de-miel-en-tanzanie\\\/lune-de-miel-10-jours-en-tanzanie-et-zanzibar\\\/\",\"name\":\"Lune de miel de 10 jours en Zanzibar | African Safari Travel\",\"isPartOf\":{\"@id\":\"https:\\\/\\\/africansafari.travel\\\/fr\\\/#website\"},\"primaryImageOfPage\":{\"@id\":\"https:\\\/\\\/africansafari.travel\\\/fr\\\/safari-de-lune-de-miel-en-tanzanie\\\/lune-de-miel-10-jours-en-tanzanie-et-zanzibar\\\/#primaryimage\"},\"image\":{\"@id\":\"https:\\\/\\\/africansafari.travel\\\/fr\\\/safari-de-lune-de-miel-en-tanzanie\\\/lune-de-miel-10-jours-en-tanzanie-et-zanzibar\\\/#primaryimage\"},\"thumbnailUrl\":\"https:\\\/\\\/africansafari.travel\\\/wp-content\\\/uploads\\\/2025\\\/01\\\/dhow_cruise_zanzibar_beach-scaled.webp\",\"datePublished\":\"2024-12-12T09:43:33+00:00\",\"dateModified\":\"2026-01-27T15:22:41+00:00\",\"description\":\"Vivez une lune de miel de r\u00eave en Tanzanie et \u00e0 Zanzibar. 10 jours remplis de romance, de safaris et de d\u00e9tente.\",\"breadcrumb\":{\"@id\":\"https:\\\/\\\/africansafari.travel\\\/fr\\\/safari-de-lune-de-miel-en-tanzanie\\\/lune-de-miel-10-jours-en-tanzanie-et-zanzibar\\\/#breadcrumb\"},\"inLanguage\":\"fr-FR\",\"potentialAction\":[{\"@type\":\"ReadAction\",\"target\":[\"https:\\\/\\\/africansafari.travel\\\/fr\\\/safari-de-lune-de-miel-en-tanzanie\\\/lune-de-miel-10-jours-en-tanzanie-et-zanzibar\\\/\"]}]},{\"@type\":\"ImageObject\",\"inLanguage\":\"fr-FR\",\"@id\":\"https:\\\/\\\/africansafari.travel\\\/fr\\\/safari-de-lune-de-miel-en-tanzanie\\\/lune-de-miel-10-jours-en-tanzanie-et-zanzibar\\\/#primaryimage\",\"url\":\"https:\\\/\\\/africansafari.travel\\\/wp-content\\\/uploads\\\/2025\\\/01\\\/dhow_cruise_zanzibar_beach-scaled.webp\",\"contentUrl\":\"https:\\\/\\\/africansafari.travel\\\/wp-content\\\/uploads\\\/2025\\\/01\\\/dhow_cruise_zanzibar_beach-scaled.webp\",\"width\":2560,\"height\":1707},{\"@type\":\"BreadcrumbList\",\"@id\":\"https:\\\/\\\/africansafari.travel\\\/fr\\\/safari-de-lune-de-miel-en-tanzanie\\\/lune-de-miel-10-jours-en-tanzanie-et-zanzibar\\\/#breadcrumb\",\"itemListElement\":[{\"@type\":\"ListItem\",\"position\":1,\"name\":\"Portada\",\"item\":\"https:\\\/\\\/africansafari.travel\\\/fr\\\/\"},{\"@type\":\"ListItem\",\"position\":2,\"name\":\"Safari de lune de miel en Tanzanie\",\"item\":\"https:\\\/\\\/africansafari.travel\\\/fr\\\/luna-de-miel\\\/\"},{\"@type\":\"ListItem\",\"position\":3,\"name\":\"Lune de miel &#8211; 10 jours en Tanzanie et Zanzibar\"}]},{\"@type\":\"WebSite\",\"@id\":\"https:\\\/\\\/africansafari.travel\\\/fr\\\/#website\",\"url\":\"https:\\\/\\\/africansafari.travel\\\/fr\\\/\",\"name\":\"African Safari Travel\",\"description\":\"Safaris en Africa a medida\",\"potentialAction\":[{\"@type\":\"SearchAction\",\"target\":{\"@type\":\"EntryPoint\",\"urlTemplate\":\"https:\\\/\\\/africansafari.travel\\\/fr\\\/?s={search_term_string}\"},\"query-input\":{\"@type\":\"PropertyValueSpecification\",\"valueRequired\":true,\"valueName\":\"search_term_string\"}}],\"inLanguage\":\"fr-FR\"}]}<\/script>\n<!-- \/ Yoast SEO Premium plugin. -->","yoast_head_json":{"title":"Lune de miel de 10 jours en Zanzibar | African Safari Travel","description":"Vivez une lune de miel de r\u00eave en Tanzanie et \u00e0 Zanzibar. 10 jours remplis de romance, de safaris et de d\u00e9tente.","robots":{"index":"index","follow":"follow","max-snippet":"max-snippet:-1","max-image-preview":"max-image-preview:large","max-video-preview":"max-video-preview:-1"},"canonical":"https:\/\/africansafari.travel\/fr\/safari-de-lune-de-miel-en-tanzanie\/lune-de-miel-10-jours-en-tanzanie-et-zanzibar\/","og_locale":"fr_FR","og_type":"article","og_title":"Lune de miel - 10 jours en Tanzanie et Zanzibar","og_description":"Vivez une lune de miel de r\u00eave en Tanzanie et \u00e0 Zanzibar. 10 jours remplis de romance, de safaris et de d\u00e9tente.","og_url":"https:\/\/africansafari.travel\/fr\/safari-de-lune-de-miel-en-tanzanie\/lune-de-miel-10-jours-en-tanzanie-et-zanzibar\/","og_site_name":"African Safari Travel","article_modified_time":"2026-01-27T15:22:41+00:00","og_image":[{"width":2560,"height":1707,"url":"https:\/\/africansafari.travel\/wp-content\/uploads\/2025\/01\/dhow_cruise_zanzibar_beach-scaled.webp","type":"image\/webp"}],"twitter_card":"summary_large_image","twitter_misc":{"Dur\u00e9e de lecture estim\u00e9e":"4 minutes"},"schema":{"@context":"https:\/\/schema.org","@graph":[{"@type":"WebPage","@id":"https:\/\/africansafari.travel\/fr\/safari-de-lune-de-miel-en-tanzanie\/lune-de-miel-10-jours-en-tanzanie-et-zanzibar\/","url":"https:\/\/africansafari.travel\/fr\/safari-de-lune-de-miel-en-tanzanie\/lune-de-miel-10-jours-en-tanzanie-et-zanzibar\/","name":"Lune de miel de 10 jours en Zanzibar | African Safari Travel","isPartOf":{"@id":"https:\/\/africansafari.travel\/fr\/#website"},"primaryImageOfPage":{"@id":"https:\/\/africansafari.travel\/fr\/safari-de-lune-de-miel-en-tanzanie\/lune-de-miel-10-jours-en-tanzanie-et-zanzibar\/#primaryimage"},"image":{"@id":"https:\/\/africansafari.travel\/fr\/safari-de-lune-de-miel-en-tanzanie\/lune-de-miel-10-jours-en-tanzanie-et-zanzibar\/#primaryimage"},"thumbnailUrl":"https:\/\/africansafari.travel\/wp-content\/uploads\/2025\/01\/dhow_cruise_zanzibar_beach-scaled.webp","datePublished":"2024-12-12T09:43:33+00:00","dateModified":"2026-01-27T15:22:41+00:00","description":"Vivez une lune de miel de r\u00eave en Tanzanie et \u00e0 Zanzibar. 10 jours remplis de romance, de safaris et de d\u00e9tente.","breadcrumb":{"@id":"https:\/\/africansafari.travel\/fr\/safari-de-lune-de-miel-en-tanzanie\/lune-de-miel-10-jours-en-tanzanie-et-zanzibar\/#breadcrumb"},"inLanguage":"fr-FR","potentialAction":[{"@type":"ReadAction","target":["https:\/\/africansafari.travel\/fr\/safari-de-lune-de-miel-en-tanzanie\/lune-de-miel-10-jours-en-tanzanie-et-zanzibar\/"]}]},{"@type":"ImageObject","inLanguage":"fr-FR","@id":"https:\/\/africansafari.travel\/fr\/safari-de-lune-de-miel-en-tanzanie\/lune-de-miel-10-jours-en-tanzanie-et-zanzibar\/#primaryimage","url":"https:\/\/africansafari.travel\/wp-content\/uploads\/2025\/01\/dhow_cruise_zanzibar_beach-scaled.webp","contentUrl":"https:\/\/africansafari.travel\/wp-content\/uploads\/2025\/01\/dhow_cruise_zanzibar_beach-scaled.webp","width":2560,"height":1707},{"@type":"BreadcrumbList","@id":"https:\/\/africansafari.travel\/fr\/safari-de-lune-de-miel-en-tanzanie\/lune-de-miel-10-jours-en-tanzanie-et-zanzibar\/#breadcrumb","itemListElement":[{"@type":"ListItem","position":1,"name":"Portada","item":"https:\/\/africansafari.travel\/fr\/"},{"@type":"ListItem","position":2,"name":"Safari de lune de miel en Tanzanie","item":"https:\/\/africansafari.travel\/fr\/luna-de-miel\/"},{"@type":"ListItem","position":3,"name":"Lune de miel &#8211; 10 jours en Tanzanie et Zanzibar"}]},{"@type":"WebSite","@id":"https:\/\/africansafari.travel\/fr\/#website","url":"https:\/\/africansafari.travel\/fr\/","name":"African Safari Travel","description":"Safaris en Africa a medida","potentialAction":[{"@type":"SearchAction","target":{"@type":"EntryPoint","urlTemplate":"https:\/\/africansafari.travel\/fr\/?s={search_term_string}"},"query-input":{"@type":"PropertyValueSpecification","valueRequired":true,"valueName":"search_term_string"}}],"inLanguage":"fr-FR"}]}},"_links":{"self":[{"href":"https:\/\/africansafari.travel\/fr\/wp-json\/wp\/v2\/pages\/17514","targetHints":{"allow":["GET"]}}],"collection":[{"href":"https:\/\/africansafari.travel\/fr\/wp-json\/wp\/v2\/pages"}],"about":[{"href":"https:\/\/africansafari.travel\/fr\/wp-json\/wp\/v2\/types\/page"}],"author":[{"embeddable":true,"href":"https:\/\/africansafari.travel\/fr\/wp-json\/wp\/v2\/users\/2"}],"replies":[{"embeddable":true,"href":"https:\/\/africansafari.travel\/fr\/wp-json\/wp\/v2\/comments?post=17514"}],"version-history":[{"count":1,"href":"https:\/\/africansafari.travel\/fr\/wp-json\/wp\/v2\/pages\/17514\/revisions"}],"predecessor-version":[{"id":17542,"href":"https:\/\/africansafari.travel\/fr\/wp-json\/wp\/v2\/pages\/17514\/revisions\/17542"}],"up":[{"embeddable":true,"href":"https:\/\/africansafari.travel\/fr\/wp-json\/wp\/v2\/pages\/16221"}],"wp:featuredmedia":[{"embeddable":true,"href":"https:\/\/africansafari.travel\/fr\/wp-json\/wp\/v2\/media\/17516"}],"wp:attachment":[{"href":"https:\/\/africansafari.travel\/fr\/wp-json\/wp\/v2\/media?parent=17514"}],"wp:term":[{"taxonomy":"region_parques","embeddable":true,"href":"https:\/\/africansafari.travel\/fr\/wp-json\/wp\/v2\/region_parques?post=17514"}],"curies":[{"name":"wp","href":"https:\/\/api.w.org\/{rel}","templated":true}]}}