{"id":16582,"date":"2025-11-06T15:04:54","date_gmt":"2025-11-06T15:04:54","guid":{"rendered":"https:\/\/africansafari.travel\/?page_id=16582"},"modified":"2025-11-06T15:20:20","modified_gmt":"2025-11-06T15:20:20","slug":"mentions-legales","status":"publish","type":"page","link":"https:\/\/africansafari.travel\/fr\/mentions-legales\/","title":{"rendered":"Mentions l\u00e9gales"},"content":{"rendered":"\t\t<div data-elementor-type=\"wp-page\" data-elementor-id=\"16582\" class=\"elementor elementor-16582\" data-elementor-post-type=\"page\">\n\t\t\t\t<div class=\"elementor-element elementor-element-e219a2d e-flex e-con-boxed e-con e-parent\" data-id=\"e219a2d\" data-element_type=\"container\" data-e-type=\"container\">\n\t\t\t\t\t<div class=\"e-con-inner\">\n\t\t\t\t<div class=\"elementor-element elementor-element-56831a7 elementor-widget elementor-widget-heading\" data-id=\"56831a7\" data-element_type=\"widget\" data-e-type=\"widget\" data-widget_type=\"heading.default\">\n\t\t\t\t\t<h1 class=\"elementor-heading-title elementor-size-default\">Mentions l\u00e9gales \u2013 African Safari Travel<\/h1>\t\t\t\t<\/div>\n\t\t\t\t<div class=\"elementor-element elementor-element-4fea7f6 elementor-widget-divider--view-line elementor-widget elementor-widget-divider\" data-id=\"4fea7f6\" data-element_type=\"widget\" data-e-type=\"widget\" data-widget_type=\"divider.default\">\n\t\t\t\t\t\t\t<div class=\"elementor-divider\">\n\t\t\t<span class=\"elementor-divider-separator\">\n\t\t\t\t\t\t<\/span>\n\t\t<\/div>\n\t\t\t\t\t\t<\/div>\n\t\t\t\t<div class=\"elementor-element elementor-element-994bd8f elementor-widget elementor-widget-heading\" data-id=\"994bd8f\" data-element_type=\"widget\" data-e-type=\"widget\" data-widget_type=\"heading.default\">\n\t\t\t\t\t<h2 class=\"elementor-heading-title elementor-size-default\">1. Informations g\u00e9n\u00e9rales<\/h2>\t\t\t\t<\/div>\n\t\t\t\t<div class=\"elementor-element elementor-element-0dd843b elementor-widget elementor-widget-text-editor\" data-id=\"0dd843b\" data-element_type=\"widget\" data-e-type=\"widget\" data-widget_type=\"text-editor.default\">\n\t\t\t\t\t\t\t\t\tLe pr\u00e9sent site web, accessible \u00e0 l\u2019adresse https:\/\/africansafari.travel, est la propri\u00e9t\u00e9 de :\t\t\t\t\t\t\t\t<\/div>\n\t\t\t\t<div class=\"elementor-element elementor-element-ec87007 elementor-widget elementor-widget-text-editor\" data-id=\"ec87007\" data-element_type=\"widget\" data-e-type=\"widget\" data-widget_type=\"text-editor.default\">\n\t\t\t\t\t\t\t\t\t<p><strong>Raison sociale:<\/strong> African Safari Expeditions S.L. <br \/><strong>Nom commercial:<\/strong> African Safari Travel <br \/><strong>Si\u00e8ge social:<\/strong> Calle de Luis Ben\u00edtez Inglott 28, rez-de-chauss\u00e9e, porte 7, 35011 Las Palmas de Gran Canaria, Espagne. <br \/><strong>Num\u00e9ro d\u2019identification fiscale (CIF):<\/strong> B75373399 <br \/>T\u00e9l\u00e9phone : +34 611 902 467<br \/><strong>Adresse e-mail:<\/strong> info@africansafari.travel<br \/>Site web : https:\/\/africansafari.travel<\/p>\t\t\t\t\t\t\t\t<\/div>\n\t\t\t\t<div class=\"elementor-element elementor-element-8568ac2 elementor-widget-divider--view-line elementor-widget elementor-widget-divider\" data-id=\"8568ac2\" data-element_type=\"widget\" data-e-type=\"widget\" data-widget_type=\"divider.default\">\n\t\t\t\t\t\t\t<div class=\"elementor-divider\">\n\t\t\t<span class=\"elementor-divider-separator\">\n\t\t\t\t\t\t<\/span>\n\t\t<\/div>\n\t\t\t\t\t\t<\/div>\n\t\t\t\t<div class=\"elementor-element elementor-element-0459f71 elementor-widget elementor-widget-heading\" data-id=\"0459f71\" data-element_type=\"widget\" data-e-type=\"widget\" data-widget_type=\"heading.default\">\n\t\t\t\t\t<h2 class=\"elementor-heading-title elementor-size-default\">2. H\u00e9bergement du site<\/h2>\t\t\t\t<\/div>\n\t\t\t\t<div class=\"elementor-element elementor-element-ba1d6c7 elementor-widget elementor-widget-text-editor\" data-id=\"ba1d6c7\" data-element_type=\"widget\" data-e-type=\"widget\" data-widget_type=\"text-editor.default\">\n\t\t\t\t\t\t\t\t\t<p>Le site <strong>africansafari.travel<\/strong> est h\u00e9berg\u00e9 par :<\/p>\t\t\t\t\t\t\t\t<\/div>\n\t\t\t\t<div class=\"elementor-element elementor-element-fa6d05f elementor-widget elementor-widget-text-editor\" data-id=\"fa6d05f\" data-element_type=\"widget\" data-e-type=\"widget\" data-widget_type=\"text-editor.default\">\n\t\t\t\t\t\t\t\t\t<p><b>Nom de l\u2019h\u00e9bergeur :<\/b><span style=\"font-weight: 400;\"> Amazon Web Services EMEA SARL<\/span><br \/><b>Adresse :<\/b><span style=\"font-weight: 400;\"> 38 avenue John F. Kennedy, L-1855 Luxembourg<\/span><br \/><b>T\u00e9l\u00e9phone :<\/b><span style=\"font-weight: 400;\"> +352 2789 0057<\/span><br \/><strong>Site web:<\/strong> https:\/\/africansafari.travel<\/p>\t\t\t\t\t\t\t\t<\/div>\n\t\t\t\t<div class=\"elementor-element elementor-element-b56e9a1 elementor-widget elementor-widget-text-editor\" data-id=\"b56e9a1\" data-element_type=\"widget\" data-e-type=\"widget\" data-widget_type=\"text-editor.default\">\n\t\t\t\t\t\t\t\t\t<p>Amazon Web Services (AWS) fournit l\u2019infrastructure d\u2019h\u00e9bergement et les services cloud utilis\u00e9s par African Safari Travel pour garantir la disponibilit\u00e9, la s\u00e9curit\u00e9 et la performance du site web.<\/p>\t\t\t\t\t\t\t\t<\/div>\n\t\t\t\t<div class=\"elementor-element elementor-element-8478c2c elementor-widget-divider--view-line elementor-widget elementor-widget-divider\" data-id=\"8478c2c\" data-element_type=\"widget\" data-e-type=\"widget\" data-widget_type=\"divider.default\">\n\t\t\t\t\t\t\t<div class=\"elementor-divider\">\n\t\t\t<span class=\"elementor-divider-separator\">\n\t\t\t\t\t\t<\/span>\n\t\t<\/div>\n\t\t\t\t\t\t<\/div>\n\t\t\t\t<div class=\"elementor-element elementor-element-aaf81a6 elementor-widget elementor-widget-heading\" data-id=\"aaf81a6\" data-element_type=\"widget\" data-e-type=\"widget\" data-widget_type=\"heading.default\">\n\t\t\t\t\t<h2 class=\"elementor-heading-title elementor-size-default\">3. Directeur de la publication<\/h2>\t\t\t\t<\/div>\n\t\t\t\t<div class=\"elementor-element elementor-element-9655dd7 elementor-widget elementor-widget-text-editor\" data-id=\"9655dd7\" data-element_type=\"widget\" data-e-type=\"widget\" data-widget_type=\"text-editor.default\">\n\t\t\t\t\t\t\t\t\t<p><strong>Directeur de la publication:<\/strong> Alfredo S\u00e1nchez <br \/><strong>Contact:<\/strong> info@africansafari.travel<\/p>\t\t\t\t\t\t\t\t<\/div>\n\t\t\t\t<div class=\"elementor-element elementor-element-140d9a0 elementor-widget elementor-widget-text-editor\" data-id=\"140d9a0\" data-element_type=\"widget\" data-e-type=\"widget\" data-widget_type=\"text-editor.default\">\n\t\t\t\t\t\t\t\t\t<p>Le directeur de la publication est responsable du contenu \u00e9ditorial du site.<\/p>\t\t\t\t\t\t\t\t<\/div>\n\t\t\t\t<div class=\"elementor-element elementor-element-892fc16 elementor-widget-divider--view-line elementor-widget elementor-widget-divider\" data-id=\"892fc16\" data-element_type=\"widget\" data-e-type=\"widget\" data-widget_type=\"divider.default\">\n\t\t\t\t\t\t\t<div class=\"elementor-divider\">\n\t\t\t<span class=\"elementor-divider-separator\">\n\t\t\t\t\t\t<\/span>\n\t\t<\/div>\n\t\t\t\t\t\t<\/div>\n\t\t\t\t<div class=\"elementor-element elementor-element-29f5c06 elementor-widget elementor-widget-heading\" data-id=\"29f5c06\" data-element_type=\"widget\" data-e-type=\"widget\" data-widget_type=\"heading.default\">\n\t\t\t\t\t<h2 class=\"elementor-heading-title elementor-size-default\">4. Conception et maintenance<\/h2>\t\t\t\t<\/div>\n\t\t\t\t<div class=\"elementor-element elementor-element-29409be elementor-widget elementor-widget-text-editor\" data-id=\"29409be\" data-element_type=\"widget\" data-e-type=\"widget\" data-widget_type=\"text-editor.default\">\n\t\t\t\t\t\t\t\t\t<p><b>Conception et d\u00e9veloppement :<\/b><span style=\"font-weight: 400;\"> African Safari Travel \u2013 \u00c9quipe web interne<\/span><br \/><b>Maintenance technique :<\/b><span style=\"font-weight: 400;\"> African Safari Travel<\/span><\/p>\t\t\t\t\t\t\t\t<\/div>\n\t\t\t\t<div class=\"elementor-element elementor-element-4ca8b15 elementor-widget-divider--view-line elementor-widget elementor-widget-divider\" data-id=\"4ca8b15\" data-element_type=\"widget\" data-e-type=\"widget\" data-widget_type=\"divider.default\">\n\t\t\t\t\t\t\t<div class=\"elementor-divider\">\n\t\t\t<span class=\"elementor-divider-separator\">\n\t\t\t\t\t\t<\/span>\n\t\t<\/div>\n\t\t\t\t\t\t<\/div>\n\t\t\t\t<div class=\"elementor-element elementor-element-13f263f elementor-widget elementor-widget-heading\" data-id=\"13f263f\" data-element_type=\"widget\" data-e-type=\"widget\" data-widget_type=\"heading.default\">\n\t\t\t\t\t<h2 class=\"elementor-heading-title elementor-size-default\">5. Propri\u00e9t\u00e9 intellectuelle<\/h2>\t\t\t\t<\/div>\n\t\t\t\t<div class=\"elementor-element elementor-element-a03c2d2 elementor-widget elementor-widget-text-editor\" data-id=\"a03c2d2\" data-element_type=\"widget\" data-e-type=\"widget\" data-widget_type=\"text-editor.default\">\n\t\t\t\t\t\t\t\t\t<p>L\u2019ensemble du contenu du site (textes, images, photographies, vid\u00e9os, logos, \u00e9l\u00e9ments graphiques, structure, etc.) est la propri\u00e9t\u00e9 exclusive d\u2019African Safari Travel, sauf mention contraire.<br \/>Toute reproduction, repr\u00e9sentation, diffusion ou exploitation, totale ou partielle, du contenu du site sans autorisation \u00e9crite pr\u00e9alable est interdite et constitue une contrefa\u00e7on au sens du <strong>Code de la Propri\u00e9t\u00e9 Intellectuelle<\/strong> fran\u00e7ais.<\/p>\t\t\t\t\t\t\t\t<\/div>\n\t\t\t\t<div class=\"elementor-element elementor-element-6dcc8b2 elementor-widget elementor-widget-heading\" data-id=\"6dcc8b2\" data-element_type=\"widget\" data-e-type=\"widget\" data-widget_type=\"heading.default\">\n\t\t\t\t\t<h2 class=\"elementor-heading-title elementor-size-default\">6. Responsabilit\u00e9<\/h2>\t\t\t\t<\/div>\n\t\t\t\t<div class=\"elementor-element elementor-element-3ca243d elementor-widget elementor-widget-text-editor\" data-id=\"3ca243d\" data-element_type=\"widget\" data-e-type=\"widget\" data-widget_type=\"text-editor.default\">\n\t\t\t\t\t\t\t\t\t<p>African Safari Travel met tout en \u0153uvre pour assurer l\u2019exactitude des informations diffus\u00e9es sur le site. Toutefois, l\u2019Entreprise ne saurait \u00eatre tenue responsable : <\/p><ul><li>des erreurs, omissions ou inexactitudes \u00e9ventuelles ;<\/li><li>d\u2019une interruption ou indisponibilit\u00e9 temporaire du site ;<\/li><li>des dommages directs ou indirects r\u00e9sultant de l\u2019acc\u00e8s ou de l\u2019utilisation du site.<\/li><\/ul><p>Les liens hypertextes pr\u00e9sents sur le site peuvent renvoyer vers d\u2019autres sites tiers. African Safari Travel d\u00e9cline toute responsabilit\u00e9 quant au contenu de ces sites externes.<\/p>\t\t\t\t\t\t\t\t<\/div>\n\t\t\t\t<div class=\"elementor-element elementor-element-1034a1d elementor-widget elementor-widget-heading\" data-id=\"1034a1d\" data-element_type=\"widget\" data-e-type=\"widget\" data-widget_type=\"heading.default\">\n\t\t\t\t\t<h2 class=\"elementor-heading-title elementor-size-default\">7. Donn\u00e9es personnelles<\/h2>\t\t\t\t<\/div>\n\t\t\t\t<div class=\"elementor-element elementor-element-9d788ce elementor-widget elementor-widget-text-editor\" data-id=\"9d788ce\" data-element_type=\"widget\" data-e-type=\"widget\" data-widget_type=\"text-editor.default\">\n\t\t\t\t\t\t\t\t\t<p>Le traitement des donn\u00e9es collect\u00e9es via le site est r\u00e9gi par la <strong>Politique de Confidentialit\u00e9<\/strong> et la <strong>Politique relative aux cookies<\/strong> d\u2019African Safari Travel, conform\u00e9ment au <strong>R\u00e8glement G\u00e9n\u00e9ral sur la Protection des Donn\u00e9es (RGPD)<\/strong>.<\/p>\t\t\t\t\t\t\t\t<\/div>\n\t\t\t\t<div class=\"elementor-element elementor-element-8b77eb1 elementor-widget elementor-widget-heading\" data-id=\"8b77eb1\" data-element_type=\"widget\" data-e-type=\"widget\" data-widget_type=\"heading.default\">\n\t\t\t\t\t<h2 class=\"elementor-heading-title elementor-size-default\">8. Droit applicable<\/h2>\t\t\t\t<\/div>\n\t\t\t\t<div class=\"elementor-element elementor-element-8ef476b elementor-widget elementor-widget-text-editor\" data-id=\"8ef476b\" data-element_type=\"widget\" data-e-type=\"widget\" data-widget_type=\"text-editor.default\">\n\t\t\t\t\t\t\t\t\t<p>Les pr\u00e9sentes mentions l\u00e9gales sont r\u00e9gies par le <strong>droit espagnol<\/strong>.<br \/>En cas de litige, et sauf disposition l\u00e9gale contraire, comp\u00e9tence est attribu\u00e9e aux tribunaux de <strong>Las Palmas de Gran Canaria (Espagne)<\/strong>.<\/p>\t\t\t\t\t\t\t\t<\/div>\n\t\t\t\t<div class=\"elementor-element elementor-element-8e922a7 elementor-widget-divider--view-line elementor-widget elementor-widget-divider\" data-id=\"8e922a7\" data-element_type=\"widget\" data-e-type=\"widget\" data-widget_type=\"divider.default\">\n\t\t\t\t\t\t\t<div class=\"elementor-divider\">\n\t\t\t<span class=\"elementor-divider-separator\">\n\t\t\t\t\t\t<\/span>\n\t\t<\/div>\n\t\t\t\t\t\t<\/div>\n\t\t\t\t<div class=\"elementor-element elementor-element-0a3a904 elementor-widget elementor-widget-text-editor\" data-id=\"0a3a904\" data-element_type=\"widget\" data-e-type=\"widget\" data-widget_type=\"text-editor.default\">\n\t\t\t\t\t\t\t\t\t<p><b>Derni\u00e8re mise \u00e0 jour : 1\u1d49\u02b3 janvier 2025.<\/b><\/p>\t\t\t\t\t\t\t\t<\/div>\n\t\t\t\t<div class=\"elementor-element elementor-element-143867d elementor-widget-divider--view-line elementor-widget elementor-widget-divider\" data-id=\"143867d\" data-element_type=\"widget\" data-e-type=\"widget\" data-widget_type=\"divider.default\">\n\t\t\t\t\t\t\t<div class=\"elementor-divider\">\n\t\t\t<span class=\"elementor-divider-separator\">\n\t\t\t\t\t\t<\/span>\n\t\t<\/div>\n\t\t\t\t\t\t<\/div>\n\t\t\t\t<div class=\"elementor-element elementor-element-b83bfb5 elementor-widget elementor-widget-text-editor\" data-id=\"b83bfb5\" data-element_type=\"widget\" data-e-type=\"widget\" data-widget_type=\"text-editor.default\">\n\t\t\t\t\t\t\t\t\t<p>Chez African Safari Travel, nous nous engageons \u00e0 exercer nos activit\u00e9s en toute transparence et \u00e0 prot\u00e9ger la confiance de nos visiteurs.<\/p>\t\t\t\t\t\t\t\t<\/div>\n\t\t\t\t\t<\/div>\n\t\t\t\t<\/div>\n\t\t\t\t<\/div>\n\t\t","protected":false},"excerpt":{"rendered":"<p>Mentions l\u00e9gales \u2013 African Safari Travel 1. Informations g\u00e9n\u00e9rales Le pr\u00e9sent site web, accessible \u00e0 l\u2019adresse https:\/\/africansafari.travel, est la propri\u00e9t\u00e9 de : Raison sociale: African Safari Expeditions S.L. Nom commercial: African Safari Travel Si\u00e8ge social: Calle de Luis Ben\u00edtez Inglott 28, rez-de-chauss\u00e9e, porte 7, 35011 Las Palmas de Gran Canaria, Espagne. Num\u00e9ro d\u2019identification fiscale (CIF): [&hellip;]<\/p>\n","protected":false},"author":2,"featured_media":0,"parent":0,"menu_order":0,"comment_status":"closed","ping_status":"closed","template":"elementor_header_footer","meta":{"_acf_changed":false,"footnotes":""},"region_parques":[],"class_list":["post-16582","page","type-page","status-publish","hentry"],"blocksy_meta":[],"acf":[],"yoast_head":"<!-- This site is optimized with the Yoast SEO Premium plugin v26.5 (Yoast SEO v27.4) - https:\/\/yoast.com\/product\/yoast-seo-premium-wordpress\/ -->\n<title>Mentions l\u00e9gales - African Safari Travel<\/title>\n<meta name=\"robots\" content=\"index, follow, max-snippet:-1, max-image-preview:large, max-video-preview:-1\" \/>\n<link rel=\"canonical\" href=\"https:\/\/africansafari.travel\/fr\/mentions-legales\/\" \/>\n<meta property=\"og:locale\" content=\"fr_FR\" \/>\n<meta property=\"og:type\" content=\"article\" \/>\n<meta property=\"og:title\" content=\"Mentions l\u00e9gales\" \/>\n<meta property=\"og:description\" content=\"Mentions l\u00e9gales \u2013 African Safari Travel 1. Informations g\u00e9n\u00e9rales Le pr\u00e9sent site web, accessible \u00e0 l\u2019adresse https:\/\/africansafari.travel, est la propri\u00e9t\u00e9 de : Raison sociale: African Safari Expeditions S.L. Nom commercial: African Safari Travel Si\u00e8ge social: Calle de Luis Ben\u00edtez Inglott 28, rez-de-chauss\u00e9e, porte 7, 35011 Las Palmas de Gran Canaria, Espagne. Num\u00e9ro d\u2019identification fiscale (CIF): [&hellip;]\" \/>\n<meta property=\"og:url\" content=\"https:\/\/africansafari.travel\/fr\/mentions-legales\/\" \/>\n<meta property=\"og:site_name\" content=\"African Safari Travel\" \/>\n<meta property=\"article:modified_time\" content=\"2025-11-06T15:20:20+00:00\" \/>\n<meta property=\"og:image\" content=\"https:\/\/africansafari.travel\/wp-content\/uploads\/2024\/12\/logo.png\" \/>\n\t<meta property=\"og:image:width\" content=\"1024\" \/>\n\t<meta property=\"og:image:height\" content=\"344\" \/>\n\t<meta property=\"og:image:type\" content=\"image\/png\" \/>\n<meta name=\"twitter:card\" content=\"summary_large_image\" \/>\n<meta name=\"twitter:label1\" content=\"Dur\u00e9e de lecture estim\u00e9e\" \/>\n\t<meta name=\"twitter:data1\" content=\"3 minutes\" \/>\n<script type=\"application\/ld+json\" class=\"yoast-schema-graph\">{\"@context\":\"https:\\\/\\\/schema.org\",\"@graph\":[{\"@type\":\"WebPage\",\"@id\":\"https:\\\/\\\/africansafari.travel\\\/fr\\\/mentions-legales\\\/\",\"url\":\"https:\\\/\\\/africansafari.travel\\\/fr\\\/mentions-legales\\\/\",\"name\":\"Mentions l\u00e9gales - African Safari Travel\",\"isPartOf\":{\"@id\":\"https:\\\/\\\/africansafari.travel\\\/fr\\\/#website\"},\"datePublished\":\"2025-11-06T15:04:54+00:00\",\"dateModified\":\"2025-11-06T15:20:20+00:00\",\"breadcrumb\":{\"@id\":\"https:\\\/\\\/africansafari.travel\\\/fr\\\/mentions-legales\\\/#breadcrumb\"},\"inLanguage\":\"fr-FR\",\"potentialAction\":[{\"@type\":\"ReadAction\",\"target\":[\"https:\\\/\\\/africansafari.travel\\\/fr\\\/mentions-legales\\\/\"]}]},{\"@type\":\"BreadcrumbList\",\"@id\":\"https:\\\/\\\/africansafari.travel\\\/fr\\\/mentions-legales\\\/#breadcrumb\",\"itemListElement\":[{\"@type\":\"ListItem\",\"position\":1,\"name\":\"Portada\",\"item\":\"https:\\\/\\\/africansafari.travel\\\/fr\\\/\"},{\"@type\":\"ListItem\",\"position\":2,\"name\":\"Mentions l\u00e9gales\"}]},{\"@type\":\"WebSite\",\"@id\":\"https:\\\/\\\/africansafari.travel\\\/fr\\\/#website\",\"url\":\"https:\\\/\\\/africansafari.travel\\\/fr\\\/\",\"name\":\"African Safari Travel\",\"description\":\"Safaris en Africa a medida\",\"potentialAction\":[{\"@type\":\"SearchAction\",\"target\":{\"@type\":\"EntryPoint\",\"urlTemplate\":\"https:\\\/\\\/africansafari.travel\\\/fr\\\/?s={search_term_string}\"},\"query-input\":{\"@type\":\"PropertyValueSpecification\",\"valueRequired\":true,\"valueName\":\"search_term_string\"}}],\"inLanguage\":\"fr-FR\"}]}<\/script>\n<!-- \/ Yoast SEO Premium plugin. -->","yoast_head_json":{"title":"Mentions l\u00e9gales - African Safari Travel","robots":{"index":"index","follow":"follow","max-snippet":"max-snippet:-1","max-image-preview":"max-image-preview:large","max-video-preview":"max-video-preview:-1"},"canonical":"https:\/\/africansafari.travel\/fr\/mentions-legales\/","og_locale":"fr_FR","og_type":"article","og_title":"Mentions l\u00e9gales","og_description":"Mentions l\u00e9gales \u2013 African Safari Travel 1. Informations g\u00e9n\u00e9rales Le pr\u00e9sent site web, accessible \u00e0 l\u2019adresse https:\/\/africansafari.travel, est la propri\u00e9t\u00e9 de : Raison sociale: African Safari Expeditions S.L. Nom commercial: African Safari Travel Si\u00e8ge social: Calle de Luis Ben\u00edtez Inglott 28, rez-de-chauss\u00e9e, porte 7, 35011 Las Palmas de Gran Canaria, Espagne. Num\u00e9ro d\u2019identification fiscale (CIF): [&hellip;]","og_url":"https:\/\/africansafari.travel\/fr\/mentions-legales\/","og_site_name":"African Safari Travel","article_modified_time":"2025-11-06T15:20:20+00:00","og_image":[{"width":1024,"height":344,"url":"https:\/\/africansafari.travel\/wp-content\/uploads\/2024\/12\/logo.png","type":"image\/png"}],"twitter_card":"summary_large_image","twitter_misc":{"Dur\u00e9e de lecture estim\u00e9e":"3 minutes"},"schema":{"@context":"https:\/\/schema.org","@graph":[{"@type":"WebPage","@id":"https:\/\/africansafari.travel\/fr\/mentions-legales\/","url":"https:\/\/africansafari.travel\/fr\/mentions-legales\/","name":"Mentions l\u00e9gales - African Safari Travel","isPartOf":{"@id":"https:\/\/africansafari.travel\/fr\/#website"},"datePublished":"2025-11-06T15:04:54+00:00","dateModified":"2025-11-06T15:20:20+00:00","breadcrumb":{"@id":"https:\/\/africansafari.travel\/fr\/mentions-legales\/#breadcrumb"},"inLanguage":"fr-FR","potentialAction":[{"@type":"ReadAction","target":["https:\/\/africansafari.travel\/fr\/mentions-legales\/"]}]},{"@type":"BreadcrumbList","@id":"https:\/\/africansafari.travel\/fr\/mentions-legales\/#breadcrumb","itemListElement":[{"@type":"ListItem","position":1,"name":"Portada","item":"https:\/\/africansafari.travel\/fr\/"},{"@type":"ListItem","position":2,"name":"Mentions l\u00e9gales"}]},{"@type":"WebSite","@id":"https:\/\/africansafari.travel\/fr\/#website","url":"https:\/\/africansafari.travel\/fr\/","name":"African Safari Travel","description":"Safaris en Africa a medida","potentialAction":[{"@type":"SearchAction","target":{"@type":"EntryPoint","urlTemplate":"https:\/\/africansafari.travel\/fr\/?s={search_term_string}"},"query-input":{"@type":"PropertyValueSpecification","valueRequired":true,"valueName":"search_term_string"}}],"inLanguage":"fr-FR"}]}},"_links":{"self":[{"href":"https:\/\/africansafari.travel\/fr\/wp-json\/wp\/v2\/pages\/16582","targetHints":{"allow":["GET"]}}],"collection":[{"href":"https:\/\/africansafari.travel\/fr\/wp-json\/wp\/v2\/pages"}],"about":[{"href":"https:\/\/africansafari.travel\/fr\/wp-json\/wp\/v2\/types\/page"}],"author":[{"embeddable":true,"href":"https:\/\/africansafari.travel\/fr\/wp-json\/wp\/v2\/users\/2"}],"replies":[{"embeddable":true,"href":"https:\/\/africansafari.travel\/fr\/wp-json\/wp\/v2\/comments?post=16582"}],"version-history":[{"count":0,"href":"https:\/\/africansafari.travel\/fr\/wp-json\/wp\/v2\/pages\/16582\/revisions"}],"wp:attachment":[{"href":"https:\/\/africansafari.travel\/fr\/wp-json\/wp\/v2\/media?parent=16582"}],"wp:term":[{"taxonomy":"region_parques","embeddable":true,"href":"https:\/\/africansafari.travel\/fr\/wp-json\/wp\/v2\/region_parques?post=16582"}],"curies":[{"name":"wp","href":"https:\/\/api.w.org\/{rel}","templated":true}]}}