{"id":16169,"date":"2025-01-03T09:37:22","date_gmt":"2025-01-03T09:37:22","guid":{"rendered":"https:\/\/africansafari.travel\/zanzibar\/"},"modified":"2026-01-26T12:18:04","modified_gmt":"2026-01-26T12:18:04","slug":"zanzibar","status":"publish","type":"page","link":"https:\/\/africansafari.travel\/fr\/zanzibar\/","title":{"rendered":"Zanz\u00edbar"},"content":{"rendered":"\t\t<div data-elementor-type=\"wp-page\" data-elementor-id=\"16169\" class=\"elementor elementor-16169 elementor-9826\" data-elementor-post-type=\"page\">\n\t\t\t\t<div class=\"elementor-element elementor-element-a6bd4c4 e-flex e-con-boxed e-con e-parent\" data-id=\"a6bd4c4\" data-element_type=\"container\" data-e-type=\"container\" data-settings=\"{&quot;background_background&quot;:&quot;classic&quot;}\">\n\t\t\t\t\t<div class=\"e-con-inner\">\n\t\t<div class=\"elementor-element elementor-element-16bb220 e-con-full e-flex e-con e-child\" data-id=\"16bb220\" data-element_type=\"container\" data-e-type=\"container\">\n\t\t\t\t<div class=\"elementor-element elementor-element-43f4e06 elementor-widget-mobile__width-initial elementor-widget elementor-widget-heading\" data-id=\"43f4e06\" data-element_type=\"widget\" data-e-type=\"widget\" data-widget_type=\"heading.default\">\n\t\t\t\t\t<h1 class=\"elementor-heading-title elementor-size-default\">Zanz\u00edbar<\/h1>\t\t\t\t<\/div>\n\t\t\t\t<div class=\"elementor-element elementor-element-1f472a9 elementor-widget elementor-widget-heading\" data-id=\"1f472a9\" data-element_type=\"widget\" data-e-type=\"widget\" data-widget_type=\"heading.default\">\n\t\t\t\t\t<h4 class=\"elementor-heading-title elementor-size-default\">Vivez l'exp\u00e9rience \u00e0 Zanzibar avec l'aide <br>d'experts gr\u00e2ce \u00e0 African Safari Travel<\/h4>\t\t\t\t<\/div>\n\t\t\t\t<\/div>\n\t\t\t\t\t<\/div>\n\t\t\t\t<\/div>\n\t\t<div class=\"elementor-element elementor-element-1556a0f e-con-full e-flex e-con e-parent\" data-id=\"1556a0f\" data-element_type=\"container\" data-e-type=\"container\">\n\t\t\t\t<div class=\"elementor-element elementor-element-90fa52a elementor-widget elementor-widget-heading\" data-id=\"90fa52a\" data-element_type=\"widget\" data-e-type=\"widget\" data-widget_type=\"heading.default\">\n\t\t\t\t\t<h2 class=\"elementor-heading-title elementor-size-default\">Plages paradisiaques \u00e0 Zanzibar avec African Safari Travel<\/h2>\t\t\t\t<\/div>\n\t\t\t\t<div class=\"elementor-element elementor-element-02ea7c8 elementor-widget elementor-widget-text-editor\" data-id=\"02ea7c8\" data-element_type=\"widget\" data-e-type=\"widget\" data-widget_type=\"text-editor.default\">\n\t\t\t\t\t\t\t\t\t<p>Chez <strong>African Safari Travel<\/strong>, nous vous emmenons explorer l&rsquo;\u00eele magique de <strong>Zanzibar<\/strong>, un v\u00e9ritable <strong>paradis tropical<\/strong> au large des c\u00f4tes de la Tanzanie. Avec ses <strong>plages de sable blanc<\/strong>, ses eaux cristallines et sa culture vibrante, <strong>Zanzibar<\/strong> est la destination id\u00e9ale pour ceux qui recherchent la <strong>d\u00e9tente<\/strong>, l&rsquo;<strong>aventure<\/strong> et une connexion profonde avec la beaut\u00e9 de l&rsquo;<strong>oc\u00e9an Indien<\/strong>.<\/p>\n\n<p>Nous travaillons avec les meilleurs <strong>resorts<\/strong> et <strong>guides locaux<\/strong> pour vous offrir une <strong>exp\u00e9rience inoubliable<\/strong>, que vous pr\u00e9f\u00e9riez vous d\u00e9tendre dans un resort exclusif en bord de mer, plonger dans des <strong>r\u00e9cifs coralliens color\u00e9s<\/strong> ou vous plonger dans la riche histoire de <strong>Stone Town<\/strong>, class\u00e9e au patrimoine mondial de l&rsquo;UNESCO. <strong>R\u00e9servez avec nous<\/strong> et d\u00e9couvrez pourquoi <strong>Zanzibar<\/strong> est connue comme \u00ab le joyau de l&rsquo;oc\u00e9an Indien.<\/p>\n\t\t\t\t\t\t\t\t<\/div>\n\t\t\t\t<\/div>\n\t\t<div class=\"elementor-element elementor-element-c895314 e-con-full e-flex e-con e-parent\" data-id=\"c895314\" data-element_type=\"container\" data-e-type=\"container\">\n\t\t\t\t<div class=\"elementor-element elementor-element-06108f4 elementor-grid-4 elementor-grid-mobile-2 elementor-grid-tablet-2 elementor-widget elementor-widget-loop-grid\" data-id=\"06108f4\" data-element_type=\"widget\" data-e-type=\"widget\" data-settings=\"{&quot;template_id&quot;:15870,&quot;columns&quot;:4,&quot;pagination_type&quot;:&quot;load_more_infinite_scroll&quot;,&quot;columns_mobile&quot;:2,&quot;row_gap_mobile&quot;:{&quot;unit&quot;:&quot;px&quot;,&quot;size&quot;:10,&quot;sizes&quot;:[]},&quot;row_gap&quot;:{&quot;unit&quot;:&quot;px&quot;,&quot;size&quot;:10,&quot;sizes&quot;:[]},&quot;_skin&quot;:&quot;post&quot;,&quot;columns_tablet&quot;:&quot;2&quot;,&quot;edit_handle_selector&quot;:&quot;[data-elementor-type=\\&quot;loop-item\\&quot;]&quot;,&quot;load_more_spinner&quot;:{&quot;value&quot;:&quot;fas fa-spinner&quot;,&quot;library&quot;:&quot;fa-solid&quot;},&quot;row_gap_tablet&quot;:{&quot;unit&quot;:&quot;px&quot;,&quot;size&quot;:&quot;&quot;,&quot;sizes&quot;:[]}}\" data-widget_type=\"loop-grid.post\">\n\t\t\t\t<div class=\"elementor-widget-container\">\n\t\t\t\t\t\t\t<div class=\"e-loop-nothing-found-message\">\n\t\t<\/div>\n\t\t\t\t\t\t<\/div>\n\t\t\t\t<\/div>\n\t\t\t\t<\/div>\n\t\t<div class=\"elementor-element elementor-element-6daae29 e-con-full e-flex e-con e-parent\" data-id=\"6daae29\" data-element_type=\"container\" data-e-type=\"container\" data-settings=\"{&quot;background_background&quot;:&quot;classic&quot;,&quot;shape_divider_bottom&quot;:&quot;mountains&quot;}\">\n\t\t\t\t<div class=\"elementor-shape elementor-shape-bottom\" aria-hidden=\"true\" data-negative=\"false\">\n\t\t\t<svg xmlns=\"http:\/\/www.w3.org\/2000\/svg\" viewBox=\"0 0 1000 100\" preserveAspectRatio=\"none\">\n\t<path class=\"elementor-shape-fill\" opacity=\"0.33\" d=\"M473,67.3c-203.9,88.3-263.1-34-320.3,0C66,119.1,0,59.7,0,59.7V0h1000v59.7 c0,0-62.1,26.1-94.9,29.3c-32.8,3.3-62.8-12.3-75.8-22.1C806,49.6,745.3,8.7,694.9,4.7S492.4,59,473,67.3z\"\/>\n\t<path class=\"elementor-shape-fill\" opacity=\"0.66\" d=\"M734,67.3c-45.5,0-77.2-23.2-129.1-39.1c-28.6-8.7-150.3-10.1-254,39.1 s-91.7-34.4-149.2,0C115.7,118.3,0,39.8,0,39.8V0h1000v36.5c0,0-28.2-18.5-92.1-18.5C810.2,18.1,775.7,67.3,734,67.3z\"\/>\n\t<path class=\"elementor-shape-fill\" d=\"M766.1,28.9c-200-57.5-266,65.5-395.1,19.5C242,1.8,242,5.4,184.8,20.6C128,35.8,132.3,44.9,89.9,52.5C28.6,63.7,0,0,0,0 h1000c0,0-9.9,40.9-83.6,48.1S829.6,47,766.1,28.9z\"\/>\n<\/svg>\t\t<\/div>\n\t\t<div class=\"elementor-element elementor-element-cb6f137 e-con-full e-flex e-con e-child\" data-id=\"cb6f137\" data-element_type=\"container\" data-e-type=\"container\">\n\t\t\t\t<div class=\"elementor-element elementor-element-b366fc2 elementor-widget elementor-widget-heading\" data-id=\"b366fc2\" data-element_type=\"widget\" data-e-type=\"widget\" data-widget_type=\"heading.default\">\n\t\t\t\t\t<h3 class=\"elementor-heading-title elementor-size-default\">African Safari Travel<\/h3>\t\t\t\t<\/div>\n\t\t\t\t<div class=\"elementor-element elementor-element-4880da6 elementor-widget elementor-widget-heading\" data-id=\"4880da6\" data-element_type=\"widget\" data-e-type=\"widget\" data-widget_type=\"heading.default\">\n\t\t\t\t\t<h3 class=\"elementor-heading-title elementor-size-default\">D\u00e9couvrez la Tanzanie avec une \u00e9quipe professionnelle<\/h3>\t\t\t\t<\/div>\n\t\t\t\t<div class=\"elementor-element elementor-element-276cfdb elementor-widget elementor-widget-text-editor\" data-id=\"276cfdb\" data-element_type=\"widget\" data-e-type=\"widget\" data-widget_type=\"text-editor.default\">\n\t\t\t\t\t\t\t\t\tChez <strong>African Safari<\/strong>, nous sommes sp\u00e9cialis\u00e9s dans la cr\u00e9ation d&rsquo;exp\u00e9riences inoubliables en Tanzanie, l&rsquo;une des destinations les plus fascinantes du continent africain. Notre engagement est de vous offrir une combinaison parfaite entre aventure, nature et confort, afin que vous viviez une connexion unique avec ce merveilleux pays.\n\nLa Tanzanie est un lieu de contrastes et d&rsquo;une beaut\u00e9 incomparable, qui abrite certains des parcs nationaux les plus embl\u00e9matiques du monde, tels que le <strong>Serengeti<\/strong>, le <strong>crat\u00e8re du Ngorongoro<\/strong> et le <strong>parc national de Tarangire<\/strong>. Elle est \u00e9galement le th\u00e9\u00e2tre d&rsquo;\u00e9v\u00e9nements spectaculaires tels que la <strong>Grande Migration<\/strong>, au cours de laquelle des millions de gnous et de z\u00e8bres traversent la rivi\u00e8re Mara \u00e0 la recherche de nouvelles terres. De plus, la Tanzanie offre des plages paradisiaques \u00e0 <strong>Zanzibar<\/strong>, parfaites pour se d\u00e9tendre apr\u00e8s un safari.\t\t\t\t\t\t\t\t<\/div>\n\t\t\t\t<\/div>\n\t\t\t\t<\/div>\n\t\t<div class=\"elementor-element elementor-element-b1cd9f2 e-con-full e-flex e-con e-parent\" data-id=\"b1cd9f2\" data-element_type=\"container\" data-e-type=\"container\">\n\t\t\t\t<div class=\"elementor-element elementor-element-2632e39 elementor-widget elementor-widget-heading\" data-id=\"2632e39\" data-element_type=\"widget\" data-e-type=\"widget\" data-widget_type=\"heading.default\">\n\t\t\t\t\t<h2 class=\"elementor-heading-title elementor-size-default\">Pourquoi choisir Zanzibar comme prochaine destination ?<\/h2>\t\t\t\t<\/div>\n\t\t\t\t<div class=\"elementor-element elementor-element-6bfc99f elementor-widget elementor-widget-text-editor\" data-id=\"6bfc99f\" data-element_type=\"widget\" data-e-type=\"widget\" data-widget_type=\"text-editor.default\">\n\t\t\t\t\t\t\t\t\t<p>Zanzibar est bien plus qu&rsquo;une simple destination baln\u00e9aire. Chez African Safari Travel, nous comprenons que chaque voyageur recherche une exp\u00e9rience unique et compl\u00e8te. C&rsquo;est pourquoi nous proposons une vari\u00e9t\u00e9 d&rsquo;activit\u00e9s et d&rsquo;h\u00e9bergements pour que vous puissiez profiter de Zanzibar comme vous le souhaitez.<\/p><p>D\u00e9tendez-vous dans des complexes h\u00f4teliers luxueux en bord de mer, explorez les spectaculaires r\u00e9cifs coralliens en faisant de la plong\u00e9e avec tuba ou sous-marine, ou vivez des moments uniques en d\u00e9couvrant la riche histoire et la culture locale. De plus, pour les amoureux de la nature, nous organisons des excursions vers des sites tels que la r\u00e9serve foresti\u00e8re de Jozani, qui abrite les c\u00e9l\u00e8bres singes colobes rouges, une esp\u00e8ce end\u00e9mique de l&rsquo;\u00eele.<\/p>\t\t\t\t\t\t\t\t<\/div>\n\t\t\t\t<\/div>\n\t\t<div class=\"elementor-element elementor-element-2eb8ff2 e-con-full e-flex e-con e-parent\" data-id=\"2eb8ff2\" data-element_type=\"container\" data-e-type=\"container\" data-settings=\"{&quot;background_background&quot;:&quot;classic&quot;,&quot;shape_divider_bottom&quot;:&quot;mountains&quot;}\">\n\t\t\t\t<div class=\"elementor-shape elementor-shape-bottom\" aria-hidden=\"true\" data-negative=\"false\">\n\t\t\t<svg xmlns=\"http:\/\/www.w3.org\/2000\/svg\" viewBox=\"0 0 1000 100\" preserveAspectRatio=\"none\">\n\t<path class=\"elementor-shape-fill\" opacity=\"0.33\" d=\"M473,67.3c-203.9,88.3-263.1-34-320.3,0C66,119.1,0,59.7,0,59.7V0h1000v59.7 c0,0-62.1,26.1-94.9,29.3c-32.8,3.3-62.8-12.3-75.8-22.1C806,49.6,745.3,8.7,694.9,4.7S492.4,59,473,67.3z\"\/>\n\t<path class=\"elementor-shape-fill\" opacity=\"0.66\" d=\"M734,67.3c-45.5,0-77.2-23.2-129.1-39.1c-28.6-8.7-150.3-10.1-254,39.1 s-91.7-34.4-149.2,0C115.7,118.3,0,39.8,0,39.8V0h1000v36.5c0,0-28.2-18.5-92.1-18.5C810.2,18.1,775.7,67.3,734,67.3z\"\/>\n\t<path class=\"elementor-shape-fill\" d=\"M766.1,28.9c-200-57.5-266,65.5-395.1,19.5C242,1.8,242,5.4,184.8,20.6C128,35.8,132.3,44.9,89.9,52.5C28.6,63.7,0,0,0,0 h1000c0,0-9.9,40.9-83.6,48.1S829.6,47,766.1,28.9z\"\/>\n<\/svg>\t\t<\/div>\n\t\t<div class=\"elementor-element elementor-element-793d706 e-con-full e-flex e-con e-child\" data-id=\"793d706\" data-element_type=\"container\" data-e-type=\"container\">\n\t\t\t\t<div class=\"elementor-element elementor-element-de700d1 elementor-widget elementor-widget-heading\" data-id=\"de700d1\" data-element_type=\"widget\" data-e-type=\"widget\" data-widget_type=\"heading.default\">\n\t\t\t\t\t<h2 class=\"elementor-heading-title elementor-size-default\">Exp\u00e9riences uniques \u00e0 Zanzibar avec African Safari Travel<\/h2>\t\t\t\t<\/div>\n\t\t\t\t<div class=\"elementor-element elementor-element-733bbc3 elementor-widget elementor-widget-gallery\" data-id=\"733bbc3\" data-element_type=\"widget\" data-e-type=\"widget\" data-settings=\"{&quot;gap&quot;:{&quot;unit&quot;:&quot;px&quot;,&quot;size&quot;:2,&quot;sizes&quot;:[]},&quot;gallery_layout&quot;:&quot;justified&quot;,&quot;ideal_row_height&quot;:{&quot;unit&quot;:&quot;px&quot;,&quot;size&quot;:279,&quot;sizes&quot;:[]},&quot;lazyload&quot;:&quot;yes&quot;,&quot;ideal_row_height_tablet&quot;:{&quot;unit&quot;:&quot;px&quot;,&quot;size&quot;:150,&quot;sizes&quot;:[]},&quot;ideal_row_height_mobile&quot;:{&quot;unit&quot;:&quot;px&quot;,&quot;size&quot;:150,&quot;sizes&quot;:[]},&quot;gap_tablet&quot;:{&quot;unit&quot;:&quot;px&quot;,&quot;size&quot;:10,&quot;sizes&quot;:[]},&quot;gap_mobile&quot;:{&quot;unit&quot;:&quot;px&quot;,&quot;size&quot;:10,&quot;sizes&quot;:[]},&quot;overlay_background&quot;:&quot;yes&quot;,&quot;content_hover_animation&quot;:&quot;fade-in&quot;}\" data-widget_type=\"gallery.default\">\n\t\t\t\t\t\t\t<div class=\"elementor-gallery__container\">\n\t\t\t\t\t\t\t<div class=\"e-gallery-item elementor-gallery-item elementor-animated-content\">\n\t\t\t\t\t<div class=\"e-gallery-image elementor-gallery-item__image\" data-thumbnail=\"https:\/\/africansafari.travel\/wp-content\/uploads\/2025\/09\/luxury-4x4-1.webp\" data-width=\"1200\" data-height=\"791\" aria-label=\"\" role=\"img\" ><\/div>\n\t\t\t\t\t\t\t\t\t\t\t<div class=\"elementor-gallery-item__overlay\"><\/div>\n\t\t\t\t\t\t\t\t\t\t\t\t\t\t<\/div>\n\t\t\t\t\t\t\t<div class=\"e-gallery-item elementor-gallery-item elementor-animated-content\">\n\t\t\t\t\t<div class=\"e-gallery-image elementor-gallery-item__image\" data-thumbnail=\"https:\/\/africansafari.travel\/wp-content\/uploads\/2025\/09\/Jirafa-caminando.webp\" data-width=\"1080\" data-height=\"1616\" aria-label=\"\" role=\"img\" ><\/div>\n\t\t\t\t\t\t\t\t\t\t\t<div class=\"elementor-gallery-item__overlay\"><\/div>\n\t\t\t\t\t\t\t\t\t\t\t\t\t\t<\/div>\n\t\t\t\t\t\t\t<div class=\"e-gallery-item elementor-gallery-item elementor-animated-content\">\n\t\t\t\t\t<div class=\"e-gallery-image elementor-gallery-item__image\" data-thumbnail=\"https:\/\/africansafari.travel\/wp-content\/uploads\/2025\/05\/Serena-Mivumo-River-Lodge.jpg\" data-width=\"1024\" data-height=\"681\" aria-label=\"\" role=\"img\" ><\/div>\n\t\t\t\t\t\t\t\t\t\t\t<div class=\"elementor-gallery-item__overlay\"><\/div>\n\t\t\t\t\t\t\t\t\t\t\t\t\t\t<\/div>\n\t\t\t\t\t<\/div>\n\t\t\t\t\t<\/div>\n\t\t\t\t<div class=\"elementor-element elementor-element-67e8bca elementor-widget elementor-widget-text-editor\" data-id=\"67e8bca\" data-element_type=\"widget\" data-e-type=\"widget\" data-widget_type=\"text-editor.default\">\n\t\t\t\t\t\t\t\t\t<p>Chez African Safari Travel, nous pensons que chaque voyage \u00e0 Zanzibar doit \u00eatre une exp\u00e9rience inoubliable. Nous concevons chaque itin\u00e9raire pour vous permettre de vous connecter \u00e0 l&rsquo;essence m\u00eame de l&rsquo;\u00eele. Imaginez-vous en train de profiter d&rsquo;un d\u00eener romantique sous les \u00e9toiles sur une plage d\u00e9serte, d&rsquo;explorer la ville historique de Stone Town avec un guide expert ou de participer \u00e0 une visite guid\u00e9e sur le th\u00e8me des \u00e9pices o\u00f9 vous d\u00e9couvrirez l&rsquo;h\u00e9ritage agricole de l&rsquo;\u00eele.<\/p><p>Pour les plus aventureux, nous proposons des excursions vers les \u00eeles voisines telles que Pemba ou Mafia, o\u00f9 vous pourrez d\u00e9couvrir encore plus de merveilles de l&rsquo;oc\u00e9an Indien. Et si vous recherchez la d\u00e9tente, nos options de complexes h\u00f4teliers de luxe vous permettront de vous d\u00e9connecter compl\u00e8tement tout en profitant de la brise marine et de vues imprenables.<\/p><p>Avec African Safari Travel, Zanzibar n&rsquo;est pas seulement une destination, mais une exp\u00e9rience qui combine luxe, aventure et culture dans un cadre paradisiaque.<\/p>\t\t\t\t\t\t\t\t<\/div>\n\t\t\t\t<\/div>\n\t\t\t\t<\/div>\n\t\t\t\t<\/div>\n\t\t","protected":false},"excerpt":{"rendered":"<p>Vivez l&rsquo;exp\u00e9rience \u00e0 Zanzibar avec l&rsquo;aide d&rsquo;experts gr\u00e2ce \u00e0 African Safari Travel Plages paradisiaques \u00e0 Zanzibar avec African Safari Travel Chez African Safari Travel, nous vous emmenons explorer l&rsquo;\u00eele magique de Zanzibar, un v\u00e9ritable paradis tropical au large des c\u00f4tes de la Tanzanie. Avec ses plages de sable blanc, ses eaux cristallines et sa culture [&hellip;]<\/p>\n","protected":false},"author":2,"featured_media":16170,"parent":0,"menu_order":0,"comment_status":"closed","ping_status":"closed","template":"elementor_header_footer","meta":{"_acf_changed":false,"footnotes":""},"region_parques":[],"class_list":["post-16169","page","type-page","status-publish","has-post-thumbnail","hentry"],"blocksy_meta":[],"acf":[],"yoast_head":"<!-- This site is optimized with the Yoast SEO Premium plugin v26.5 (Yoast SEO v27.4) - https:\/\/yoast.com\/product\/yoast-seo-premium-wordpress\/ -->\n<title>Zanz\u00edbar - African Safari Travel<\/title>\n<meta name=\"description\" content=\"D\u00e9couvrez Zanzibar avec African Safari. Des plages de sable blanc, des eaux cristallines et une riche culture swahili vous attendent dans ce paradis.\" \/>\n<meta name=\"robots\" content=\"index, follow, max-snippet:-1, max-image-preview:large, max-video-preview:-1\" \/>\n<link rel=\"canonical\" href=\"https:\/\/africansafari.travel\/fr\/zanzibar\/\" \/>\n<meta property=\"og:locale\" content=\"fr_FR\" \/>\n<meta property=\"og:type\" content=\"article\" \/>\n<meta property=\"og:title\" content=\"Zanz\u00edbar\" \/>\n<meta property=\"og:description\" content=\"D\u00e9couvrez Zanzibar avec African Safari. Des plages de sable blanc, des eaux cristallines et une riche culture swahili vous attendent dans ce paradis.\" \/>\n<meta property=\"og:url\" content=\"https:\/\/africansafari.travel\/fr\/zanzibar\/\" \/>\n<meta property=\"og:site_name\" content=\"African Safari Travel\" \/>\n<meta property=\"article:modified_time\" content=\"2026-01-26T12:18:04+00:00\" \/>\n<meta property=\"og:image\" content=\"https:\/\/africansafari.travel\/wp-content\/uploads\/2024\/12\/zanzibar_island.webp\" \/>\n\t<meta property=\"og:image:width\" content=\"1260\" \/>\n\t<meta property=\"og:image:height\" content=\"709\" \/>\n\t<meta property=\"og:image:type\" content=\"image\/webp\" \/>\n<meta name=\"twitter:card\" content=\"summary_large_image\" \/>\n<script type=\"application\/ld+json\" class=\"yoast-schema-graph\">{\"@context\":\"https:\\\/\\\/schema.org\",\"@graph\":[{\"@type\":\"WebPage\",\"@id\":\"https:\\\/\\\/africansafari.travel\\\/fr\\\/zanzibar\\\/\",\"url\":\"https:\\\/\\\/africansafari.travel\\\/fr\\\/zanzibar\\\/\",\"name\":\"Zanz\u00edbar - African Safari Travel\",\"isPartOf\":{\"@id\":\"https:\\\/\\\/africansafari.travel\\\/fr\\\/#website\"},\"primaryImageOfPage\":{\"@id\":\"https:\\\/\\\/africansafari.travel\\\/fr\\\/zanzibar\\\/#primaryimage\"},\"image\":{\"@id\":\"https:\\\/\\\/africansafari.travel\\\/fr\\\/zanzibar\\\/#primaryimage\"},\"thumbnailUrl\":\"https:\\\/\\\/africansafari.travel\\\/wp-content\\\/uploads\\\/2024\\\/12\\\/zanzibar_island.webp\",\"datePublished\":\"2025-01-03T09:37:22+00:00\",\"dateModified\":\"2026-01-26T12:18:04+00:00\",\"description\":\"D\u00e9couvrez Zanzibar avec African Safari. Des plages de sable blanc, des eaux cristallines et une riche culture swahili vous attendent dans ce paradis.\",\"breadcrumb\":{\"@id\":\"https:\\\/\\\/africansafari.travel\\\/fr\\\/zanzibar\\\/#breadcrumb\"},\"inLanguage\":\"fr-FR\",\"potentialAction\":[{\"@type\":\"ReadAction\",\"target\":[\"https:\\\/\\\/africansafari.travel\\\/fr\\\/zanzibar\\\/\"]}]},{\"@type\":\"ImageObject\",\"inLanguage\":\"fr-FR\",\"@id\":\"https:\\\/\\\/africansafari.travel\\\/fr\\\/zanzibar\\\/#primaryimage\",\"url\":\"https:\\\/\\\/africansafari.travel\\\/wp-content\\\/uploads\\\/2024\\\/12\\\/zanzibar_island.webp\",\"contentUrl\":\"https:\\\/\\\/africansafari.travel\\\/wp-content\\\/uploads\\\/2024\\\/12\\\/zanzibar_island.webp\",\"width\":1260,\"height\":709},{\"@type\":\"BreadcrumbList\",\"@id\":\"https:\\\/\\\/africansafari.travel\\\/fr\\\/zanzibar\\\/#breadcrumb\",\"itemListElement\":[{\"@type\":\"ListItem\",\"position\":1,\"name\":\"Portada\",\"item\":\"https:\\\/\\\/africansafari.travel\\\/fr\\\/\"},{\"@type\":\"ListItem\",\"position\":2,\"name\":\"Zanz\u00edbar\"}]},{\"@type\":\"WebSite\",\"@id\":\"https:\\\/\\\/africansafari.travel\\\/fr\\\/#website\",\"url\":\"https:\\\/\\\/africansafari.travel\\\/fr\\\/\",\"name\":\"African Safari Travel\",\"description\":\"Safaris en Africa a medida\",\"potentialAction\":[{\"@type\":\"SearchAction\",\"target\":{\"@type\":\"EntryPoint\",\"urlTemplate\":\"https:\\\/\\\/africansafari.travel\\\/fr\\\/?s={search_term_string}\"},\"query-input\":{\"@type\":\"PropertyValueSpecification\",\"valueRequired\":true,\"valueName\":\"search_term_string\"}}],\"inLanguage\":\"fr-FR\"}]}<\/script>\n<!-- \/ Yoast SEO Premium plugin. -->","yoast_head_json":{"title":"Zanz\u00edbar - African Safari Travel","description":"D\u00e9couvrez Zanzibar avec African Safari. Des plages de sable blanc, des eaux cristallines et une riche culture swahili vous attendent dans ce paradis.","robots":{"index":"index","follow":"follow","max-snippet":"max-snippet:-1","max-image-preview":"max-image-preview:large","max-video-preview":"max-video-preview:-1"},"canonical":"https:\/\/africansafari.travel\/fr\/zanzibar\/","og_locale":"fr_FR","og_type":"article","og_title":"Zanz\u00edbar","og_description":"D\u00e9couvrez Zanzibar avec African Safari. Des plages de sable blanc, des eaux cristallines et une riche culture swahili vous attendent dans ce paradis.","og_url":"https:\/\/africansafari.travel\/fr\/zanzibar\/","og_site_name":"African Safari Travel","article_modified_time":"2026-01-26T12:18:04+00:00","og_image":[{"width":1260,"height":709,"url":"https:\/\/africansafari.travel\/wp-content\/uploads\/2024\/12\/zanzibar_island.webp","type":"image\/webp"}],"twitter_card":"summary_large_image","schema":{"@context":"https:\/\/schema.org","@graph":[{"@type":"WebPage","@id":"https:\/\/africansafari.travel\/fr\/zanzibar\/","url":"https:\/\/africansafari.travel\/fr\/zanzibar\/","name":"Zanz\u00edbar - African Safari Travel","isPartOf":{"@id":"https:\/\/africansafari.travel\/fr\/#website"},"primaryImageOfPage":{"@id":"https:\/\/africansafari.travel\/fr\/zanzibar\/#primaryimage"},"image":{"@id":"https:\/\/africansafari.travel\/fr\/zanzibar\/#primaryimage"},"thumbnailUrl":"https:\/\/africansafari.travel\/wp-content\/uploads\/2024\/12\/zanzibar_island.webp","datePublished":"2025-01-03T09:37:22+00:00","dateModified":"2026-01-26T12:18:04+00:00","description":"D\u00e9couvrez Zanzibar avec African Safari. Des plages de sable blanc, des eaux cristallines et une riche culture swahili vous attendent dans ce paradis.","breadcrumb":{"@id":"https:\/\/africansafari.travel\/fr\/zanzibar\/#breadcrumb"},"inLanguage":"fr-FR","potentialAction":[{"@type":"ReadAction","target":["https:\/\/africansafari.travel\/fr\/zanzibar\/"]}]},{"@type":"ImageObject","inLanguage":"fr-FR","@id":"https:\/\/africansafari.travel\/fr\/zanzibar\/#primaryimage","url":"https:\/\/africansafari.travel\/wp-content\/uploads\/2024\/12\/zanzibar_island.webp","contentUrl":"https:\/\/africansafari.travel\/wp-content\/uploads\/2024\/12\/zanzibar_island.webp","width":1260,"height":709},{"@type":"BreadcrumbList","@id":"https:\/\/africansafari.travel\/fr\/zanzibar\/#breadcrumb","itemListElement":[{"@type":"ListItem","position":1,"name":"Portada","item":"https:\/\/africansafari.travel\/fr\/"},{"@type":"ListItem","position":2,"name":"Zanz\u00edbar"}]},{"@type":"WebSite","@id":"https:\/\/africansafari.travel\/fr\/#website","url":"https:\/\/africansafari.travel\/fr\/","name":"African Safari Travel","description":"Safaris en Africa a medida","potentialAction":[{"@type":"SearchAction","target":{"@type":"EntryPoint","urlTemplate":"https:\/\/africansafari.travel\/fr\/?s={search_term_string}"},"query-input":{"@type":"PropertyValueSpecification","valueRequired":true,"valueName":"search_term_string"}}],"inLanguage":"fr-FR"}]}},"_links":{"self":[{"href":"https:\/\/africansafari.travel\/fr\/wp-json\/wp\/v2\/pages\/16169","targetHints":{"allow":["GET"]}}],"collection":[{"href":"https:\/\/africansafari.travel\/fr\/wp-json\/wp\/v2\/pages"}],"about":[{"href":"https:\/\/africansafari.travel\/fr\/wp-json\/wp\/v2\/types\/page"}],"author":[{"embeddable":true,"href":"https:\/\/africansafari.travel\/fr\/wp-json\/wp\/v2\/users\/2"}],"replies":[{"embeddable":true,"href":"https:\/\/africansafari.travel\/fr\/wp-json\/wp\/v2\/comments?post=16169"}],"version-history":[{"count":3,"href":"https:\/\/africansafari.travel\/fr\/wp-json\/wp\/v2\/pages\/16169\/revisions"}],"predecessor-version":[{"id":17294,"href":"https:\/\/africansafari.travel\/fr\/wp-json\/wp\/v2\/pages\/16169\/revisions\/17294"}],"wp:featuredmedia":[{"embeddable":true,"href":"https:\/\/africansafari.travel\/fr\/wp-json\/wp\/v2\/media\/16170"}],"wp:attachment":[{"href":"https:\/\/africansafari.travel\/fr\/wp-json\/wp\/v2\/media?parent=16169"}],"wp:term":[{"taxonomy":"region_parques","embeddable":true,"href":"https:\/\/africansafari.travel\/fr\/wp-json\/wp\/v2\/region_parques?post=16169"}],"curies":[{"name":"wp","href":"https:\/\/api.w.org\/{rel}","templated":true}]}}