{"id":16161,"date":"2025-01-22T10:08:57","date_gmt":"2025-01-22T10:08:57","guid":{"rendered":"https:\/\/africansafari.travel\/merci-pour-votre-demande-contact\/"},"modified":"2025-10-13T07:13:23","modified_gmt":"2025-10-13T07:13:23","slug":"merci-pour-votre-demande-contact","status":"publish","type":"page","link":"https:\/\/africansafari.travel\/fr\/merci-pour-votre-demande-contact\/","title":{"rendered":"Merci pour votre demande ! &#8211; Contact"},"content":{"rendered":"\t\t<div data-elementor-type=\"wp-page\" data-elementor-id=\"16161\" class=\"elementor elementor-16161 elementor-10833\" data-elementor-post-type=\"page\">\n\t\t\t\t<div class=\"elementor-element elementor-element-a689536 e-flex e-con-boxed e-con e-parent\" data-id=\"a689536\" data-element_type=\"container\" data-e-type=\"container\" data-settings=\"{&quot;background_background&quot;:&quot;classic&quot;}\">\n\t\t\t\t\t<div class=\"e-con-inner\">\n\t\t\t\t<div class=\"elementor-element elementor-element-5e2f067 elementor-widget elementor-widget-heading\" data-id=\"5e2f067\" data-element_type=\"widget\" data-e-type=\"widget\" data-widget_type=\"heading.default\">\n\t\t\t\t\t<h1 class=\"elementor-heading-title elementor-size-default\">Merci de nous avoir contact\u00e9s !<\/h1>\t\t\t\t<\/div>\n\t\t\t\t<div class=\"elementor-element elementor-element-12153cc elementor-widget elementor-widget-text-editor\" data-id=\"12153cc\" data-element_type=\"widget\" data-e-type=\"widget\" data-widget_type=\"text-editor.default\">\n\t\t\t\t\t\t\t\t\t<p>Nous avons bien re\u00e7u votre message et notre \u00e9quipe est pr\u00eate \u00e0 vous aider \u00e0 planifier l&rsquo;aventure de vos r\u00eaves en Tanzanie.<\/p>\t\t\t\t\t\t\t\t<\/div>\n\t\t\t\t<div class=\"elementor-element elementor-element-2d67fd5 elementor-widget elementor-widget-heading\" data-id=\"2d67fd5\" data-element_type=\"widget\" data-e-type=\"widget\" data-widget_type=\"heading.default\">\n\t\t\t\t\t<h2 class=\"elementor-heading-title elementor-size-default\">Prochaines \u00e9tapes :<\/h2>\t\t\t\t<\/div>\n\t\t\t\t<div class=\"elementor-element elementor-element-931ec3d elementor-widget elementor-widget-text-editor\" data-id=\"931ec3d\" data-element_type=\"widget\" data-e-type=\"widget\" data-widget_type=\"text-editor.default\">\n\t\t\t\t\t\t\t\t\t<ul>\n     <li><strong>Confirmation par e-mail :<\/strong>\nNous vous avons envoy\u00e9 un e-mail de confirmation contenant les d\u00e9tails de votre demande. Si vous ne le voyez pas dans votre bo\u00eete de r\u00e9ception, v\u00e9rifiez votre dossier spam ou courrier ind\u00e9sirable. <\/li>\n     <li><strong>R\u00e9ponse personnalis\u00e9e :<\/strong>\nL&rsquo;un de nos experts en safaris vous r\u00e9pondra dans les 24 heures pour r\u00e9pondre \u00e0 toutes vos questions et vous fournir les informations dont vous avez besoin. <\/li>\n<\/ul>\t\t\t\t\t\t\t\t<\/div>\n\t\t\t\t<div class=\"elementor-element elementor-element-2e30ae5 elementor-widget elementor-widget-heading\" data-id=\"2e30ae5\" data-element_type=\"widget\" data-e-type=\"widget\" data-widget_type=\"heading.default\">\n\t\t\t\t\t<h3 class=\"elementor-heading-title elementor-size-default\">En attendant notre r\u00e9ponse...<\/h3>\t\t\t\t<\/div>\n\t\t\t\t<div class=\"elementor-element elementor-element-dd7e103 elementor-widget elementor-widget-text-editor\" data-id=\"dd7e103\" data-element_type=\"widget\" data-e-type=\"widget\" data-widget_type=\"text-editor.default\">\n\t\t\t\t\t\t\t\t\t<ul><li><strong>Visitez notre blog :<\/strong> vous y trouverez des guides pratiques et des recommandations pour votre prochain safari.<\/li><li><strong>Suivez-nous sur <a href=\"https:\/\/www.instagram.com\/africansafari.travel\/\">Instagram<\/a> :<\/strong> Plongez dans l&rsquo;univers des safaris gr\u00e2ce \u00e0 des photos impressionnantes et des t\u00e9moignages authentiques.<\/li><\/ul>\t\t\t\t\t\t\t\t<\/div>\n\t\t\t\t<div class=\"elementor-element elementor-element-fe3e5ea elementor-align-center elementor-widget elementor-widget-button\" data-id=\"fe3e5ea\" data-element_type=\"widget\" data-e-type=\"widget\" data-widget_type=\"button.default\">\n\t\t\t\t\t\t\t\t\t\t<a class=\"elementor-button elementor-button-link elementor-size-sm\" href=\"https:\/\/africansafari.travel\/fr\/\">\n\t\t\t\t\t\t<span class=\"elementor-button-content-wrapper\">\n\t\t\t\t\t\t\t\t\t<span class=\"elementor-button-text\">Retour \u00e0 l'accueil<\/span>\n\t\t\t\t\t<\/span>\n\t\t\t\t\t<\/a>\n\t\t\t\t\t\t\t\t<\/div>\n\t\t\t\t<div class=\"elementor-element elementor-element-2f24ec3 elementor-widget elementor-widget-text-editor\" data-id=\"2f24ec3\" data-element_type=\"widget\" data-e-type=\"widget\" data-widget_type=\"text-editor.default\">\n\t\t\t\t\t\t\t\t\tMerci de faire confiance \u00e0 <strong>African Safari Travel<\/strong>. Nous sommes ravis de partager avec vous tout ce qui fait de la Tanzanie une destination magique et inoubliable.\t\t\t\t\t\t\t\t<\/div>\n\t\t\t\t\t<\/div>\n\t\t\t\t<\/div>\n\t\t\t\t<\/div>\n\t\t","protected":false},"excerpt":{"rendered":"<p>Merci de nous avoir contact\u00e9s ! Nous avons bien re\u00e7u votre message et notre \u00e9quipe est pr\u00eate \u00e0 vous aider \u00e0 planifier l&rsquo;aventure de vos r\u00eaves en Tanzanie. Prochaines \u00e9tapes : Confirmation par e-mail : Nous vous avons envoy\u00e9 un e-mail de confirmation contenant les d\u00e9tails de votre demande. Si vous ne le voyez pas [&hellip;]<\/p>\n","protected":false},"author":2,"featured_media":0,"parent":0,"menu_order":0,"comment_status":"closed","ping_status":"closed","template":"elementor_header_footer","meta":{"_acf_changed":false,"footnotes":""},"region_parques":[],"class_list":["post-16161","page","type-page","status-publish","hentry"],"blocksy_meta":[],"acf":[],"yoast_head":"<!-- This site is optimized with the Yoast SEO Premium plugin v26.5 (Yoast SEO v27.4) - https:\/\/yoast.com\/product\/yoast-seo-premium-wordpress\/ -->\n<title>Merci pour votre demande ! - Contact - African Safari Travel<\/title>\n<meta name=\"robots\" content=\"index, follow, max-snippet:-1, max-image-preview:large, max-video-preview:-1\" \/>\n<link rel=\"canonical\" href=\"https:\/\/africansafari.travel\/fr\/merci-pour-votre-demande-contact\/\" \/>\n<meta property=\"og:locale\" content=\"fr_FR\" \/>\n<meta property=\"og:type\" content=\"article\" \/>\n<meta property=\"og:title\" content=\"Merci pour votre demande ! - Contact\" \/>\n<meta property=\"og:description\" content=\"Merci de nous avoir contact\u00e9s ! Nous avons bien re\u00e7u votre message et notre \u00e9quipe est pr\u00eate \u00e0 vous aider \u00e0 planifier l&rsquo;aventure de vos r\u00eaves en Tanzanie. Prochaines \u00e9tapes : Confirmation par e-mail : Nous vous avons envoy\u00e9 un e-mail de confirmation contenant les d\u00e9tails de votre demande. Si vous ne le voyez pas [&hellip;]\" \/>\n<meta property=\"og:url\" content=\"https:\/\/africansafari.travel\/fr\/merci-pour-votre-demande-contact\/\" \/>\n<meta property=\"og:site_name\" content=\"African Safari Travel\" \/>\n<meta property=\"article:modified_time\" content=\"2025-10-13T07:13:23+00:00\" \/>\n<meta property=\"og:image\" content=\"https:\/\/africansafari.travel\/wp-content\/uploads\/2024\/12\/logo.png\" \/>\n\t<meta property=\"og:image:width\" content=\"1024\" \/>\n\t<meta property=\"og:image:height\" content=\"344\" \/>\n\t<meta property=\"og:image:type\" content=\"image\/png\" \/>\n<meta name=\"twitter:card\" content=\"summary_large_image\" \/>\n<meta name=\"twitter:label1\" content=\"Dur\u00e9e de lecture estim\u00e9e\" \/>\n\t<meta name=\"twitter:data1\" content=\"1 minute\" \/>\n<script type=\"application\/ld+json\" class=\"yoast-schema-graph\">{\"@context\":\"https:\\\/\\\/schema.org\",\"@graph\":[{\"@type\":\"WebPage\",\"@id\":\"https:\\\/\\\/africansafari.travel\\\/fr\\\/merci-pour-votre-demande-contact\\\/\",\"url\":\"https:\\\/\\\/africansafari.travel\\\/fr\\\/merci-pour-votre-demande-contact\\\/\",\"name\":\"Merci pour votre demande ! - Contact - African Safari Travel\",\"isPartOf\":{\"@id\":\"https:\\\/\\\/africansafari.travel\\\/fr\\\/#website\"},\"datePublished\":\"2025-01-22T10:08:57+00:00\",\"dateModified\":\"2025-10-13T07:13:23+00:00\",\"breadcrumb\":{\"@id\":\"https:\\\/\\\/africansafari.travel\\\/fr\\\/merci-pour-votre-demande-contact\\\/#breadcrumb\"},\"inLanguage\":\"fr-FR\",\"potentialAction\":[{\"@type\":\"ReadAction\",\"target\":[\"https:\\\/\\\/africansafari.travel\\\/fr\\\/merci-pour-votre-demande-contact\\\/\"]}]},{\"@type\":\"BreadcrumbList\",\"@id\":\"https:\\\/\\\/africansafari.travel\\\/fr\\\/merci-pour-votre-demande-contact\\\/#breadcrumb\",\"itemListElement\":[{\"@type\":\"ListItem\",\"position\":1,\"name\":\"Portada\",\"item\":\"https:\\\/\\\/africansafari.travel\\\/fr\\\/\"},{\"@type\":\"ListItem\",\"position\":2,\"name\":\"Merci pour votre demande ! &#8211; Contact\"}]},{\"@type\":\"WebSite\",\"@id\":\"https:\\\/\\\/africansafari.travel\\\/fr\\\/#website\",\"url\":\"https:\\\/\\\/africansafari.travel\\\/fr\\\/\",\"name\":\"African Safari Travel\",\"description\":\"Safaris en Africa a medida\",\"potentialAction\":[{\"@type\":\"SearchAction\",\"target\":{\"@type\":\"EntryPoint\",\"urlTemplate\":\"https:\\\/\\\/africansafari.travel\\\/fr\\\/?s={search_term_string}\"},\"query-input\":{\"@type\":\"PropertyValueSpecification\",\"valueRequired\":true,\"valueName\":\"search_term_string\"}}],\"inLanguage\":\"fr-FR\"}]}<\/script>\n<!-- \/ Yoast SEO Premium plugin. -->","yoast_head_json":{"title":"Merci pour votre demande ! - Contact - African Safari Travel","robots":{"index":"index","follow":"follow","max-snippet":"max-snippet:-1","max-image-preview":"max-image-preview:large","max-video-preview":"max-video-preview:-1"},"canonical":"https:\/\/africansafari.travel\/fr\/merci-pour-votre-demande-contact\/","og_locale":"fr_FR","og_type":"article","og_title":"Merci pour votre demande ! - Contact","og_description":"Merci de nous avoir contact\u00e9s ! Nous avons bien re\u00e7u votre message et notre \u00e9quipe est pr\u00eate \u00e0 vous aider \u00e0 planifier l&rsquo;aventure de vos r\u00eaves en Tanzanie. Prochaines \u00e9tapes : Confirmation par e-mail : Nous vous avons envoy\u00e9 un e-mail de confirmation contenant les d\u00e9tails de votre demande. Si vous ne le voyez pas [&hellip;]","og_url":"https:\/\/africansafari.travel\/fr\/merci-pour-votre-demande-contact\/","og_site_name":"African Safari Travel","article_modified_time":"2025-10-13T07:13:23+00:00","og_image":[{"width":1024,"height":344,"url":"https:\/\/africansafari.travel\/wp-content\/uploads\/2024\/12\/logo.png","type":"image\/png"}],"twitter_card":"summary_large_image","twitter_misc":{"Dur\u00e9e de lecture estim\u00e9e":"1 minute"},"schema":{"@context":"https:\/\/schema.org","@graph":[{"@type":"WebPage","@id":"https:\/\/africansafari.travel\/fr\/merci-pour-votre-demande-contact\/","url":"https:\/\/africansafari.travel\/fr\/merci-pour-votre-demande-contact\/","name":"Merci pour votre demande ! - Contact - African Safari Travel","isPartOf":{"@id":"https:\/\/africansafari.travel\/fr\/#website"},"datePublished":"2025-01-22T10:08:57+00:00","dateModified":"2025-10-13T07:13:23+00:00","breadcrumb":{"@id":"https:\/\/africansafari.travel\/fr\/merci-pour-votre-demande-contact\/#breadcrumb"},"inLanguage":"fr-FR","potentialAction":[{"@type":"ReadAction","target":["https:\/\/africansafari.travel\/fr\/merci-pour-votre-demande-contact\/"]}]},{"@type":"BreadcrumbList","@id":"https:\/\/africansafari.travel\/fr\/merci-pour-votre-demande-contact\/#breadcrumb","itemListElement":[{"@type":"ListItem","position":1,"name":"Portada","item":"https:\/\/africansafari.travel\/fr\/"},{"@type":"ListItem","position":2,"name":"Merci pour votre demande ! &#8211; Contact"}]},{"@type":"WebSite","@id":"https:\/\/africansafari.travel\/fr\/#website","url":"https:\/\/africansafari.travel\/fr\/","name":"African Safari Travel","description":"Safaris en Africa a medida","potentialAction":[{"@type":"SearchAction","target":{"@type":"EntryPoint","urlTemplate":"https:\/\/africansafari.travel\/fr\/?s={search_term_string}"},"query-input":{"@type":"PropertyValueSpecification","valueRequired":true,"valueName":"search_term_string"}}],"inLanguage":"fr-FR"}]}},"_links":{"self":[{"href":"https:\/\/africansafari.travel\/fr\/wp-json\/wp\/v2\/pages\/16161","targetHints":{"allow":["GET"]}}],"collection":[{"href":"https:\/\/africansafari.travel\/fr\/wp-json\/wp\/v2\/pages"}],"about":[{"href":"https:\/\/africansafari.travel\/fr\/wp-json\/wp\/v2\/types\/page"}],"author":[{"embeddable":true,"href":"https:\/\/africansafari.travel\/fr\/wp-json\/wp\/v2\/users\/2"}],"replies":[{"embeddable":true,"href":"https:\/\/africansafari.travel\/fr\/wp-json\/wp\/v2\/comments?post=16161"}],"version-history":[{"count":0,"href":"https:\/\/africansafari.travel\/fr\/wp-json\/wp\/v2\/pages\/16161\/revisions"}],"wp:attachment":[{"href":"https:\/\/africansafari.travel\/fr\/wp-json\/wp\/v2\/media?parent=16161"}],"wp:term":[{"taxonomy":"region_parques","embeddable":true,"href":"https:\/\/africansafari.travel\/fr\/wp-json\/wp\/v2\/region_parques?post=16161"}],"curies":[{"name":"wp","href":"https:\/\/api.w.org\/{rel}","templated":true}]}}