{"id":16148,"date":"2025-02-07T22:34:17","date_gmt":"2025-02-07T22:34:17","guid":{"rendered":"https:\/\/africansafari.travel\/404-2\/"},"modified":"2026-01-26T08:14:03","modified_gmt":"2026-01-26T08:14:03","slug":"404-2","status":"publish","type":"page","link":"https:\/\/africansafari.travel\/fr\/404-2\/","title":{"rendered":"404"},"content":{"rendered":"\t\t<div data-elementor-type=\"wp-page\" data-elementor-id=\"16148\" class=\"elementor elementor-16148 elementor-12201\" data-elementor-post-type=\"page\">\n\t\t\t\t<div class=\"elementor-element elementor-element-6b7bcb3 e-flex e-con-boxed e-con e-parent\" data-id=\"6b7bcb3\" data-element_type=\"container\" data-e-type=\"container\" data-settings=\"{&quot;background_background&quot;:&quot;classic&quot;}\">\n\t\t\t\t\t<div class=\"e-con-inner\">\n\t\t<div class=\"elementor-element elementor-element-759d37a e-con-full e-flex e-con e-child\" data-id=\"759d37a\" data-element_type=\"container\" data-e-type=\"container\">\n\t\t\t\t<div class=\"elementor-element elementor-element-e87105e elementor-widget elementor-widget-heading\" data-id=\"e87105e\" data-element_type=\"widget\" data-e-type=\"widget\" data-widget_type=\"heading.default\">\n\t\t\t\t\t<h1 class=\"elementor-heading-title elementor-size-default\">Oups ! On dirait que tu t'es perdu dans la savane... <\/h1>\t\t\t\t<\/div>\n\t\t\t\t<div class=\"elementor-element elementor-element-a52c767 elementor-widget elementor-widget-text-editor\" data-id=\"a52c767\" data-element_type=\"widget\" data-e-type=\"widget\" data-widget_type=\"text-editor.default\">\n\t\t\t\t\t\t\t\t\tNous n&rsquo;avons pas trouv\u00e9 ce que vous cherchiez, mais ne vous inqui\u00e9tez pas, chez <strong>African Safari Travel<\/strong>, nous avons les meilleurs explorateurs.\n\nNotre <strong>explorateur suricate<\/strong> est en action et peut vous aider \u00e0 trouver ce dont vous avez besoin.\n\nEssayez le moteur de recherche ci-dessous et laissez notre petit traqueur faire son travail.\t\t\t\t\t\t\t\t<\/div>\n\t\t\t\t<div class=\"elementor-element elementor-element-cfbb49a elementor-widget elementor-widget-text-editor\" data-id=\"cfbb49a\" data-element_type=\"widget\" data-e-type=\"widget\" data-widget_type=\"text-editor.default\">\n\t\t\t\t\t\t\t\t\tSi vous pr\u00e9f\u00e9rez retourner \u00e0 la s\u00e9curit\u00e9 du camp de base, voici quelques options\t\t\t\t\t\t\t\t<\/div>\n\t\t<div class=\"elementor-element elementor-element-24bb64a e-con-full e-flex e-con e-child\" data-id=\"24bb64a\" data-element_type=\"container\" data-e-type=\"container\">\n\t\t<div class=\"elementor-element elementor-element-6588311 e-con-full e-flex e-con e-child\" data-id=\"6588311\" data-element_type=\"container\" data-e-type=\"container\" data-settings=\"{&quot;background_background&quot;:&quot;classic&quot;}\">\n\t\t\t\t<div class=\"elementor-element elementor-element-fc74a37 elementor-widget elementor-widget-heading\" data-id=\"fc74a37\" data-element_type=\"widget\" data-e-type=\"widget\" data-widget_type=\"heading.default\">\n\t\t\t\t\t<h2 class=\"elementor-heading-title elementor-size-default\"><a href=\"https:\/\/africansafari.travel\/fr\/\">Accueil<\/a><\/h2>\t\t\t\t<\/div>\n\t\t\t\t<\/div>\n\t\t<div class=\"elementor-element elementor-element-cf2e5ca e-con-full e-flex e-con e-child\" data-id=\"cf2e5ca\" data-element_type=\"container\" data-e-type=\"container\" data-settings=\"{&quot;background_background&quot;:&quot;classic&quot;}\">\n\t\t\t\t<div class=\"elementor-element elementor-element-ce9cabf elementor-widget elementor-widget-heading\" data-id=\"ce9cabf\" data-element_type=\"widget\" data-e-type=\"widget\" data-widget_type=\"heading.default\">\n\t\t\t\t\t<h2 class=\"elementor-heading-title elementor-size-default\"><a href=\"https:\/\/africansafari.travel\/fr\/safaris\/\">Safaris<\/a><\/h2>\t\t\t\t<\/div>\n\t\t\t\t<\/div>\n\t\t<div class=\"elementor-element elementor-element-2276824 e-con-full e-flex e-con e-child\" data-id=\"2276824\" data-element_type=\"container\" data-e-type=\"container\" data-settings=\"{&quot;background_background&quot;:&quot;classic&quot;}\">\n\t\t\t\t<div class=\"elementor-element elementor-element-3a3e47a elementor-widget elementor-widget-heading\" data-id=\"3a3e47a\" data-element_type=\"widget\" data-e-type=\"widget\" data-widget_type=\"heading.default\">\n\t\t\t\t\t<h2 class=\"elementor-heading-title elementor-size-default\"><a href=\"https:\/\/africansafari.travel\/fr\/zanzibar\/\">Zanz\u00edbar<\/a><\/h2>\t\t\t\t<\/div>\n\t\t\t\t<\/div>\n\t\t\t\t<\/div>\n\t\t\t\t<\/div>\n\t\t\t\t\t<\/div>\n\t\t\t\t<\/div>\n\t\t\t\t<\/div>\n\t\t","protected":false},"excerpt":{"rendered":"<p>Oups ! On dirait que tu t&rsquo;es perdu dans la savane&#8230; Nous n&rsquo;avons pas trouv\u00e9 ce que vous cherchiez, mais ne vous inqui\u00e9tez pas, chez African Safari Travel, nous avons les meilleurs explorateurs. Notre explorateur suricate est en action et peut vous aider \u00e0 trouver ce dont vous avez besoin. Essayez le moteur de recherche [&hellip;]<\/p>\n","protected":false},"author":2,"featured_media":0,"parent":0,"menu_order":0,"comment_status":"closed","ping_status":"closed","template":"elementor_header_footer","meta":{"_acf_changed":false,"footnotes":""},"region_parques":[],"class_list":["post-16148","page","type-page","status-publish","hentry"],"blocksy_meta":[],"acf":[],"yoast_head":"<!-- This site is optimized with the Yoast SEO Premium plugin v26.5 (Yoast SEO v27.4) - https:\/\/yoast.com\/product\/yoast-seo-premium-wordpress\/ -->\n<title>404 - African Safari Travel<\/title>\n<meta name=\"robots\" content=\"index, follow, max-snippet:-1, max-image-preview:large, max-video-preview:-1\" \/>\n<link rel=\"canonical\" href=\"https:\/\/africansafari.travel\/fr\/404-2\/\" \/>\n<meta property=\"og:locale\" content=\"fr_FR\" \/>\n<meta property=\"og:type\" content=\"article\" \/>\n<meta property=\"og:title\" content=\"404\" \/>\n<meta property=\"og:description\" content=\"Oups ! On dirait que tu t&rsquo;es perdu dans la savane&#8230; Nous n&rsquo;avons pas trouv\u00e9 ce que vous cherchiez, mais ne vous inqui\u00e9tez pas, chez African Safari Travel, nous avons les meilleurs explorateurs. Notre explorateur suricate est en action et peut vous aider \u00e0 trouver ce dont vous avez besoin. Essayez le moteur de recherche [&hellip;]\" \/>\n<meta property=\"og:url\" content=\"https:\/\/africansafari.travel\/fr\/404-2\/\" \/>\n<meta property=\"og:site_name\" content=\"African Safari Travel\" \/>\n<meta property=\"article:modified_time\" content=\"2026-01-26T08:14:03+00:00\" \/>\n<meta property=\"og:image\" content=\"https:\/\/africansafari.travel\/wp-content\/uploads\/2024\/12\/logo.png\" \/>\n\t<meta property=\"og:image:width\" content=\"1024\" \/>\n\t<meta property=\"og:image:height\" content=\"344\" \/>\n\t<meta property=\"og:image:type\" content=\"image\/png\" \/>\n<meta name=\"twitter:card\" content=\"summary_large_image\" \/>\n<meta name=\"twitter:label1\" content=\"Dur\u00e9e de lecture estim\u00e9e\" \/>\n\t<meta name=\"twitter:data1\" content=\"1 minute\" \/>\n<script type=\"application\/ld+json\" class=\"yoast-schema-graph\">{\"@context\":\"https:\\\/\\\/schema.org\",\"@graph\":[{\"@type\":\"WebPage\",\"@id\":\"https:\\\/\\\/africansafari.travel\\\/fr\\\/404-2\\\/\",\"url\":\"https:\\\/\\\/africansafari.travel\\\/fr\\\/404-2\\\/\",\"name\":\"404 - African Safari Travel\",\"isPartOf\":{\"@id\":\"https:\\\/\\\/africansafari.travel\\\/fr\\\/#website\"},\"datePublished\":\"2025-02-07T22:34:17+00:00\",\"dateModified\":\"2026-01-26T08:14:03+00:00\",\"breadcrumb\":{\"@id\":\"https:\\\/\\\/africansafari.travel\\\/fr\\\/404-2\\\/#breadcrumb\"},\"inLanguage\":\"fr-FR\",\"potentialAction\":[{\"@type\":\"ReadAction\",\"target\":[\"https:\\\/\\\/africansafari.travel\\\/fr\\\/404-2\\\/\"]}]},{\"@type\":\"BreadcrumbList\",\"@id\":\"https:\\\/\\\/africansafari.travel\\\/fr\\\/404-2\\\/#breadcrumb\",\"itemListElement\":[{\"@type\":\"ListItem\",\"position\":1,\"name\":\"Portada\",\"item\":\"https:\\\/\\\/africansafari.travel\\\/fr\\\/\"},{\"@type\":\"ListItem\",\"position\":2,\"name\":\"404\"}]},{\"@type\":\"WebSite\",\"@id\":\"https:\\\/\\\/africansafari.travel\\\/fr\\\/#website\",\"url\":\"https:\\\/\\\/africansafari.travel\\\/fr\\\/\",\"name\":\"African Safari Travel\",\"description\":\"Safaris en Africa a medida\",\"potentialAction\":[{\"@type\":\"SearchAction\",\"target\":{\"@type\":\"EntryPoint\",\"urlTemplate\":\"https:\\\/\\\/africansafari.travel\\\/fr\\\/?s={search_term_string}\"},\"query-input\":{\"@type\":\"PropertyValueSpecification\",\"valueRequired\":true,\"valueName\":\"search_term_string\"}}],\"inLanguage\":\"fr-FR\"}]}<\/script>\n<!-- \/ Yoast SEO Premium plugin. -->","yoast_head_json":{"title":"404 - African Safari Travel","robots":{"index":"index","follow":"follow","max-snippet":"max-snippet:-1","max-image-preview":"max-image-preview:large","max-video-preview":"max-video-preview:-1"},"canonical":"https:\/\/africansafari.travel\/fr\/404-2\/","og_locale":"fr_FR","og_type":"article","og_title":"404","og_description":"Oups ! On dirait que tu t&rsquo;es perdu dans la savane&#8230; Nous n&rsquo;avons pas trouv\u00e9 ce que vous cherchiez, mais ne vous inqui\u00e9tez pas, chez African Safari Travel, nous avons les meilleurs explorateurs. Notre explorateur suricate est en action et peut vous aider \u00e0 trouver ce dont vous avez besoin. Essayez le moteur de recherche [&hellip;]","og_url":"https:\/\/africansafari.travel\/fr\/404-2\/","og_site_name":"African Safari Travel","article_modified_time":"2026-01-26T08:14:03+00:00","og_image":[{"width":1024,"height":344,"url":"https:\/\/africansafari.travel\/wp-content\/uploads\/2024\/12\/logo.png","type":"image\/png"}],"twitter_card":"summary_large_image","twitter_misc":{"Dur\u00e9e de lecture estim\u00e9e":"1 minute"},"schema":{"@context":"https:\/\/schema.org","@graph":[{"@type":"WebPage","@id":"https:\/\/africansafari.travel\/fr\/404-2\/","url":"https:\/\/africansafari.travel\/fr\/404-2\/","name":"404 - African Safari Travel","isPartOf":{"@id":"https:\/\/africansafari.travel\/fr\/#website"},"datePublished":"2025-02-07T22:34:17+00:00","dateModified":"2026-01-26T08:14:03+00:00","breadcrumb":{"@id":"https:\/\/africansafari.travel\/fr\/404-2\/#breadcrumb"},"inLanguage":"fr-FR","potentialAction":[{"@type":"ReadAction","target":["https:\/\/africansafari.travel\/fr\/404-2\/"]}]},{"@type":"BreadcrumbList","@id":"https:\/\/africansafari.travel\/fr\/404-2\/#breadcrumb","itemListElement":[{"@type":"ListItem","position":1,"name":"Portada","item":"https:\/\/africansafari.travel\/fr\/"},{"@type":"ListItem","position":2,"name":"404"}]},{"@type":"WebSite","@id":"https:\/\/africansafari.travel\/fr\/#website","url":"https:\/\/africansafari.travel\/fr\/","name":"African Safari Travel","description":"Safaris en Africa a medida","potentialAction":[{"@type":"SearchAction","target":{"@type":"EntryPoint","urlTemplate":"https:\/\/africansafari.travel\/fr\/?s={search_term_string}"},"query-input":{"@type":"PropertyValueSpecification","valueRequired":true,"valueName":"search_term_string"}}],"inLanguage":"fr-FR"}]}},"_links":{"self":[{"href":"https:\/\/africansafari.travel\/fr\/wp-json\/wp\/v2\/pages\/16148","targetHints":{"allow":["GET"]}}],"collection":[{"href":"https:\/\/africansafari.travel\/fr\/wp-json\/wp\/v2\/pages"}],"about":[{"href":"https:\/\/africansafari.travel\/fr\/wp-json\/wp\/v2\/types\/page"}],"author":[{"embeddable":true,"href":"https:\/\/africansafari.travel\/fr\/wp-json\/wp\/v2\/users\/2"}],"replies":[{"embeddable":true,"href":"https:\/\/africansafari.travel\/fr\/wp-json\/wp\/v2\/comments?post=16148"}],"version-history":[{"count":5,"href":"https:\/\/africansafari.travel\/fr\/wp-json\/wp\/v2\/pages\/16148\/revisions"}],"predecessor-version":[{"id":17223,"href":"https:\/\/africansafari.travel\/fr\/wp-json\/wp\/v2\/pages\/16148\/revisions\/17223"}],"wp:attachment":[{"href":"https:\/\/africansafari.travel\/fr\/wp-json\/wp\/v2\/media?parent=16148"}],"wp:term":[{"taxonomy":"region_parques","embeddable":true,"href":"https:\/\/africansafari.travel\/fr\/wp-json\/wp\/v2\/region_parques?post=16148"}],"curies":[{"name":"wp","href":"https:\/\/api.w.org\/{rel}","templated":true}]}}