{"id":16024,"date":"2024-12-17T16:01:51","date_gmt":"2024-12-17T16:01:51","guid":{"rendered":"https:\/\/africansafari.travel\/animaux\/"},"modified":"2026-01-26T08:36:41","modified_gmt":"2026-01-26T08:36:41","slug":"animaux","status":"publish","type":"page","link":"https:\/\/africansafari.travel\/fr\/animaux\/","title":{"rendered":"Animaux"},"content":{"rendered":"\t\t<div data-elementor-type=\"wp-page\" data-elementor-id=\"16024\" class=\"elementor elementor-16024 elementor-8606\" data-elementor-post-type=\"page\">\n\t\t\t\t<div class=\"elementor-element elementor-element-42fd043 e-flex e-con-boxed e-con e-parent\" data-id=\"42fd043\" data-element_type=\"container\" data-e-type=\"container\" data-settings=\"{&quot;background_background&quot;:&quot;classic&quot;}\">\n\t\t\t\t\t<div class=\"e-con-inner\">\n\t\t<div class=\"elementor-element elementor-element-5a6d44d e-flex e-con-boxed e-con e-child\" data-id=\"5a6d44d\" data-element_type=\"container\" data-e-type=\"container\">\n\t\t\t\t\t<div class=\"e-con-inner\">\n\t\t\t\t<div class=\"elementor-element elementor-element-8b825e2 elementor-widget elementor-widget-heading\" data-id=\"8b825e2\" data-element_type=\"widget\" data-e-type=\"widget\" data-widget_type=\"heading.default\">\n\t\t\t\t\t<h1 class=\"elementor-heading-title elementor-size-default\">Animaux \u00e0 voir lors d'un safari en Tanzanie<\/h1>\t\t\t\t<\/div>\n\t\t\t\t<div class=\"elementor-element elementor-element-cee4d78 elementor-widget elementor-widget-spacer\" data-id=\"cee4d78\" data-element_type=\"widget\" data-e-type=\"widget\" data-widget_type=\"spacer.default\">\n\t\t\t\t\t\t\t<div class=\"elementor-spacer\">\n\t\t\t<div class=\"elementor-spacer-inner\"><\/div>\n\t\t<\/div>\n\t\t\t\t\t\t<\/div>\n\t\t\t\t<div class=\"elementor-element elementor-element-b7779e8 elementor-widget elementor-widget-text-editor\" data-id=\"b7779e8\" data-element_type=\"widget\" data-e-type=\"widget\" data-widget_type=\"text-editor.default\">\n\t\t\t\t\t\t\t\t\tD\u00e9couvrez l\u2019incroyable faune de Tanzanie et les <b>5 grands animaux les plus embl\u00e9matiques<\/b>\n\nCe que vous pourrez observer lors de votre safari avec <strong>African Safari Travel<\/strong>.\t\t\t\t\t\t\t\t<\/div>\n\t\t\t\t\t<\/div>\n\t\t\t\t<\/div>\n\t\t\t\t\t<\/div>\n\t\t\t\t<\/div>\n\t\t<div class=\"elementor-element elementor-element-15c0bcb e-con-full e-flex e-con e-parent\" data-id=\"15c0bcb\" data-element_type=\"container\" data-e-type=\"container\">\n\t\t<div class=\"elementor-element elementor-element-76ca73d e-flex e-con-boxed e-con e-child\" data-id=\"76ca73d\" data-element_type=\"container\" data-e-type=\"container\">\n\t\t\t\t\t<div class=\"e-con-inner\">\n\t\t\t\t<div class=\"elementor-element elementor-element-71040b1 elementor-widget elementor-widget-heading\" data-id=\"71040b1\" data-element_type=\"widget\" data-e-type=\"widget\" data-widget_type=\"heading.default\">\n\t\t\t\t\t<h2 class=\"elementor-heading-title elementor-size-default\">Le Big 5 de Tanzanie - Animaux uniques<\/h2>\t\t\t\t<\/div>\n\t\t\t\t<div class=\"elementor-element elementor-element-cd2be04 elementor-widget elementor-widget-text-editor\" data-id=\"cd2be04\" data-element_type=\"widget\" data-e-type=\"widget\" data-widget_type=\"text-editor.default\">\n\t\t\t\t\t\t\t\t\tLa Tanzanie abrite les l\u00e9gendaires <em>Big Five<\/em>, les cinq animaux les plus embl\u00e9matiques d\u2019Afrique que tout voyageur r\u00eave d\u2019observer lors d\u2019un safari. \u00c0 l\u2019origine, ce terme d\u00e9signait les animaux les plus difficiles \u00e0 chasser \u00e0 pied, mais il symbolise aujourd\u2019hui la majest\u00e9 et la richesse de la faune africaine.\n\t\t\t\t\t\t\t\t<\/div>\n\t\t\t\t\t<\/div>\n\t\t\t\t<\/div>\n\t\t\t\t<div class=\"elementor-element elementor-element-4d05a81 elementor-grid-5 elementor-grid-mobile-2 elementor-grid-tablet-2 elementor-widget elementor-widget-loop-grid\" data-id=\"4d05a81\" data-element_type=\"widget\" data-e-type=\"widget\" data-settings=\"{&quot;template_id&quot;:11431,&quot;columns&quot;:5,&quot;pagination_type&quot;:&quot;load_more_infinite_scroll&quot;,&quot;columns_mobile&quot;:2,&quot;row_gap_mobile&quot;:{&quot;unit&quot;:&quot;px&quot;,&quot;size&quot;:10,&quot;sizes&quot;:[]},&quot;row_gap&quot;:{&quot;unit&quot;:&quot;px&quot;,&quot;size&quot;:10,&quot;sizes&quot;:[]},&quot;row_gap_tablet&quot;:{&quot;unit&quot;:&quot;px&quot;,&quot;size&quot;:10,&quot;sizes&quot;:[]},&quot;_skin&quot;:&quot;post&quot;,&quot;columns_tablet&quot;:&quot;2&quot;,&quot;edit_handle_selector&quot;:&quot;[data-elementor-type=\\&quot;loop-item\\&quot;]&quot;,&quot;load_more_spinner&quot;:{&quot;value&quot;:&quot;fas fa-spinner&quot;,&quot;library&quot;:&quot;fa-solid&quot;}}\" data-widget_type=\"loop-grid.post\">\n\t\t\t\t<div class=\"elementor-widget-container\">\n\t\t\t\t\t\t\t<div class=\"e-loop-nothing-found-message\">\n\t\t<\/div>\n\t\t\t\t\t\t<\/div>\n\t\t\t\t<\/div>\n\t\t\t\t<\/div>\n\t\t<div class=\"elementor-element elementor-element-414321b e-flex e-con-boxed e-con e-parent\" data-id=\"414321b\" data-element_type=\"container\" data-e-type=\"container\">\n\t\t\t\t\t<div class=\"e-con-inner\">\n\t\t\t\t<div class=\"elementor-element elementor-element-3f9da1a elementor-widget elementor-widget-heading\" data-id=\"3f9da1a\" data-element_type=\"widget\" data-e-type=\"widget\" data-widget_type=\"heading.default\">\n\t\t\t\t\t<h2 class=\"elementor-heading-title elementor-size-default\">Au-del\u00e0 des Big Five - L'incroyable faune de Tanzanie<\/h2>\t\t\t\t<\/div>\n\t\t\t\t<div class=\"elementor-element elementor-element-acc4d3a elementor-widget elementor-widget-text-editor\" data-id=\"acc4d3a\" data-element_type=\"widget\" data-e-type=\"widget\" data-widget_type=\"text-editor.default\">\n\t\t\t\t\t\t\t\t\t<p>Bien que les <em>Big Five<\/em> soient les plus c\u00e9l\u00e8bres, <strong>la Tanzanie abrite une \u00e9tonnante diversit\u00e9 de faune sauvage<\/strong>. Des <strong>pr\u00e9dateurs agiles<\/strong> aux <strong>herbivores imposants<\/strong>, chaque r\u00e9gion du pays offre des rencontres inoubliables avec la nature. Les gu\u00e9pards, les f\u00e9lins les plus rapides du monde, peuvent \u00eatre aper\u00e7us dans les plaines du Serengeti, o\u00f9 ils chassent en plein jour. Les hy\u00e8nes, souvent mal comprises, sont des <strong>chasseurs efficaces et opportunistes<\/strong> qui dominent les paysages nocturnes.<\/p><p>Les hippopotames passent une grande partie de la journ\u00e9e dans l\u2019eau, mais au cr\u00e9puscule, ils sortent pa\u00eetre. Les girafes, les plus grands animaux terrestres, se d\u00e9placent avec \u00e9l\u00e9gance parmi les acacias, se nourrissant de leurs feuilles. Parmi les herbivores les plus abondants figurent <strong>les gnous et les z\u00e8bres<\/strong>, protagonistes de la <strong>Grande Migration<\/strong>, un ph\u00e9nom\u00e8ne naturel spectaculaire qui se d\u00e9roule entre le Serengeti et le Maasai Mara. De plus, les <strong>phacoch\u00e8res<\/strong>, avec leur d\u00e9marche caract\u00e9ristique et leurs d\u00e9fenses recourb\u00e9es, offrent un spectacle aussi dr\u00f4le que fascinant dans les savanes.<\/p><p>Un safari en Tanzanie offre l\u2019occasion d\u2019observer <strong>une faune vari\u00e9e et captivante<\/strong>, bien au-del\u00e0 des embl\u00e9matiques <em>Big Five<\/em>.<\/p>\t\t\t\t\t\t\t\t<\/div>\n\t\t\t\t\t<\/div>\n\t\t\t\t<\/div>\n\t\t<div class=\"elementor-element elementor-element-0054f33 e-con-full e-flex e-con e-parent\" data-id=\"0054f33\" data-element_type=\"container\" data-e-type=\"container\">\n\t\t\t\t<div class=\"elementor-element elementor-element-bdeab5c elementor-grid-4 elementor-grid-mobile-2 elementor-grid-tablet-2 elementor-widget elementor-widget-loop-grid\" data-id=\"bdeab5c\" data-element_type=\"widget\" data-e-type=\"widget\" data-settings=\"{&quot;template_id&quot;:1618,&quot;columns&quot;:4,&quot;pagination_type&quot;:&quot;load_more_on_click&quot;,&quot;columns_mobile&quot;:2,&quot;row_gap_mobile&quot;:{&quot;unit&quot;:&quot;px&quot;,&quot;size&quot;:5,&quot;sizes&quot;:[]},&quot;_skin&quot;:&quot;post&quot;,&quot;columns_tablet&quot;:&quot;2&quot;,&quot;edit_handle_selector&quot;:&quot;[data-elementor-type=\\&quot;loop-item\\&quot;]&quot;,&quot;load_more_spinner&quot;:{&quot;value&quot;:&quot;fas fa-spinner&quot;,&quot;library&quot;:&quot;fa-solid&quot;},&quot;row_gap&quot;:{&quot;unit&quot;:&quot;px&quot;,&quot;size&quot;:&quot;&quot;,&quot;sizes&quot;:[]},&quot;row_gap_tablet&quot;:{&quot;unit&quot;:&quot;px&quot;,&quot;size&quot;:&quot;&quot;,&quot;sizes&quot;:[]}}\" data-widget_type=\"loop-grid.post\">\n\t\t\t\t<div class=\"elementor-widget-container\">\n\t\t\t\t\t\t\t<div class=\"e-loop-nothing-found-message\">\n\t\t<\/div>\n\t\t\t\t\t\t<\/div>\n\t\t\t\t<\/div>\n\t\t\t\t<\/div>\n\t\t\t\t<\/div>\n\t\t","protected":false},"excerpt":{"rendered":"<p>Animaux \u00e0 voir lors d&rsquo;un safari en Tanzanie D\u00e9couvrez l\u2019incroyable faune de Tanzanie et les 5 grands animaux les plus embl\u00e9matiques Ce que vous pourrez observer lors de votre safari avec African Safari Travel. Le Big 5 de Tanzanie &#8211; Animaux uniques La Tanzanie abrite les l\u00e9gendaires Big Five, les cinq animaux les plus embl\u00e9matiques [&hellip;]<\/p>\n","protected":false},"author":1,"featured_media":0,"parent":0,"menu_order":0,"comment_status":"closed","ping_status":"closed","template":"elementor_header_footer","meta":{"_acf_changed":false,"footnotes":""},"region_parques":[],"class_list":["post-16024","page","type-page","status-publish","hentry"],"blocksy_meta":[],"acf":[],"yoast_head":"<!-- This site is optimized with the Yoast SEO Premium plugin v26.5 (Yoast SEO v27.4) - https:\/\/yoast.com\/product\/yoast-seo-premium-wordpress\/ -->\n<title>Animaux - African Safari Travel<\/title>\n<meta name=\"description\" content=\"Vivez un safari unique en Tanzanie et d\u00e9couvrez les Big 5. Explorez le Serengeti et le Ngorongoro \u00e0 la recherche de lions, d&#039;\u00e9l\u00e9phants et bien plus encore.\" \/>\n<meta name=\"robots\" content=\"index, follow, max-snippet:-1, max-image-preview:large, max-video-preview:-1\" \/>\n<link rel=\"canonical\" href=\"https:\/\/africansafari.travel\/fr\/animaux\/\" \/>\n<meta property=\"og:locale\" content=\"fr_FR\" \/>\n<meta property=\"og:type\" content=\"article\" \/>\n<meta property=\"og:title\" content=\"Animaux\" \/>\n<meta property=\"og:description\" content=\"Vivez un safari unique en Tanzanie et d\u00e9couvrez les Big 5. Explorez le Serengeti et le Ngorongoro \u00e0 la recherche de lions, d&#039;\u00e9l\u00e9phants et bien plus encore.\" \/>\n<meta property=\"og:url\" content=\"https:\/\/africansafari.travel\/fr\/animaux\/\" \/>\n<meta property=\"og:site_name\" content=\"African Safari Travel\" \/>\n<meta property=\"article:modified_time\" content=\"2026-01-26T08:36:41+00:00\" \/>\n<meta property=\"og:image\" content=\"https:\/\/africansafari.travel\/wp-content\/uploads\/2024\/12\/logo.png\" \/>\n\t<meta property=\"og:image:width\" content=\"1024\" \/>\n\t<meta property=\"og:image:height\" content=\"344\" \/>\n\t<meta property=\"og:image:type\" content=\"image\/png\" \/>\n<meta name=\"twitter:card\" content=\"summary_large_image\" \/>\n<script type=\"application\/ld+json\" class=\"yoast-schema-graph\">{\"@context\":\"https:\\\/\\\/schema.org\",\"@graph\":[{\"@type\":\"WebPage\",\"@id\":\"https:\\\/\\\/africansafari.travel\\\/fr\\\/animaux\\\/\",\"url\":\"https:\\\/\\\/africansafari.travel\\\/fr\\\/animaux\\\/\",\"name\":\"Animaux - African Safari Travel\",\"isPartOf\":{\"@id\":\"https:\\\/\\\/africansafari.travel\\\/fr\\\/#website\"},\"datePublished\":\"2024-12-17T16:01:51+00:00\",\"dateModified\":\"2026-01-26T08:36:41+00:00\",\"description\":\"Vivez un safari unique en Tanzanie et d\u00e9couvrez les Big 5. Explorez le Serengeti et le Ngorongoro \u00e0 la recherche de lions, d'\u00e9l\u00e9phants et bien plus encore.\",\"breadcrumb\":{\"@id\":\"https:\\\/\\\/africansafari.travel\\\/fr\\\/animaux\\\/#breadcrumb\"},\"inLanguage\":\"fr-FR\",\"potentialAction\":[{\"@type\":\"ReadAction\",\"target\":[\"https:\\\/\\\/africansafari.travel\\\/fr\\\/animaux\\\/\"]}]},{\"@type\":\"BreadcrumbList\",\"@id\":\"https:\\\/\\\/africansafari.travel\\\/fr\\\/animaux\\\/#breadcrumb\",\"itemListElement\":[{\"@type\":\"ListItem\",\"position\":1,\"name\":\"Portada\",\"item\":\"https:\\\/\\\/africansafari.travel\\\/fr\\\/\"},{\"@type\":\"ListItem\",\"position\":2,\"name\":\"Animaux\"}]},{\"@type\":\"WebSite\",\"@id\":\"https:\\\/\\\/africansafari.travel\\\/fr\\\/#website\",\"url\":\"https:\\\/\\\/africansafari.travel\\\/fr\\\/\",\"name\":\"African Safari Travel\",\"description\":\"Safaris en Africa a medida\",\"potentialAction\":[{\"@type\":\"SearchAction\",\"target\":{\"@type\":\"EntryPoint\",\"urlTemplate\":\"https:\\\/\\\/africansafari.travel\\\/fr\\\/?s={search_term_string}\"},\"query-input\":{\"@type\":\"PropertyValueSpecification\",\"valueRequired\":true,\"valueName\":\"search_term_string\"}}],\"inLanguage\":\"fr-FR\"}]}<\/script>\n<!-- \/ Yoast SEO Premium plugin. -->","yoast_head_json":{"title":"Animaux - African Safari Travel","description":"Vivez un safari unique en Tanzanie et d\u00e9couvrez les Big 5. Explorez le Serengeti et le Ngorongoro \u00e0 la recherche de lions, d'\u00e9l\u00e9phants et bien plus encore.","robots":{"index":"index","follow":"follow","max-snippet":"max-snippet:-1","max-image-preview":"max-image-preview:large","max-video-preview":"max-video-preview:-1"},"canonical":"https:\/\/africansafari.travel\/fr\/animaux\/","og_locale":"fr_FR","og_type":"article","og_title":"Animaux","og_description":"Vivez un safari unique en Tanzanie et d\u00e9couvrez les Big 5. Explorez le Serengeti et le Ngorongoro \u00e0 la recherche de lions, d'\u00e9l\u00e9phants et bien plus encore.","og_url":"https:\/\/africansafari.travel\/fr\/animaux\/","og_site_name":"African Safari Travel","article_modified_time":"2026-01-26T08:36:41+00:00","og_image":[{"width":1024,"height":344,"url":"https:\/\/africansafari.travel\/wp-content\/uploads\/2024\/12\/logo.png","type":"image\/png"}],"twitter_card":"summary_large_image","schema":{"@context":"https:\/\/schema.org","@graph":[{"@type":"WebPage","@id":"https:\/\/africansafari.travel\/fr\/animaux\/","url":"https:\/\/africansafari.travel\/fr\/animaux\/","name":"Animaux - African Safari Travel","isPartOf":{"@id":"https:\/\/africansafari.travel\/fr\/#website"},"datePublished":"2024-12-17T16:01:51+00:00","dateModified":"2026-01-26T08:36:41+00:00","description":"Vivez un safari unique en Tanzanie et d\u00e9couvrez les Big 5. Explorez le Serengeti et le Ngorongoro \u00e0 la recherche de lions, d'\u00e9l\u00e9phants et bien plus encore.","breadcrumb":{"@id":"https:\/\/africansafari.travel\/fr\/animaux\/#breadcrumb"},"inLanguage":"fr-FR","potentialAction":[{"@type":"ReadAction","target":["https:\/\/africansafari.travel\/fr\/animaux\/"]}]},{"@type":"BreadcrumbList","@id":"https:\/\/africansafari.travel\/fr\/animaux\/#breadcrumb","itemListElement":[{"@type":"ListItem","position":1,"name":"Portada","item":"https:\/\/africansafari.travel\/fr\/"},{"@type":"ListItem","position":2,"name":"Animaux"}]},{"@type":"WebSite","@id":"https:\/\/africansafari.travel\/fr\/#website","url":"https:\/\/africansafari.travel\/fr\/","name":"African Safari Travel","description":"Safaris en Africa a medida","potentialAction":[{"@type":"SearchAction","target":{"@type":"EntryPoint","urlTemplate":"https:\/\/africansafari.travel\/fr\/?s={search_term_string}"},"query-input":{"@type":"PropertyValueSpecification","valueRequired":true,"valueName":"search_term_string"}}],"inLanguage":"fr-FR"}]}},"_links":{"self":[{"href":"https:\/\/africansafari.travel\/fr\/wp-json\/wp\/v2\/pages\/16024","targetHints":{"allow":["GET"]}}],"collection":[{"href":"https:\/\/africansafari.travel\/fr\/wp-json\/wp\/v2\/pages"}],"about":[{"href":"https:\/\/africansafari.travel\/fr\/wp-json\/wp\/v2\/types\/page"}],"author":[{"embeddable":true,"href":"https:\/\/africansafari.travel\/fr\/wp-json\/wp\/v2\/users\/1"}],"replies":[{"embeddable":true,"href":"https:\/\/africansafari.travel\/fr\/wp-json\/wp\/v2\/comments?post=16024"}],"version-history":[{"count":3,"href":"https:\/\/africansafari.travel\/fr\/wp-json\/wp\/v2\/pages\/16024\/revisions"}],"predecessor-version":[{"id":17234,"href":"https:\/\/africansafari.travel\/fr\/wp-json\/wp\/v2\/pages\/16024\/revisions\/17234"}],"wp:attachment":[{"href":"https:\/\/africansafari.travel\/fr\/wp-json\/wp\/v2\/media?parent=16024"}],"wp:term":[{"taxonomy":"region_parques","embeddable":true,"href":"https:\/\/africansafari.travel\/fr\/wp-json\/wp\/v2\/region_parques?post=16024"}],"curies":[{"name":"wp","href":"https:\/\/api.w.org\/{rel}","templated":true}]}}