{"id":15991,"date":"2024-12-08T12:21:34","date_gmt":"2024-12-08T12:21:34","guid":{"rendered":"https:\/\/africansafari.travel\/activites\/"},"modified":"2026-01-26T08:33:44","modified_gmt":"2026-01-26T08:33:44","slug":"activites","status":"publish","type":"page","link":"https:\/\/africansafari.travel\/fr\/activites\/","title":{"rendered":"Activit\u00e9s"},"content":{"rendered":"\t\t<div data-elementor-type=\"wp-page\" data-elementor-id=\"15991\" class=\"elementor elementor-15991 elementor-6019\" data-elementor-post-type=\"page\">\n\t\t\t\t<div class=\"elementor-element elementor-element-c2c655a e-flex e-con-boxed e-con e-parent\" data-id=\"c2c655a\" data-element_type=\"container\" data-e-type=\"container\" data-settings=\"{&quot;background_background&quot;:&quot;classic&quot;}\">\n\t\t\t\t\t<div class=\"e-con-inner\">\n\t\t<div class=\"elementor-element elementor-element-cf3bf32 e-con-full e-flex e-con e-child\" data-id=\"cf3bf32\" data-element_type=\"container\" data-e-type=\"container\">\n\t\t\t\t<div class=\"elementor-element elementor-element-1788aa3 elementor-widget-mobile__width-initial elementor-widget elementor-widget-heading\" data-id=\"1788aa3\" data-element_type=\"widget\" data-e-type=\"widget\" data-widget_type=\"heading.default\">\n\t\t\t\t\t<h1 class=\"elementor-heading-title elementor-size-default\">Activit\u00e9s en Tanzanie<\/h1>\t\t\t\t<\/div>\n\t\t\t\t<div class=\"elementor-element elementor-element-6865dfe elementor-widget elementor-widget-text-editor\" data-id=\"6865dfe\" data-element_type=\"widget\" data-e-type=\"widget\" data-widget_type=\"text-editor.default\">\n\t\t\t\t\t\t\t\t\t<p>Les meilleures activit\u00e9s en Tanzanie con\u00e7ues pour vous<\/p>\t\t\t\t\t\t\t\t<\/div>\n\t\t\t\t<\/div>\n\t\t\t\t\t<\/div>\n\t\t\t\t<\/div>\n\t\t<div class=\"elementor-element elementor-element-0be9277 e-con-full e-flex e-con e-parent\" data-id=\"0be9277\" data-element_type=\"container\" data-e-type=\"container\">\n\t\t\t\t<div class=\"elementor-element elementor-element-77a0ac8 elementor-widget elementor-widget-heading\" data-id=\"77a0ac8\" data-element_type=\"widget\" data-e-type=\"widget\" data-widget_type=\"heading.default\">\n\t\t\t\t\t<h2 class=\"elementor-heading-title elementor-size-default\">Activit\u00e9s disponibles en Tanzanie avec African Safari Travel<\/h2>\t\t\t\t<\/div>\n\t\t\t\t<div class=\"elementor-element elementor-element-eac71b2 elementor-widget elementor-widget-text-editor\" data-id=\"eac71b2\" data-element_type=\"widget\" data-e-type=\"widget\" data-widget_type=\"text-editor.default\">\n\t\t\t\t\t\t\t\t\tChez <strong>African Safari Travel<\/strong>, nous voulons faire de votre aventure en Tanzanie une exp\u00e9rience <strong>vraiment inoubliable<\/strong>. C\u2019est pourquoi nous avons soigneusement s\u00e9lectionn\u00e9 un \u00e9ventail d\u2019activit\u00e9s qui viennent enrichir le safari classique. Des <strong>excursions palpitantes en 4&#215;4<\/strong> \u00e0 travers les immenses plaines du Serengeti aux <strong>vols en montgolfi\u00e8re au lever du soleil<\/strong>, en passant par des <strong>rencontres culturelles avec les communaut\u00e9s locales<\/strong>, chaque activit\u00e9 est pens\u00e9e pour vous reconnecter \u00e0 l\u2019<strong>essence de l\u2019Afrique<\/strong>.\n\nQue vous ayez envie d\u2019admirer la faune depuis les airs, d\u2019explorer \u00e0 pied des paysages spectaculaires, ou de vous d\u00e9tendre sur les plages idylliques de Zanzibar apr\u00e8s votre safari, <strong>African Safari Travel<\/strong> propose des options pour tous les go\u00fbts et tous les niveaux d\u2019aventure.\n\n<strong>Pr\u00e9parez-vous \u00e0 cr\u00e9er des souvenirs qui vous accompagneront toute une vie en d\u00e9couvrant la magie de la Tanzanie \u00e0 nos c\u00f4t\u00e9s\u00a0!<\/strong>\n\t\t\t\t\t\t\t\t<\/div>\n\t\t\t\t<\/div>\n\t\t<div class=\"elementor-element elementor-element-8b46509 e-con-full e-flex e-con e-parent\" data-id=\"8b46509\" data-element_type=\"container\" data-e-type=\"container\">\n\t\t\t\t<div class=\"elementor-element elementor-element-977b8d4 elementor-grid-4 elementor-grid-mobile-2 elementor-grid-tablet-2 elementor-widget elementor-widget-loop-grid\" data-id=\"977b8d4\" data-element_type=\"widget\" data-e-type=\"widget\" data-settings=\"{&quot;template_id&quot;:1618,&quot;columns&quot;:4,&quot;pagination_type&quot;:&quot;load_more_infinite_scroll&quot;,&quot;columns_mobile&quot;:2,&quot;row_gap_mobile&quot;:{&quot;unit&quot;:&quot;px&quot;,&quot;size&quot;:10,&quot;sizes&quot;:[]},&quot;row_gap&quot;:{&quot;unit&quot;:&quot;px&quot;,&quot;size&quot;:10,&quot;sizes&quot;:[]},&quot;row_gap_tablet&quot;:{&quot;unit&quot;:&quot;px&quot;,&quot;size&quot;:10,&quot;sizes&quot;:[]},&quot;_skin&quot;:&quot;post&quot;,&quot;columns_tablet&quot;:&quot;2&quot;,&quot;edit_handle_selector&quot;:&quot;[data-elementor-type=\\&quot;loop-item\\&quot;]&quot;,&quot;load_more_spinner&quot;:{&quot;value&quot;:&quot;fas fa-spinner&quot;,&quot;library&quot;:&quot;fa-solid&quot;}}\" data-widget_type=\"loop-grid.post\">\n\t\t\t\t<div class=\"elementor-widget-container\">\n\t\t\t\t\t\t\t<div class=\"e-loop-nothing-found-message\">\n\t\t<\/div>\n\t\t\t\t\t\t<\/div>\n\t\t\t\t<\/div>\n\t\t\t\t<\/div>\n\t\t<div class=\"elementor-element elementor-element-ed73d65 e-con-full e-flex e-con e-parent\" data-id=\"ed73d65\" data-element_type=\"container\" data-e-type=\"container\" data-settings=\"{&quot;background_background&quot;:&quot;classic&quot;,&quot;shape_divider_bottom&quot;:&quot;mountains&quot;}\">\n\t\t\t\t<div class=\"elementor-shape elementor-shape-bottom\" aria-hidden=\"true\" data-negative=\"false\">\n\t\t\t<svg xmlns=\"http:\/\/www.w3.org\/2000\/svg\" viewBox=\"0 0 1000 100\" preserveAspectRatio=\"none\">\n\t<path class=\"elementor-shape-fill\" opacity=\"0.33\" d=\"M473,67.3c-203.9,88.3-263.1-34-320.3,0C66,119.1,0,59.7,0,59.7V0h1000v59.7 c0,0-62.1,26.1-94.9,29.3c-32.8,3.3-62.8-12.3-75.8-22.1C806,49.6,745.3,8.7,694.9,4.7S492.4,59,473,67.3z\"\/>\n\t<path class=\"elementor-shape-fill\" opacity=\"0.66\" d=\"M734,67.3c-45.5,0-77.2-23.2-129.1-39.1c-28.6-8.7-150.3-10.1-254,39.1 s-91.7-34.4-149.2,0C115.7,118.3,0,39.8,0,39.8V0h1000v36.5c0,0-28.2-18.5-92.1-18.5C810.2,18.1,775.7,67.3,734,67.3z\"\/>\n\t<path class=\"elementor-shape-fill\" d=\"M766.1,28.9c-200-57.5-266,65.5-395.1,19.5C242,1.8,242,5.4,184.8,20.6C128,35.8,132.3,44.9,89.9,52.5C28.6,63.7,0,0,0,0 h1000c0,0-9.9,40.9-83.6,48.1S829.6,47,766.1,28.9z\"\/>\n<\/svg>\t\t<\/div>\n\t\t<div class=\"elementor-element elementor-element-e7985fb e-con-full e-flex e-con e-child\" data-id=\"e7985fb\" data-element_type=\"container\" data-e-type=\"container\">\n\t\t\t\t<div class=\"elementor-element elementor-element-0640541 elementor-widget elementor-widget-heading\" data-id=\"0640541\" data-element_type=\"widget\" data-e-type=\"widget\" data-widget_type=\"heading.default\">\n\t\t\t\t\t<h3 class=\"elementor-heading-title elementor-size-default\">African Safari Travel<\/h3>\t\t\t\t<\/div>\n\t\t\t\t<div class=\"elementor-element elementor-element-54e86f6 elementor-widget elementor-widget-heading\" data-id=\"54e86f6\" data-element_type=\"widget\" data-e-type=\"widget\" data-widget_type=\"heading.default\">\n\t\t\t\t\t<p class=\"elementor-heading-title elementor-size-default\">D\u00e9couvrez la Tanzanie avec une \u00e9quipe professionnelle<\/p>\t\t\t\t<\/div>\n\t\t\t\t<div class=\"elementor-element elementor-element-b24a5fc elementor-widget elementor-widget-text-editor\" data-id=\"b24a5fc\" data-element_type=\"widget\" data-e-type=\"widget\" data-widget_type=\"text-editor.default\">\n\t\t\t\t\t\t\t\t\tChez <strong>African Safari<\/strong>, nous savons qu\u2019un safari en Tanzanie est bien plus qu\u2019un voyage\u00a0: c\u2019est une exp\u00e9rience unique qui m\u00e9rite d\u2019\u00eatre organis\u00e9e par de v\u00e9ritables experts. Notre <strong>\u00e9quipe professionnelle<\/strong> est compos\u00e9e de guides locaux hautement qualifi\u00e9s, dot\u00e9s d\u2019une connaissance approfondie de la faune, de la flore et de la culture de la r\u00e9gion. Que vous choisissiez un <b>safari en montgolfi\u00e8re<\/b> palpitant, une randonn\u00e9e sur les itin\u00e9raires les plus impressionnants ou une visite culturelle, nous vous garantissons une <strong>attention personnalis\u00e9e<\/strong> et un souci du <strong>d\u00e9tail<\/strong>, afin que chaque activit\u00e9 d\u00e9passe vos attentes.\n\n<strong>Avec African Safari,<\/strong> vous b\u00e9n\u00e9ficierez d\u2019un service de premi\u00e8re classe, d\u2019une s\u00e9curit\u00e9 \u00e0 chaque instant et d\u2019exp\u00e9riences con\u00e7ues pour vous faire vivre l\u2019essence authentique de l\u2019Afrique.\n\t\t\t\t\t\t\t\t<\/div>\n\t\t\t\t<\/div>\n\t\t\t\t<\/div>\n\t\t<div class=\"elementor-element elementor-element-b4d3ce1 e-con-full e-flex e-con e-parent\" data-id=\"b4d3ce1\" data-element_type=\"container\" data-e-type=\"container\">\n\t\t\t\t<div class=\"elementor-element elementor-element-daee27b elementor-widget elementor-widget-heading\" data-id=\"daee27b\" data-element_type=\"widget\" data-e-type=\"widget\" data-widget_type=\"heading.default\">\n\t\t\t\t\t<h2 class=\"elementor-heading-title elementor-size-default\">Pourquoi choisir un safari priv\u00e9 en Tanzanie ?<\/h2>\t\t\t\t<\/div>\n\t\t\t\t<div class=\"elementor-element elementor-element-b5a589b elementor-widget elementor-widget-text-editor\" data-id=\"b5a589b\" data-element_type=\"widget\" data-e-type=\"widget\" data-widget_type=\"text-editor.default\">\n\t\t\t\t\t\t\t\t\t<p>Un safari priv\u00e9 avec <strong>African Safari<\/strong> est bien plus qu\u2019un voyage\u00a0: c\u2019est une exp\u00e9rience personnalis\u00e9e et exclusive, con\u00e7ue pour vous. La flexibilit\u00e9 totale est l\u2019un des principaux avantages de cette formule, puisque vous d\u00e9cidez du rythme et de l\u2019itin\u00e9raire. Chaque d\u00e9tail du safari est adapt\u00e9 \u00e0 vos pr\u00e9f\u00e9rences, \u00e0 vos centres d\u2019int\u00e9r\u00eat et \u00e0 vos besoins, pour vous offrir une aventure enti\u00e8rement sur mesure.<\/p><p><b>Une attention exclusive<\/b> est un autre atout majeur. Un guide professionnel sera d\u00e9di\u00e9 uniquement \u00e0 vous et \u00e0 votre groupe, garantissant une exp\u00e9rience personnalis\u00e9e et enrichissante. Cette disponibilit\u00e9 vous permet de profiter pleinement des <b>connaissances et de l\u2019expertise du guide, sans distractions<\/b>, afin que chaque instant reste m\u00e9morable.<\/p><p>De plus, un <b>safari priv\u00e9 vous offre intimit\u00e9 et confort.<\/b> Vous explorerez les paysages africains en toute s\u00e9r\u00e9nit\u00e9, dans un v\u00e9hicule r\u00e9serv\u00e9 \u00e0 vous et \u00e0 vos compagnons, sans avoir \u00e0 le partager avec d\u2019autres voyageurs. Cela apporte non seulement plus de confort, mais rend aussi l\u2019<b>exp\u00e9rience encore plus intime et sp\u00e9ciale<\/b>.<\/p>\t\t\t\t\t\t\t\t<\/div>\n\t\t\t\t<\/div>\n\t\t<div class=\"elementor-element elementor-element-ffd9e22 e-con-full e-flex e-con e-parent\" data-id=\"ffd9e22\" data-element_type=\"container\" data-e-type=\"container\" data-settings=\"{&quot;background_background&quot;:&quot;classic&quot;,&quot;shape_divider_bottom&quot;:&quot;mountains&quot;}\">\n\t\t\t\t<div class=\"elementor-shape elementor-shape-bottom\" aria-hidden=\"true\" data-negative=\"false\">\n\t\t\t<svg xmlns=\"http:\/\/www.w3.org\/2000\/svg\" viewBox=\"0 0 1000 100\" preserveAspectRatio=\"none\">\n\t<path class=\"elementor-shape-fill\" opacity=\"0.33\" d=\"M473,67.3c-203.9,88.3-263.1-34-320.3,0C66,119.1,0,59.7,0,59.7V0h1000v59.7 c0,0-62.1,26.1-94.9,29.3c-32.8,3.3-62.8-12.3-75.8-22.1C806,49.6,745.3,8.7,694.9,4.7S492.4,59,473,67.3z\"\/>\n\t<path class=\"elementor-shape-fill\" opacity=\"0.66\" d=\"M734,67.3c-45.5,0-77.2-23.2-129.1-39.1c-28.6-8.7-150.3-10.1-254,39.1 s-91.7-34.4-149.2,0C115.7,118.3,0,39.8,0,39.8V0h1000v36.5c0,0-28.2-18.5-92.1-18.5C810.2,18.1,775.7,67.3,734,67.3z\"\/>\n\t<path class=\"elementor-shape-fill\" d=\"M766.1,28.9c-200-57.5-266,65.5-395.1,19.5C242,1.8,242,5.4,184.8,20.6C128,35.8,132.3,44.9,89.9,52.5C28.6,63.7,0,0,0,0 h1000c0,0-9.9,40.9-83.6,48.1S829.6,47,766.1,28.9z\"\/>\n<\/svg>\t\t<\/div>\n\t\t<div class=\"elementor-element elementor-element-6a1d2d7 e-con-full e-flex e-con e-child\" data-id=\"6a1d2d7\" data-element_type=\"container\" data-e-type=\"container\">\n\t\t\t\t<div class=\"elementor-element elementor-element-95c1640 elementor-widget elementor-widget-heading\" data-id=\"95c1640\" data-element_type=\"widget\" data-e-type=\"widget\" data-widget_type=\"heading.default\">\n\t\t\t\t\t<h2 class=\"elementor-heading-title elementor-size-default\">Exp\u00e9riences uniques sur nos safaris priv\u00e9s<\/h2>\t\t\t\t<\/div>\n\t\t\t\t<div class=\"elementor-element elementor-element-e76ac00 elementor-widget elementor-widget-gallery\" data-id=\"e76ac00\" data-element_type=\"widget\" data-e-type=\"widget\" data-settings=\"{&quot;gap&quot;:{&quot;unit&quot;:&quot;px&quot;,&quot;size&quot;:2,&quot;sizes&quot;:[]},&quot;gallery_layout&quot;:&quot;justified&quot;,&quot;ideal_row_height&quot;:{&quot;unit&quot;:&quot;px&quot;,&quot;size&quot;:290,&quot;sizes&quot;:[]},&quot;lazyload&quot;:&quot;yes&quot;,&quot;ideal_row_height_tablet&quot;:{&quot;unit&quot;:&quot;px&quot;,&quot;size&quot;:150,&quot;sizes&quot;:[]},&quot;ideal_row_height_mobile&quot;:{&quot;unit&quot;:&quot;px&quot;,&quot;size&quot;:150,&quot;sizes&quot;:[]},&quot;gap_tablet&quot;:{&quot;unit&quot;:&quot;px&quot;,&quot;size&quot;:10,&quot;sizes&quot;:[]},&quot;gap_mobile&quot;:{&quot;unit&quot;:&quot;px&quot;,&quot;size&quot;:10,&quot;sizes&quot;:[]},&quot;overlay_background&quot;:&quot;yes&quot;,&quot;content_hover_animation&quot;:&quot;fade-in&quot;}\" data-widget_type=\"gallery.default\">\n\t\t\t\t\t\t\t<div class=\"elementor-gallery__container\">\n\t\t\t\t\t\t\t<div class=\"e-gallery-item elementor-gallery-item elementor-animated-content\">\n\t\t\t\t\t<div class=\"e-gallery-image elementor-gallery-item__image\" data-thumbnail=\"https:\/\/africansafari.travel\/wp-content\/uploads\/2025\/09\/luxury-4x4-1.webp\" data-width=\"1200\" data-height=\"791\" aria-label=\"\" role=\"img\" ><\/div>\n\t\t\t\t\t\t\t\t\t\t\t<div class=\"elementor-gallery-item__overlay\"><\/div>\n\t\t\t\t\t\t\t\t\t\t\t\t\t\t<\/div>\n\t\t\t\t\t\t\t<div class=\"e-gallery-item elementor-gallery-item elementor-animated-content\">\n\t\t\t\t\t<div class=\"e-gallery-image elementor-gallery-item__image\" data-thumbnail=\"https:\/\/africansafari.travel\/wp-content\/uploads\/2025\/09\/Jirafa-caminando.webp\" data-width=\"1080\" data-height=\"1616\" aria-label=\"\" role=\"img\" ><\/div>\n\t\t\t\t\t\t\t\t\t\t\t<div class=\"elementor-gallery-item__overlay\"><\/div>\n\t\t\t\t\t\t\t\t\t\t\t\t\t\t<\/div>\n\t\t\t\t\t\t\t<div class=\"e-gallery-item elementor-gallery-item elementor-animated-content\">\n\t\t\t\t\t<div class=\"e-gallery-image elementor-gallery-item__image\" data-thumbnail=\"https:\/\/africansafari.travel\/wp-content\/uploads\/2025\/05\/Serena-Mivumo-River-Lodge.jpg\" data-width=\"1024\" data-height=\"681\" aria-label=\"\" role=\"img\" ><\/div>\n\t\t\t\t\t\t\t\t\t\t\t<div class=\"elementor-gallery-item__overlay\"><\/div>\n\t\t\t\t\t\t\t\t\t\t\t\t\t\t<\/div>\n\t\t\t\t\t<\/div>\n\t\t\t\t\t<\/div>\n\t\t\t\t<div class=\"elementor-element elementor-element-834af75 elementor-widget elementor-widget-text-editor\" data-id=\"834af75\" data-element_type=\"widget\" data-e-type=\"widget\" data-widget_type=\"text-editor.default\">\n\t\t\t\t\t\t\t\t\tChez <strong>African Safari<\/strong>, chaque activit\u00e9 et chaque safari sont con\u00e7us pour offrir une exp\u00e9rience authentique, unique et enti\u00e8rement personnalis\u00e9e. Nous sommes sp\u00e9cialis\u00e9s dans la cr\u00e9ation de moments qui vous connectent non seulement \u00e0 la beaut\u00e9 de la nature africaine, mais aussi \u00e0 ses habitants, \u00e0 sa culture et \u00e0 ses traditions, pour faire de chaque journ\u00e9e une aventure diff\u00e9rente et m\u00e9morable.\n\nL\u2019une des raisons pour lesquelles nos exp\u00e9riences se distinguent est la possibilit\u00e9 d\u2019<b>explorer les destinations les plus embl\u00e9matiques de Tanzanie \u00e0 votre rythme<\/b>. Avec des guides experts qui vous sont exclusivement d\u00e9di\u00e9s, vous b\u00e9n\u00e9ficierez d\u2019<b>un acc\u00e8s privil\u00e9gi\u00e9 \u00e0 des informations passionnantes sur la faune, la flore et les \u00e9cosyst\u00e8mes<\/b> qui vous entourent. Du suivi de la <b>Grande Migration dans le Serengeti<\/b> \u00e0 l\u2019observation de lions se reposant dans les plaines, nos safaris sont une v\u00e9ritable fen\u00eatre ouverte sur le c\u0153ur de l\u2019Afrique.\n\nDe plus, <b>nos activit\u00e9s vont bien au-del\u00e0 du safari traditionnel<\/b>. Imaginez survoler le Serengeti en montgolfi\u00e8re \u00e0 l\u2019aube, avec des panoramas spectaculaires, tout en savourant la s\u00e9r\u00e9nit\u00e9 du ciel africain. Ou <b>partager des histoires avec la tribu Maasai autour d\u2019un feu de camp<\/b>, en d\u00e9couvrant leur culture et leurs traditions ancestrales. Ces exp\u00e9riences soigneusement s\u00e9lectionn\u00e9es vous permettent de <b>d\u00e9couvrir une Afrique plus intime, plus profonde et infiniment enrichissante<\/b>.\t\t\t\t\t\t\t\t<\/div>\n\t\t\t\t<\/div>\n\t\t\t\t<\/div>\n\t\t\t\t<\/div>\n\t\t","protected":false},"excerpt":{"rendered":"<p>Activit\u00e9s en Tanzanie Les meilleures activit\u00e9s en Tanzanie con\u00e7ues pour vous Activit\u00e9s disponibles en Tanzanie avec African Safari Travel Chez African Safari Travel, nous voulons faire de votre aventure en Tanzanie une exp\u00e9rience vraiment inoubliable. C\u2019est pourquoi nous avons soigneusement s\u00e9lectionn\u00e9 un \u00e9ventail d\u2019activit\u00e9s qui viennent enrichir le safari classique. Des excursions palpitantes en 4&#215;4 [&hellip;]<\/p>\n","protected":false},"author":2,"featured_media":0,"parent":0,"menu_order":0,"comment_status":"closed","ping_status":"closed","template":"elementor_header_footer","meta":{"_acf_changed":false,"footnotes":""},"region_parques":[],"class_list":["post-15991","page","type-page","status-publish","hentry"],"blocksy_meta":[],"acf":[],"yoast_head":"<!-- This site is optimized with the Yoast SEO Premium plugin v26.5 (Yoast SEO v27.4) - https:\/\/yoast.com\/product\/yoast-seo-premium-wordpress\/ -->\n<title>Activit\u00e9s - African Safari Travel<\/title>\n<meta name=\"description\" content=\"Profitez d&#039;activit\u00e9s passionnantes en Tanzanie : observation des animaux, randonn\u00e9es et safaris nocturnes. Une exp\u00e9rience inoubliable.\" \/>\n<meta name=\"robots\" content=\"index, follow, max-snippet:-1, max-image-preview:large, max-video-preview:-1\" \/>\n<link rel=\"canonical\" href=\"https:\/\/africansafari.travel\/fr\/activites\/\" \/>\n<meta property=\"og:locale\" content=\"fr_FR\" \/>\n<meta property=\"og:type\" content=\"article\" \/>\n<meta property=\"og:title\" content=\"Activit\u00e9s\" \/>\n<meta property=\"og:description\" content=\"Profitez d&#039;activit\u00e9s passionnantes en Tanzanie : observation des animaux, randonn\u00e9es et safaris nocturnes. Une exp\u00e9rience inoubliable.\" \/>\n<meta property=\"og:url\" content=\"https:\/\/africansafari.travel\/fr\/activites\/\" \/>\n<meta property=\"og:site_name\" content=\"African Safari Travel\" \/>\n<meta property=\"article:modified_time\" content=\"2026-01-26T08:33:44+00:00\" \/>\n<meta property=\"og:image\" content=\"https:\/\/africansafari.travel\/wp-content\/uploads\/2024\/12\/logo.png\" \/>\n\t<meta property=\"og:image:width\" content=\"1024\" \/>\n\t<meta property=\"og:image:height\" content=\"344\" \/>\n\t<meta property=\"og:image:type\" content=\"image\/png\" \/>\n<meta name=\"twitter:card\" content=\"summary_large_image\" \/>\n<script type=\"application\/ld+json\" class=\"yoast-schema-graph\">{\"@context\":\"https:\\\/\\\/schema.org\",\"@graph\":[{\"@type\":\"WebPage\",\"@id\":\"https:\\\/\\\/africansafari.travel\\\/fr\\\/activites\\\/\",\"url\":\"https:\\\/\\\/africansafari.travel\\\/fr\\\/activites\\\/\",\"name\":\"Activit\u00e9s - African Safari Travel\",\"isPartOf\":{\"@id\":\"https:\\\/\\\/africansafari.travel\\\/fr\\\/#website\"},\"datePublished\":\"2024-12-08T12:21:34+00:00\",\"dateModified\":\"2026-01-26T08:33:44+00:00\",\"description\":\"Profitez d'activit\u00e9s passionnantes en Tanzanie : observation des animaux, randonn\u00e9es et safaris nocturnes. Une exp\u00e9rience inoubliable.\",\"breadcrumb\":{\"@id\":\"https:\\\/\\\/africansafari.travel\\\/fr\\\/activites\\\/#breadcrumb\"},\"inLanguage\":\"fr-FR\",\"potentialAction\":[{\"@type\":\"ReadAction\",\"target\":[\"https:\\\/\\\/africansafari.travel\\\/fr\\\/activites\\\/\"]}]},{\"@type\":\"BreadcrumbList\",\"@id\":\"https:\\\/\\\/africansafari.travel\\\/fr\\\/activites\\\/#breadcrumb\",\"itemListElement\":[{\"@type\":\"ListItem\",\"position\":1,\"name\":\"Portada\",\"item\":\"https:\\\/\\\/africansafari.travel\\\/fr\\\/\"},{\"@type\":\"ListItem\",\"position\":2,\"name\":\"Activit\u00e9s\"}]},{\"@type\":\"WebSite\",\"@id\":\"https:\\\/\\\/africansafari.travel\\\/fr\\\/#website\",\"url\":\"https:\\\/\\\/africansafari.travel\\\/fr\\\/\",\"name\":\"African Safari Travel\",\"description\":\"Safaris en Africa a medida\",\"potentialAction\":[{\"@type\":\"SearchAction\",\"target\":{\"@type\":\"EntryPoint\",\"urlTemplate\":\"https:\\\/\\\/africansafari.travel\\\/fr\\\/?s={search_term_string}\"},\"query-input\":{\"@type\":\"PropertyValueSpecification\",\"valueRequired\":true,\"valueName\":\"search_term_string\"}}],\"inLanguage\":\"fr-FR\"}]}<\/script>\n<!-- \/ Yoast SEO Premium plugin. -->","yoast_head_json":{"title":"Activit\u00e9s - African Safari Travel","description":"Profitez d'activit\u00e9s passionnantes en Tanzanie : observation des animaux, randonn\u00e9es et safaris nocturnes. Une exp\u00e9rience inoubliable.","robots":{"index":"index","follow":"follow","max-snippet":"max-snippet:-1","max-image-preview":"max-image-preview:large","max-video-preview":"max-video-preview:-1"},"canonical":"https:\/\/africansafari.travel\/fr\/activites\/","og_locale":"fr_FR","og_type":"article","og_title":"Activit\u00e9s","og_description":"Profitez d'activit\u00e9s passionnantes en Tanzanie : observation des animaux, randonn\u00e9es et safaris nocturnes. Une exp\u00e9rience inoubliable.","og_url":"https:\/\/africansafari.travel\/fr\/activites\/","og_site_name":"African Safari Travel","article_modified_time":"2026-01-26T08:33:44+00:00","og_image":[{"width":1024,"height":344,"url":"https:\/\/africansafari.travel\/wp-content\/uploads\/2024\/12\/logo.png","type":"image\/png"}],"twitter_card":"summary_large_image","schema":{"@context":"https:\/\/schema.org","@graph":[{"@type":"WebPage","@id":"https:\/\/africansafari.travel\/fr\/activites\/","url":"https:\/\/africansafari.travel\/fr\/activites\/","name":"Activit\u00e9s - African Safari Travel","isPartOf":{"@id":"https:\/\/africansafari.travel\/fr\/#website"},"datePublished":"2024-12-08T12:21:34+00:00","dateModified":"2026-01-26T08:33:44+00:00","description":"Profitez d'activit\u00e9s passionnantes en Tanzanie : observation des animaux, randonn\u00e9es et safaris nocturnes. Une exp\u00e9rience inoubliable.","breadcrumb":{"@id":"https:\/\/africansafari.travel\/fr\/activites\/#breadcrumb"},"inLanguage":"fr-FR","potentialAction":[{"@type":"ReadAction","target":["https:\/\/africansafari.travel\/fr\/activites\/"]}]},{"@type":"BreadcrumbList","@id":"https:\/\/africansafari.travel\/fr\/activites\/#breadcrumb","itemListElement":[{"@type":"ListItem","position":1,"name":"Portada","item":"https:\/\/africansafari.travel\/fr\/"},{"@type":"ListItem","position":2,"name":"Activit\u00e9s"}]},{"@type":"WebSite","@id":"https:\/\/africansafari.travel\/fr\/#website","url":"https:\/\/africansafari.travel\/fr\/","name":"African Safari Travel","description":"Safaris en Africa a medida","potentialAction":[{"@type":"SearchAction","target":{"@type":"EntryPoint","urlTemplate":"https:\/\/africansafari.travel\/fr\/?s={search_term_string}"},"query-input":{"@type":"PropertyValueSpecification","valueRequired":true,"valueName":"search_term_string"}}],"inLanguage":"fr-FR"}]}},"_links":{"self":[{"href":"https:\/\/africansafari.travel\/fr\/wp-json\/wp\/v2\/pages\/15991","targetHints":{"allow":["GET"]}}],"collection":[{"href":"https:\/\/africansafari.travel\/fr\/wp-json\/wp\/v2\/pages"}],"about":[{"href":"https:\/\/africansafari.travel\/fr\/wp-json\/wp\/v2\/types\/page"}],"author":[{"embeddable":true,"href":"https:\/\/africansafari.travel\/fr\/wp-json\/wp\/v2\/users\/2"}],"replies":[{"embeddable":true,"href":"https:\/\/africansafari.travel\/fr\/wp-json\/wp\/v2\/comments?post=15991"}],"version-history":[{"count":3,"href":"https:\/\/africansafari.travel\/fr\/wp-json\/wp\/v2\/pages\/15991\/revisions"}],"predecessor-version":[{"id":17231,"href":"https:\/\/africansafari.travel\/fr\/wp-json\/wp\/v2\/pages\/15991\/revisions\/17231"}],"wp:attachment":[{"href":"https:\/\/africansafari.travel\/fr\/wp-json\/wp\/v2\/media?parent=15991"}],"wp:term":[{"taxonomy":"region_parques","embeddable":true,"href":"https:\/\/africansafari.travel\/fr\/wp-json\/wp\/v2\/region_parques?post=15991"}],"curies":[{"name":"wp","href":"https:\/\/api.w.org\/{rel}","templated":true}]}}