{"id":9167,"date":"2024-12-17T23:12:35","date_gmt":"2024-12-17T23:12:35","guid":{"rendered":"https:\/\/africansafari.travel\/parque-nacionales\/parque-nacional-isla-saanane\/"},"modified":"2025-06-13T08:37:53","modified_gmt":"2025-06-13T08:37:53","slug":"parque-nacional-isla-saanane","status":"publish","type":"page","link":"https:\/\/africansafari.travel\/es\/parques-nacionales\/parque-nacional-isla-saanane\/","title":{"rendered":"Parque Nacional de la Isla Saanane"},"content":{"rendered":"","protected":false},"excerpt":{"rendered":"","protected":false},"author":2,"featured_media":9168,"parent":9066,"menu_order":0,"comment_status":"closed","ping_status":"open","template":"","meta":{"_acf_changed":false,"footnotes":""},"region_parques":[],"class_list":["post-9167","page","type-page","status-publish","has-post-thumbnail","hentry"],"blocksy_meta":[],"acf":[],"yoast_head":"<!-- This site is optimized with the Yoast SEO Premium plugin v26.5 (Yoast SEO v27.4) - https:\/\/yoast.com\/product\/yoast-seo-premium-wordpress\/ -->\n<title>Parque Nacional de la Isla Saanane: Naturaleza y Aventura en el Lago Victoria<\/title>\n<meta name=\"description\" content=\"Descubre el Parque Nacional de la Isla Saanane, el parque m\u00e1s peque\u00f1o de Tanzania, perfecto para excursiones de un d\u00eda y actividades acu\u00e1ticas.\" \/>\n<meta name=\"robots\" content=\"index, follow, max-snippet:-1, max-image-preview:large, max-video-preview:-1\" \/>\n<link rel=\"canonical\" href=\"https:\/\/africansafari.travel\/es\/parques-nacionales\/parque-nacional-isla-saanane\/\" \/>\n<meta property=\"og:locale\" content=\"es_ES\" \/>\n<meta property=\"og:type\" content=\"article\" \/>\n<meta property=\"og:title\" content=\"Parque Nacional de la Isla Saanane\" \/>\n<meta property=\"og:description\" content=\"Descubre el Parque Nacional de la Isla Saanane, el parque m\u00e1s peque\u00f1o de Tanzania, perfecto para excursiones de un d\u00eda y actividades acu\u00e1ticas.\" \/>\n<meta property=\"og:url\" content=\"https:\/\/africansafari.travel\/es\/parques-nacionales\/parque-nacional-isla-saanane\/\" \/>\n<meta property=\"og:site_name\" content=\"African Safari Travel\" \/>\n<meta property=\"article:modified_time\" content=\"2025-06-13T08:37:53+00:00\" \/>\n<meta property=\"og:image\" content=\"https:\/\/africansafari.travel\/wp-content\/uploads\/2024\/12\/saanane_national_park_views.webp\" \/>\n\t<meta property=\"og:image:width\" content=\"1200\" \/>\n\t<meta property=\"og:image:height\" content=\"675\" \/>\n\t<meta property=\"og:image:type\" content=\"image\/webp\" \/>\n<meta name=\"twitter:card\" content=\"summary_large_image\" \/>\n<meta name=\"twitter:label1\" content=\"Tiempo de lectura\" \/>\n\t<meta name=\"twitter:data1\" content=\"2 minutos\" \/>\n<script type=\"application\/ld+json\" class=\"yoast-schema-graph\">{\"@context\":\"https:\\\/\\\/schema.org\",\"@graph\":[{\"@type\":\"WebPage\",\"@id\":\"https:\\\/\\\/africansafari.travel\\\/es\\\/parques-nacionales\\\/parque-nacional-isla-saanane\\\/\",\"url\":\"https:\\\/\\\/africansafari.travel\\\/es\\\/parques-nacionales\\\/parque-nacional-isla-saanane\\\/\",\"name\":\"Parque Nacional de la Isla Saanane: Naturaleza y Aventura en el Lago Victoria\",\"isPartOf\":{\"@id\":\"https:\\\/\\\/africansafari.travel\\\/es\\\/#website\"},\"primaryImageOfPage\":{\"@id\":\"https:\\\/\\\/africansafari.travel\\\/es\\\/parques-nacionales\\\/parque-nacional-isla-saanane\\\/#primaryimage\"},\"image\":{\"@id\":\"https:\\\/\\\/africansafari.travel\\\/es\\\/parques-nacionales\\\/parque-nacional-isla-saanane\\\/#primaryimage\"},\"thumbnailUrl\":\"https:\\\/\\\/africansafari.travel\\\/wp-content\\\/uploads\\\/2024\\\/12\\\/saanane_national_park_views.webp\",\"datePublished\":\"2024-12-17T23:12:35+00:00\",\"dateModified\":\"2025-06-13T08:37:53+00:00\",\"description\":\"Descubre el Parque Nacional de la Isla Saanane, el parque m\u00e1s peque\u00f1o de Tanzania, perfecto para excursiones de un d\u00eda y actividades acu\u00e1ticas.\",\"breadcrumb\":{\"@id\":\"https:\\\/\\\/africansafari.travel\\\/es\\\/parques-nacionales\\\/parque-nacional-isla-saanane\\\/#breadcrumb\"},\"inLanguage\":\"es\",\"potentialAction\":[{\"@type\":\"ReadAction\",\"target\":[\"https:\\\/\\\/africansafari.travel\\\/es\\\/parques-nacionales\\\/parque-nacional-isla-saanane\\\/\"]}]},{\"@type\":\"ImageObject\",\"inLanguage\":\"es\",\"@id\":\"https:\\\/\\\/africansafari.travel\\\/es\\\/parques-nacionales\\\/parque-nacional-isla-saanane\\\/#primaryimage\",\"url\":\"https:\\\/\\\/africansafari.travel\\\/wp-content\\\/uploads\\\/2024\\\/12\\\/saanane_national_park_views.webp\",\"contentUrl\":\"https:\\\/\\\/africansafari.travel\\\/wp-content\\\/uploads\\\/2024\\\/12\\\/saanane_national_park_views.webp\",\"width\":1200,\"height\":675},{\"@type\":\"BreadcrumbList\",\"@id\":\"https:\\\/\\\/africansafari.travel\\\/es\\\/parques-nacionales\\\/parque-nacional-isla-saanane\\\/#breadcrumb\",\"itemListElement\":[{\"@type\":\"ListItem\",\"position\":1,\"name\":\"Portada\",\"item\":\"https:\\\/\\\/africansafari.travel\\\/es\\\/\"},{\"@type\":\"ListItem\",\"position\":2,\"name\":\"Parques Nacionales en Tanzania\",\"item\":\"https:\\\/\\\/africansafari.travel\\\/es\\\/parques-nacionales\\\/\"},{\"@type\":\"ListItem\",\"position\":3,\"name\":\"Parque Nacional de la Isla Saanane\"}]},{\"@type\":\"WebSite\",\"@id\":\"https:\\\/\\\/africansafari.travel\\\/es\\\/#website\",\"url\":\"https:\\\/\\\/africansafari.travel\\\/es\\\/\",\"name\":\"African Safari Travel\",\"description\":\"Safaris en Africa a medida\",\"publisher\":{\"@id\":\"https:\\\/\\\/africansafari.travel\\\/es\\\/#organization\"},\"potentialAction\":[{\"@type\":\"SearchAction\",\"target\":{\"@type\":\"EntryPoint\",\"urlTemplate\":\"https:\\\/\\\/africansafari.travel\\\/es\\\/?s={search_term_string}\"},\"query-input\":{\"@type\":\"PropertyValueSpecification\",\"valueRequired\":true,\"valueName\":\"search_term_string\"}}],\"inLanguage\":\"es\"},{\"@type\":\"Organization\",\"@id\":\"https:\\\/\\\/africansafari.travel\\\/es\\\/#organization\",\"name\":\"African Safari Travel\",\"url\":\"https:\\\/\\\/africansafari.travel\\\/es\\\/\",\"logo\":{\"@type\":\"ImageObject\",\"inLanguage\":\"es\",\"@id\":\"https:\\\/\\\/africansafari.travel\\\/es\\\/#\\\/schema\\\/logo\\\/image\\\/\",\"url\":\"https:\\\/\\\/africansafari.travel\\\/wp-content\\\/uploads\\\/2024\\\/12\\\/logo.png\",\"contentUrl\":\"https:\\\/\\\/africansafari.travel\\\/wp-content\\\/uploads\\\/2024\\\/12\\\/logo.png\",\"width\":1024,\"height\":344,\"caption\":\"African Safari Travel\"},\"image\":{\"@id\":\"https:\\\/\\\/africansafari.travel\\\/es\\\/#\\\/schema\\\/logo\\\/image\\\/\"}}]}<\/script>\n<!-- \/ Yoast SEO Premium plugin. -->","yoast_head_json":{"title":"Parque Nacional de la Isla Saanane: Naturaleza y Aventura en el Lago Victoria","description":"Descubre el Parque Nacional de la Isla Saanane, el parque m\u00e1s peque\u00f1o de Tanzania, perfecto para excursiones de un d\u00eda y actividades acu\u00e1ticas.","robots":{"index":"index","follow":"follow","max-snippet":"max-snippet:-1","max-image-preview":"max-image-preview:large","max-video-preview":"max-video-preview:-1"},"canonical":"https:\/\/africansafari.travel\/es\/parques-nacionales\/parque-nacional-isla-saanane\/","og_locale":"es_ES","og_type":"article","og_title":"Parque Nacional de la Isla Saanane","og_description":"Descubre el Parque Nacional de la Isla Saanane, el parque m\u00e1s peque\u00f1o de Tanzania, perfecto para excursiones de un d\u00eda y actividades acu\u00e1ticas.","og_url":"https:\/\/africansafari.travel\/es\/parques-nacionales\/parque-nacional-isla-saanane\/","og_site_name":"African Safari Travel","article_modified_time":"2025-06-13T08:37:53+00:00","og_image":[{"width":1200,"height":675,"url":"https:\/\/africansafari.travel\/wp-content\/uploads\/2024\/12\/saanane_national_park_views.webp","type":"image\/webp"}],"twitter_card":"summary_large_image","twitter_misc":{"Tiempo de lectura":"2 minutos"},"schema":{"@context":"https:\/\/schema.org","@graph":[{"@type":"WebPage","@id":"https:\/\/africansafari.travel\/es\/parques-nacionales\/parque-nacional-isla-saanane\/","url":"https:\/\/africansafari.travel\/es\/parques-nacionales\/parque-nacional-isla-saanane\/","name":"Parque Nacional de la Isla Saanane: Naturaleza y Aventura en el Lago Victoria","isPartOf":{"@id":"https:\/\/africansafari.travel\/es\/#website"},"primaryImageOfPage":{"@id":"https:\/\/africansafari.travel\/es\/parques-nacionales\/parque-nacional-isla-saanane\/#primaryimage"},"image":{"@id":"https:\/\/africansafari.travel\/es\/parques-nacionales\/parque-nacional-isla-saanane\/#primaryimage"},"thumbnailUrl":"https:\/\/africansafari.travel\/wp-content\/uploads\/2024\/12\/saanane_national_park_views.webp","datePublished":"2024-12-17T23:12:35+00:00","dateModified":"2025-06-13T08:37:53+00:00","description":"Descubre el Parque Nacional de la Isla Saanane, el parque m\u00e1s peque\u00f1o de Tanzania, perfecto para excursiones de un d\u00eda y actividades acu\u00e1ticas.","breadcrumb":{"@id":"https:\/\/africansafari.travel\/es\/parques-nacionales\/parque-nacional-isla-saanane\/#breadcrumb"},"inLanguage":"es","potentialAction":[{"@type":"ReadAction","target":["https:\/\/africansafari.travel\/es\/parques-nacionales\/parque-nacional-isla-saanane\/"]}]},{"@type":"ImageObject","inLanguage":"es","@id":"https:\/\/africansafari.travel\/es\/parques-nacionales\/parque-nacional-isla-saanane\/#primaryimage","url":"https:\/\/africansafari.travel\/wp-content\/uploads\/2024\/12\/saanane_national_park_views.webp","contentUrl":"https:\/\/africansafari.travel\/wp-content\/uploads\/2024\/12\/saanane_national_park_views.webp","width":1200,"height":675},{"@type":"BreadcrumbList","@id":"https:\/\/africansafari.travel\/es\/parques-nacionales\/parque-nacional-isla-saanane\/#breadcrumb","itemListElement":[{"@type":"ListItem","position":1,"name":"Portada","item":"https:\/\/africansafari.travel\/es\/"},{"@type":"ListItem","position":2,"name":"Parques Nacionales en Tanzania","item":"https:\/\/africansafari.travel\/es\/parques-nacionales\/"},{"@type":"ListItem","position":3,"name":"Parque Nacional de la Isla Saanane"}]},{"@type":"WebSite","@id":"https:\/\/africansafari.travel\/es\/#website","url":"https:\/\/africansafari.travel\/es\/","name":"African Safari Travel","description":"Safaris en Africa a medida","publisher":{"@id":"https:\/\/africansafari.travel\/es\/#organization"},"potentialAction":[{"@type":"SearchAction","target":{"@type":"EntryPoint","urlTemplate":"https:\/\/africansafari.travel\/es\/?s={search_term_string}"},"query-input":{"@type":"PropertyValueSpecification","valueRequired":true,"valueName":"search_term_string"}}],"inLanguage":"es"},{"@type":"Organization","@id":"https:\/\/africansafari.travel\/es\/#organization","name":"African Safari Travel","url":"https:\/\/africansafari.travel\/es\/","logo":{"@type":"ImageObject","inLanguage":"es","@id":"https:\/\/africansafari.travel\/es\/#\/schema\/logo\/image\/","url":"https:\/\/africansafari.travel\/wp-content\/uploads\/2024\/12\/logo.png","contentUrl":"https:\/\/africansafari.travel\/wp-content\/uploads\/2024\/12\/logo.png","width":1024,"height":344,"caption":"African Safari Travel"},"image":{"@id":"https:\/\/africansafari.travel\/es\/#\/schema\/logo\/image\/"}}]}},"_links":{"self":[{"href":"https:\/\/africansafari.travel\/es\/wp-json\/wp\/v2\/pages\/9167","targetHints":{"allow":["GET"]}}],"collection":[{"href":"https:\/\/africansafari.travel\/es\/wp-json\/wp\/v2\/pages"}],"about":[{"href":"https:\/\/africansafari.travel\/es\/wp-json\/wp\/v2\/types\/page"}],"author":[{"embeddable":true,"href":"https:\/\/africansafari.travel\/es\/wp-json\/wp\/v2\/users\/2"}],"replies":[{"embeddable":true,"href":"https:\/\/africansafari.travel\/es\/wp-json\/wp\/v2\/comments?post=9167"}],"version-history":[{"count":0,"href":"https:\/\/africansafari.travel\/es\/wp-json\/wp\/v2\/pages\/9167\/revisions"}],"up":[{"embeddable":true,"href":"https:\/\/africansafari.travel\/es\/wp-json\/wp\/v2\/pages\/9066"}],"wp:featuredmedia":[{"embeddable":true,"href":"https:\/\/africansafari.travel\/es\/wp-json\/wp\/v2\/media\/9168"}],"wp:attachment":[{"href":"https:\/\/africansafari.travel\/es\/wp-json\/wp\/v2\/media?parent=9167"}],"wp:term":[{"taxonomy":"region_parques","embeddable":true,"href":"https:\/\/africansafari.travel\/es\/wp-json\/wp\/v2\/region_parques?post=9167"}],"curies":[{"name":"wp","href":"https:\/\/api.w.org\/{rel}","templated":true}]}}