{"id":9026,"date":"2025-01-13T10:17:21","date_gmt":"2025-01-13T10:17:21","guid":{"rendered":"https:\/\/africansafari.travel\/pagina-animales\/alcion-malachite\/"},"modified":"2025-07-10T07:48:38","modified_gmt":"2025-07-10T07:48:38","slug":"alcion-malachite","status":"publish","type":"page","link":"https:\/\/africansafari.travel\/es\/animales\/alcion-malachite\/","title":{"rendered":"Alci\u00f3n Malachite"},"content":{"rendered":"","protected":false},"excerpt":{"rendered":"","protected":false},"author":2,"featured_media":11992,"parent":8606,"menu_order":0,"comment_status":"open","ping_status":"open","template":"","meta":{"_acf_changed":false,"footnotes":""},"region_parques":[],"class_list":["post-9026","page","type-page","status-publish","has-post-thumbnail","hentry"],"blocksy_meta":[],"acf":[],"yoast_head":"<!-- This site is optimized with the Yoast SEO Premium plugin v26.5 (Yoast SEO v27.4) - https:\/\/yoast.com\/product\/yoast-seo-premium-wordpress\/ -->\n<title>Alci\u00f3n Malachite - African Safari Travel<\/title>\n<meta name=\"description\" content=\"Descubre el majestuoso Alci\u00f3n Malachite en Tanzania: su h\u00e1bitat, comportamiento, dieta y los mejores lugares para avistarlo en Serengeti y Ngorongoro.\" \/>\n<meta name=\"robots\" content=\"index, follow, max-snippet:-1, max-image-preview:large, max-video-preview:-1\" \/>\n<link rel=\"canonical\" href=\"https:\/\/africansafari.travel\/es\/animales\/alcion-malachite\/\" \/>\n<meta property=\"og:locale\" content=\"es_ES\" \/>\n<meta property=\"og:type\" content=\"article\" \/>\n<meta property=\"og:title\" content=\"Alci\u00f3n Malachite\" \/>\n<meta property=\"og:description\" content=\"Descubre el majestuoso Alci\u00f3n Malachite en Tanzania: su h\u00e1bitat, comportamiento, dieta y los mejores lugares para avistarlo en Serengeti y Ngorongoro.\" \/>\n<meta property=\"og:url\" content=\"https:\/\/africansafari.travel\/es\/animales\/alcion-malachite\/\" \/>\n<meta property=\"og:site_name\" content=\"African Safari Travel\" \/>\n<meta property=\"article:modified_time\" content=\"2025-07-10T07:48:38+00:00\" \/>\n<meta property=\"og:image\" content=\"https:\/\/africansafari.travel\/wp-content\/uploads\/2025\/01\/malachite_alcyone.webp\" \/>\n\t<meta property=\"og:image:width\" content=\"1200\" \/>\n\t<meta property=\"og:image:height\" content=\"800\" \/>\n\t<meta property=\"og:image:type\" content=\"image\/webp\" \/>\n<meta name=\"twitter:card\" content=\"summary_large_image\" \/>\n<meta name=\"twitter:label1\" content=\"Tiempo de lectura\" \/>\n\t<meta name=\"twitter:data1\" content=\"2 minutos\" \/>\n<script type=\"application\/ld+json\" class=\"yoast-schema-graph\">{\"@context\":\"https:\\\/\\\/schema.org\",\"@graph\":[{\"@type\":\"WebPage\",\"@id\":\"https:\\\/\\\/africansafari.travel\\\/es\\\/animales\\\/alcion-malachite\\\/\",\"url\":\"https:\\\/\\\/africansafari.travel\\\/es\\\/animales\\\/alcion-malachite\\\/\",\"name\":\"Alci\u00f3n Malachite - African Safari Travel\",\"isPartOf\":{\"@id\":\"https:\\\/\\\/africansafari.travel\\\/es\\\/#website\"},\"primaryImageOfPage\":{\"@id\":\"https:\\\/\\\/africansafari.travel\\\/es\\\/animales\\\/alcion-malachite\\\/#primaryimage\"},\"image\":{\"@id\":\"https:\\\/\\\/africansafari.travel\\\/es\\\/animales\\\/alcion-malachite\\\/#primaryimage\"},\"thumbnailUrl\":\"https:\\\/\\\/africansafari.travel\\\/wp-content\\\/uploads\\\/2025\\\/01\\\/malachite_alcyone.webp\",\"datePublished\":\"2025-01-13T10:17:21+00:00\",\"dateModified\":\"2025-07-10T07:48:38+00:00\",\"description\":\"Descubre el majestuoso Alci\u00f3n Malachite en Tanzania: su h\u00e1bitat, comportamiento, dieta y los mejores lugares para avistarlo en Serengeti y Ngorongoro.\",\"breadcrumb\":{\"@id\":\"https:\\\/\\\/africansafari.travel\\\/es\\\/animales\\\/alcion-malachite\\\/#breadcrumb\"},\"inLanguage\":\"es\",\"potentialAction\":[{\"@type\":\"ReadAction\",\"target\":[\"https:\\\/\\\/africansafari.travel\\\/es\\\/animales\\\/alcion-malachite\\\/\"]}]},{\"@type\":\"ImageObject\",\"inLanguage\":\"es\",\"@id\":\"https:\\\/\\\/africansafari.travel\\\/es\\\/animales\\\/alcion-malachite\\\/#primaryimage\",\"url\":\"https:\\\/\\\/africansafari.travel\\\/wp-content\\\/uploads\\\/2025\\\/01\\\/malachite_alcyone.webp\",\"contentUrl\":\"https:\\\/\\\/africansafari.travel\\\/wp-content\\\/uploads\\\/2025\\\/01\\\/malachite_alcyone.webp\",\"width\":1200,\"height\":800},{\"@type\":\"BreadcrumbList\",\"@id\":\"https:\\\/\\\/africansafari.travel\\\/es\\\/animales\\\/alcion-malachite\\\/#breadcrumb\",\"itemListElement\":[{\"@type\":\"ListItem\",\"position\":1,\"name\":\"Portada\",\"item\":\"https:\\\/\\\/africansafari.travel\\\/es\\\/\"},{\"@type\":\"ListItem\",\"position\":2,\"name\":\"Animales que Ver en Tanzania\",\"item\":\"https:\\\/\\\/africansafari.travel\\\/es\\\/animales\\\/\"},{\"@type\":\"ListItem\",\"position\":3,\"name\":\"Alci\u00f3n Malachite\"}]},{\"@type\":\"WebSite\",\"@id\":\"https:\\\/\\\/africansafari.travel\\\/es\\\/#website\",\"url\":\"https:\\\/\\\/africansafari.travel\\\/es\\\/\",\"name\":\"African Safari Travel\",\"description\":\"Safaris en Africa a medida\",\"publisher\":{\"@id\":\"https:\\\/\\\/africansafari.travel\\\/es\\\/#organization\"},\"potentialAction\":[{\"@type\":\"SearchAction\",\"target\":{\"@type\":\"EntryPoint\",\"urlTemplate\":\"https:\\\/\\\/africansafari.travel\\\/es\\\/?s={search_term_string}\"},\"query-input\":{\"@type\":\"PropertyValueSpecification\",\"valueRequired\":true,\"valueName\":\"search_term_string\"}}],\"inLanguage\":\"es\"},{\"@type\":\"Organization\",\"@id\":\"https:\\\/\\\/africansafari.travel\\\/es\\\/#organization\",\"name\":\"African Safari Travel\",\"url\":\"https:\\\/\\\/africansafari.travel\\\/es\\\/\",\"logo\":{\"@type\":\"ImageObject\",\"inLanguage\":\"es\",\"@id\":\"https:\\\/\\\/africansafari.travel\\\/es\\\/#\\\/schema\\\/logo\\\/image\\\/\",\"url\":\"https:\\\/\\\/africansafari.travel\\\/wp-content\\\/uploads\\\/2024\\\/12\\\/logo.png\",\"contentUrl\":\"https:\\\/\\\/africansafari.travel\\\/wp-content\\\/uploads\\\/2024\\\/12\\\/logo.png\",\"width\":1024,\"height\":344,\"caption\":\"African Safari Travel\"},\"image\":{\"@id\":\"https:\\\/\\\/africansafari.travel\\\/es\\\/#\\\/schema\\\/logo\\\/image\\\/\"}}]}<\/script>\n<!-- \/ Yoast SEO Premium plugin. -->","yoast_head_json":{"title":"Alci\u00f3n Malachite - African Safari Travel","description":"Descubre el majestuoso Alci\u00f3n Malachite en Tanzania: su h\u00e1bitat, comportamiento, dieta y los mejores lugares para avistarlo en Serengeti y Ngorongoro.","robots":{"index":"index","follow":"follow","max-snippet":"max-snippet:-1","max-image-preview":"max-image-preview:large","max-video-preview":"max-video-preview:-1"},"canonical":"https:\/\/africansafari.travel\/es\/animales\/alcion-malachite\/","og_locale":"es_ES","og_type":"article","og_title":"Alci\u00f3n Malachite","og_description":"Descubre el majestuoso Alci\u00f3n Malachite en Tanzania: su h\u00e1bitat, comportamiento, dieta y los mejores lugares para avistarlo en Serengeti y Ngorongoro.","og_url":"https:\/\/africansafari.travel\/es\/animales\/alcion-malachite\/","og_site_name":"African Safari Travel","article_modified_time":"2025-07-10T07:48:38+00:00","og_image":[{"width":1200,"height":800,"url":"https:\/\/africansafari.travel\/wp-content\/uploads\/2025\/01\/malachite_alcyone.webp","type":"image\/webp"}],"twitter_card":"summary_large_image","twitter_misc":{"Tiempo de lectura":"2 minutos"},"schema":{"@context":"https:\/\/schema.org","@graph":[{"@type":"WebPage","@id":"https:\/\/africansafari.travel\/es\/animales\/alcion-malachite\/","url":"https:\/\/africansafari.travel\/es\/animales\/alcion-malachite\/","name":"Alci\u00f3n Malachite - African Safari Travel","isPartOf":{"@id":"https:\/\/africansafari.travel\/es\/#website"},"primaryImageOfPage":{"@id":"https:\/\/africansafari.travel\/es\/animales\/alcion-malachite\/#primaryimage"},"image":{"@id":"https:\/\/africansafari.travel\/es\/animales\/alcion-malachite\/#primaryimage"},"thumbnailUrl":"https:\/\/africansafari.travel\/wp-content\/uploads\/2025\/01\/malachite_alcyone.webp","datePublished":"2025-01-13T10:17:21+00:00","dateModified":"2025-07-10T07:48:38+00:00","description":"Descubre el majestuoso Alci\u00f3n Malachite en Tanzania: su h\u00e1bitat, comportamiento, dieta y los mejores lugares para avistarlo en Serengeti y Ngorongoro.","breadcrumb":{"@id":"https:\/\/africansafari.travel\/es\/animales\/alcion-malachite\/#breadcrumb"},"inLanguage":"es","potentialAction":[{"@type":"ReadAction","target":["https:\/\/africansafari.travel\/es\/animales\/alcion-malachite\/"]}]},{"@type":"ImageObject","inLanguage":"es","@id":"https:\/\/africansafari.travel\/es\/animales\/alcion-malachite\/#primaryimage","url":"https:\/\/africansafari.travel\/wp-content\/uploads\/2025\/01\/malachite_alcyone.webp","contentUrl":"https:\/\/africansafari.travel\/wp-content\/uploads\/2025\/01\/malachite_alcyone.webp","width":1200,"height":800},{"@type":"BreadcrumbList","@id":"https:\/\/africansafari.travel\/es\/animales\/alcion-malachite\/#breadcrumb","itemListElement":[{"@type":"ListItem","position":1,"name":"Portada","item":"https:\/\/africansafari.travel\/es\/"},{"@type":"ListItem","position":2,"name":"Animales que Ver en Tanzania","item":"https:\/\/africansafari.travel\/es\/animales\/"},{"@type":"ListItem","position":3,"name":"Alci\u00f3n Malachite"}]},{"@type":"WebSite","@id":"https:\/\/africansafari.travel\/es\/#website","url":"https:\/\/africansafari.travel\/es\/","name":"African Safari Travel","description":"Safaris en Africa a medida","publisher":{"@id":"https:\/\/africansafari.travel\/es\/#organization"},"potentialAction":[{"@type":"SearchAction","target":{"@type":"EntryPoint","urlTemplate":"https:\/\/africansafari.travel\/es\/?s={search_term_string}"},"query-input":{"@type":"PropertyValueSpecification","valueRequired":true,"valueName":"search_term_string"}}],"inLanguage":"es"},{"@type":"Organization","@id":"https:\/\/africansafari.travel\/es\/#organization","name":"African Safari Travel","url":"https:\/\/africansafari.travel\/es\/","logo":{"@type":"ImageObject","inLanguage":"es","@id":"https:\/\/africansafari.travel\/es\/#\/schema\/logo\/image\/","url":"https:\/\/africansafari.travel\/wp-content\/uploads\/2024\/12\/logo.png","contentUrl":"https:\/\/africansafari.travel\/wp-content\/uploads\/2024\/12\/logo.png","width":1024,"height":344,"caption":"African Safari Travel"},"image":{"@id":"https:\/\/africansafari.travel\/es\/#\/schema\/logo\/image\/"}}]}},"_links":{"self":[{"href":"https:\/\/africansafari.travel\/es\/wp-json\/wp\/v2\/pages\/9026","targetHints":{"allow":["GET"]}}],"collection":[{"href":"https:\/\/africansafari.travel\/es\/wp-json\/wp\/v2\/pages"}],"about":[{"href":"https:\/\/africansafari.travel\/es\/wp-json\/wp\/v2\/types\/page"}],"author":[{"embeddable":true,"href":"https:\/\/africansafari.travel\/es\/wp-json\/wp\/v2\/users\/2"}],"replies":[{"embeddable":true,"href":"https:\/\/africansafari.travel\/es\/wp-json\/wp\/v2\/comments?post=9026"}],"version-history":[{"count":0,"href":"https:\/\/africansafari.travel\/es\/wp-json\/wp\/v2\/pages\/9026\/revisions"}],"up":[{"embeddable":true,"href":"https:\/\/africansafari.travel\/es\/wp-json\/wp\/v2\/pages\/8606"}],"wp:featuredmedia":[{"embeddable":true,"href":"https:\/\/africansafari.travel\/es\/wp-json\/wp\/v2\/media\/11992"}],"wp:attachment":[{"href":"https:\/\/africansafari.travel\/es\/wp-json\/wp\/v2\/media?parent=9026"}],"wp:term":[{"taxonomy":"region_parques","embeddable":true,"href":"https:\/\/africansafari.travel\/es\/wp-json\/wp\/v2\/region_parques?post=9026"}],"curies":[{"name":"wp","href":"https:\/\/api.w.org\/{rel}","templated":true}]}}