{"id":8963,"date":"2025-01-13T10:15:45","date_gmt":"2025-01-13T10:15:45","guid":{"rendered":"https:\/\/africansafari.travel\/pagina-animales\/aguila-marcial\/"},"modified":"2025-07-10T07:46:25","modified_gmt":"2025-07-10T07:46:25","slug":"aguila-marcial","status":"publish","type":"page","link":"https:\/\/africansafari.travel\/es\/animales\/aguila-marcial\/","title":{"rendered":"\u00c1guila Marcial"},"content":{"rendered":"","protected":false},"excerpt":{"rendered":"","protected":false},"author":2,"featured_media":12703,"parent":8606,"menu_order":0,"comment_status":"open","ping_status":"open","template":"","meta":{"_acf_changed":false,"footnotes":""},"region_parques":[],"class_list":["post-8963","page","type-page","status-publish","has-post-thumbnail","hentry"],"blocksy_meta":[],"acf":[],"yoast_head":"<!-- This site is optimized with the Yoast SEO Premium plugin v26.5 (Yoast SEO v27.4) - https:\/\/yoast.com\/product\/yoast-seo-premium-wordpress\/ -->\n<title>\u00c1guila Marcial - African Safari Travel<\/title>\n<meta name=\"description\" content=\"Descubre el majestuoso \u00c1guila Marcial en Tanzania: su h\u00e1bitat, comportamiento, dieta y los mejores lugares para avistarlo en Serengeti y Ngorongoro.\" \/>\n<meta name=\"robots\" content=\"index, follow, max-snippet:-1, max-image-preview:large, max-video-preview:-1\" \/>\n<link rel=\"canonical\" href=\"https:\/\/africansafari.travel\/es\/animales\/aguila-marcial\/\" \/>\n<meta property=\"og:locale\" content=\"es_ES\" \/>\n<meta property=\"og:type\" content=\"article\" \/>\n<meta property=\"og:title\" content=\"\u00c1guila Marcial\" \/>\n<meta property=\"og:description\" content=\"Descubre el majestuoso \u00c1guila Marcial en Tanzania: su h\u00e1bitat, comportamiento, dieta y los mejores lugares para avistarlo en Serengeti y Ngorongoro.\" \/>\n<meta property=\"og:url\" content=\"https:\/\/africansafari.travel\/es\/animales\/aguila-marcial\/\" \/>\n<meta property=\"og:site_name\" content=\"African Safari Travel\" \/>\n<meta property=\"article:modified_time\" content=\"2025-07-10T07:46:25+00:00\" \/>\n<meta property=\"og:image\" content=\"https:\/\/africansafari.travel\/wp-content\/uploads\/2025\/02\/martial_eagle-1.webp\" \/>\n\t<meta property=\"og:image:width\" content=\"1024\" \/>\n\t<meta property=\"og:image:height\" content=\"473\" \/>\n\t<meta property=\"og:image:type\" content=\"image\/webp\" \/>\n<meta name=\"twitter:card\" content=\"summary_large_image\" \/>\n<meta name=\"twitter:label1\" content=\"Tiempo de lectura\" \/>\n\t<meta name=\"twitter:data1\" content=\"3 minutos\" \/>\n<script type=\"application\/ld+json\" class=\"yoast-schema-graph\">{\"@context\":\"https:\\\/\\\/schema.org\",\"@graph\":[{\"@type\":\"WebPage\",\"@id\":\"https:\\\/\\\/africansafari.travel\\\/es\\\/animales\\\/aguila-marcial\\\/\",\"url\":\"https:\\\/\\\/africansafari.travel\\\/es\\\/animales\\\/aguila-marcial\\\/\",\"name\":\"\u00c1guila Marcial - African Safari Travel\",\"isPartOf\":{\"@id\":\"https:\\\/\\\/africansafari.travel\\\/es\\\/#website\"},\"primaryImageOfPage\":{\"@id\":\"https:\\\/\\\/africansafari.travel\\\/es\\\/animales\\\/aguila-marcial\\\/#primaryimage\"},\"image\":{\"@id\":\"https:\\\/\\\/africansafari.travel\\\/es\\\/animales\\\/aguila-marcial\\\/#primaryimage\"},\"thumbnailUrl\":\"https:\\\/\\\/africansafari.travel\\\/wp-content\\\/uploads\\\/2025\\\/02\\\/martial_eagle-1.webp\",\"datePublished\":\"2025-01-13T10:15:45+00:00\",\"dateModified\":\"2025-07-10T07:46:25+00:00\",\"description\":\"Descubre el majestuoso \u00c1guila Marcial en Tanzania: su h\u00e1bitat, comportamiento, dieta y los mejores lugares para avistarlo en Serengeti y Ngorongoro.\",\"breadcrumb\":{\"@id\":\"https:\\\/\\\/africansafari.travel\\\/es\\\/animales\\\/aguila-marcial\\\/#breadcrumb\"},\"inLanguage\":\"es\",\"potentialAction\":[{\"@type\":\"ReadAction\",\"target\":[\"https:\\\/\\\/africansafari.travel\\\/es\\\/animales\\\/aguila-marcial\\\/\"]}]},{\"@type\":\"ImageObject\",\"inLanguage\":\"es\",\"@id\":\"https:\\\/\\\/africansafari.travel\\\/es\\\/animales\\\/aguila-marcial\\\/#primaryimage\",\"url\":\"https:\\\/\\\/africansafari.travel\\\/wp-content\\\/uploads\\\/2025\\\/02\\\/martial_eagle-1.webp\",\"contentUrl\":\"https:\\\/\\\/africansafari.travel\\\/wp-content\\\/uploads\\\/2025\\\/02\\\/martial_eagle-1.webp\",\"width\":1024,\"height\":473},{\"@type\":\"BreadcrumbList\",\"@id\":\"https:\\\/\\\/africansafari.travel\\\/es\\\/animales\\\/aguila-marcial\\\/#breadcrumb\",\"itemListElement\":[{\"@type\":\"ListItem\",\"position\":1,\"name\":\"Portada\",\"item\":\"https:\\\/\\\/africansafari.travel\\\/es\\\/\"},{\"@type\":\"ListItem\",\"position\":2,\"name\":\"Animales que Ver en Tanzania\",\"item\":\"https:\\\/\\\/africansafari.travel\\\/es\\\/animales\\\/\"},{\"@type\":\"ListItem\",\"position\":3,\"name\":\"\u00c1guila Marcial\"}]},{\"@type\":\"WebSite\",\"@id\":\"https:\\\/\\\/africansafari.travel\\\/es\\\/#website\",\"url\":\"https:\\\/\\\/africansafari.travel\\\/es\\\/\",\"name\":\"African Safari Travel\",\"description\":\"Safaris en Africa a medida\",\"publisher\":{\"@id\":\"https:\\\/\\\/africansafari.travel\\\/es\\\/#organization\"},\"potentialAction\":[{\"@type\":\"SearchAction\",\"target\":{\"@type\":\"EntryPoint\",\"urlTemplate\":\"https:\\\/\\\/africansafari.travel\\\/es\\\/?s={search_term_string}\"},\"query-input\":{\"@type\":\"PropertyValueSpecification\",\"valueRequired\":true,\"valueName\":\"search_term_string\"}}],\"inLanguage\":\"es\"},{\"@type\":\"Organization\",\"@id\":\"https:\\\/\\\/africansafari.travel\\\/es\\\/#organization\",\"name\":\"African Safari Travel\",\"url\":\"https:\\\/\\\/africansafari.travel\\\/es\\\/\",\"logo\":{\"@type\":\"ImageObject\",\"inLanguage\":\"es\",\"@id\":\"https:\\\/\\\/africansafari.travel\\\/es\\\/#\\\/schema\\\/logo\\\/image\\\/\",\"url\":\"https:\\\/\\\/africansafari.travel\\\/wp-content\\\/uploads\\\/2024\\\/12\\\/logo.png\",\"contentUrl\":\"https:\\\/\\\/africansafari.travel\\\/wp-content\\\/uploads\\\/2024\\\/12\\\/logo.png\",\"width\":1024,\"height\":344,\"caption\":\"African Safari Travel\"},\"image\":{\"@id\":\"https:\\\/\\\/africansafari.travel\\\/es\\\/#\\\/schema\\\/logo\\\/image\\\/\"}}]}<\/script>\n<!-- \/ Yoast SEO Premium plugin. -->","yoast_head_json":{"title":"\u00c1guila Marcial - African Safari Travel","description":"Descubre el majestuoso \u00c1guila Marcial en Tanzania: su h\u00e1bitat, comportamiento, dieta y los mejores lugares para avistarlo en Serengeti y Ngorongoro.","robots":{"index":"index","follow":"follow","max-snippet":"max-snippet:-1","max-image-preview":"max-image-preview:large","max-video-preview":"max-video-preview:-1"},"canonical":"https:\/\/africansafari.travel\/es\/animales\/aguila-marcial\/","og_locale":"es_ES","og_type":"article","og_title":"\u00c1guila Marcial","og_description":"Descubre el majestuoso \u00c1guila Marcial en Tanzania: su h\u00e1bitat, comportamiento, dieta y los mejores lugares para avistarlo en Serengeti y Ngorongoro.","og_url":"https:\/\/africansafari.travel\/es\/animales\/aguila-marcial\/","og_site_name":"African Safari Travel","article_modified_time":"2025-07-10T07:46:25+00:00","og_image":[{"width":1024,"height":473,"url":"https:\/\/africansafari.travel\/wp-content\/uploads\/2025\/02\/martial_eagle-1.webp","type":"image\/webp"}],"twitter_card":"summary_large_image","twitter_misc":{"Tiempo de lectura":"3 minutos"},"schema":{"@context":"https:\/\/schema.org","@graph":[{"@type":"WebPage","@id":"https:\/\/africansafari.travel\/es\/animales\/aguila-marcial\/","url":"https:\/\/africansafari.travel\/es\/animales\/aguila-marcial\/","name":"\u00c1guila Marcial - African Safari Travel","isPartOf":{"@id":"https:\/\/africansafari.travel\/es\/#website"},"primaryImageOfPage":{"@id":"https:\/\/africansafari.travel\/es\/animales\/aguila-marcial\/#primaryimage"},"image":{"@id":"https:\/\/africansafari.travel\/es\/animales\/aguila-marcial\/#primaryimage"},"thumbnailUrl":"https:\/\/africansafari.travel\/wp-content\/uploads\/2025\/02\/martial_eagle-1.webp","datePublished":"2025-01-13T10:15:45+00:00","dateModified":"2025-07-10T07:46:25+00:00","description":"Descubre el majestuoso \u00c1guila Marcial en Tanzania: su h\u00e1bitat, comportamiento, dieta y los mejores lugares para avistarlo en Serengeti y Ngorongoro.","breadcrumb":{"@id":"https:\/\/africansafari.travel\/es\/animales\/aguila-marcial\/#breadcrumb"},"inLanguage":"es","potentialAction":[{"@type":"ReadAction","target":["https:\/\/africansafari.travel\/es\/animales\/aguila-marcial\/"]}]},{"@type":"ImageObject","inLanguage":"es","@id":"https:\/\/africansafari.travel\/es\/animales\/aguila-marcial\/#primaryimage","url":"https:\/\/africansafari.travel\/wp-content\/uploads\/2025\/02\/martial_eagle-1.webp","contentUrl":"https:\/\/africansafari.travel\/wp-content\/uploads\/2025\/02\/martial_eagle-1.webp","width":1024,"height":473},{"@type":"BreadcrumbList","@id":"https:\/\/africansafari.travel\/es\/animales\/aguila-marcial\/#breadcrumb","itemListElement":[{"@type":"ListItem","position":1,"name":"Portada","item":"https:\/\/africansafari.travel\/es\/"},{"@type":"ListItem","position":2,"name":"Animales que Ver en Tanzania","item":"https:\/\/africansafari.travel\/es\/animales\/"},{"@type":"ListItem","position":3,"name":"\u00c1guila Marcial"}]},{"@type":"WebSite","@id":"https:\/\/africansafari.travel\/es\/#website","url":"https:\/\/africansafari.travel\/es\/","name":"African Safari Travel","description":"Safaris en Africa a medida","publisher":{"@id":"https:\/\/africansafari.travel\/es\/#organization"},"potentialAction":[{"@type":"SearchAction","target":{"@type":"EntryPoint","urlTemplate":"https:\/\/africansafari.travel\/es\/?s={search_term_string}"},"query-input":{"@type":"PropertyValueSpecification","valueRequired":true,"valueName":"search_term_string"}}],"inLanguage":"es"},{"@type":"Organization","@id":"https:\/\/africansafari.travel\/es\/#organization","name":"African Safari Travel","url":"https:\/\/africansafari.travel\/es\/","logo":{"@type":"ImageObject","inLanguage":"es","@id":"https:\/\/africansafari.travel\/es\/#\/schema\/logo\/image\/","url":"https:\/\/africansafari.travel\/wp-content\/uploads\/2024\/12\/logo.png","contentUrl":"https:\/\/africansafari.travel\/wp-content\/uploads\/2024\/12\/logo.png","width":1024,"height":344,"caption":"African Safari Travel"},"image":{"@id":"https:\/\/africansafari.travel\/es\/#\/schema\/logo\/image\/"}}]}},"_links":{"self":[{"href":"https:\/\/africansafari.travel\/es\/wp-json\/wp\/v2\/pages\/8963","targetHints":{"allow":["GET"]}}],"collection":[{"href":"https:\/\/africansafari.travel\/es\/wp-json\/wp\/v2\/pages"}],"about":[{"href":"https:\/\/africansafari.travel\/es\/wp-json\/wp\/v2\/types\/page"}],"author":[{"embeddable":true,"href":"https:\/\/africansafari.travel\/es\/wp-json\/wp\/v2\/users\/2"}],"replies":[{"embeddable":true,"href":"https:\/\/africansafari.travel\/es\/wp-json\/wp\/v2\/comments?post=8963"}],"version-history":[{"count":0,"href":"https:\/\/africansafari.travel\/es\/wp-json\/wp\/v2\/pages\/8963\/revisions"}],"up":[{"embeddable":true,"href":"https:\/\/africansafari.travel\/es\/wp-json\/wp\/v2\/pages\/8606"}],"wp:featuredmedia":[{"embeddable":true,"href":"https:\/\/africansafari.travel\/es\/wp-json\/wp\/v2\/media\/12703"}],"wp:attachment":[{"href":"https:\/\/africansafari.travel\/es\/wp-json\/wp\/v2\/media?parent=8963"}],"wp:term":[{"taxonomy":"region_parques","embeddable":true,"href":"https:\/\/africansafari.travel\/es\/wp-json\/wp\/v2\/region_parques?post=8963"}],"curies":[{"name":"wp","href":"https:\/\/api.w.org\/{rel}","templated":true}]}}