{"id":7196,"date":"2024-12-12T09:43:19","date_gmt":"2024-12-12T09:43:19","guid":{"rendered":"https:\/\/africansafari.travel\/safaris\/kilimanjaro-ruta-marangu-zanzibar-10-dias\/"},"modified":"2025-06-13T08:37:48","modified_gmt":"2025-06-13T08:37:48","slug":"kilimanjaro-ruta-marangu-zanzibar-10-dias","status":"publish","type":"page","link":"https:\/\/africansafari.travel\/es\/safari-zanzibar-kilimanjaro\/kilimanjaro-ruta-marangu-zanzibar-10-dias\/","title":{"rendered":"Kilimanjaro y Relax en Zanz\u00edbar: 10 D\u00edas con la Ruta Marangu"},"content":{"rendered":"","protected":false},"excerpt":{"rendered":"","protected":false},"author":2,"featured_media":7197,"parent":9596,"menu_order":0,"comment_status":"open","ping_status":"closed","template":"","meta":{"_acf_changed":false,"footnotes":""},"region_parques":[],"class_list":["post-7196","page","type-page","status-publish","has-post-thumbnail","hentry"],"blocksy_meta":[],"acf":[],"yoast_head":"<!-- This site is optimized with the Yoast SEO Premium plugin v26.5 (Yoast SEO v27.4) - https:\/\/yoast.com\/product\/yoast-seo-premium-wordpress\/ -->\n<title>Kilimanjaro y Zanz\u00edbar en 10 D\u00edas | African Safari Travel<\/title>\n<meta name=\"description\" content=\"Conquista el Kilimanjaro con la Ruta Marangu y rel\u00e1jate en Zanz\u00edbar. 10 d\u00edas de aventura y descanso.\" \/>\n<meta name=\"robots\" content=\"index, follow, max-snippet:-1, max-image-preview:large, max-video-preview:-1\" \/>\n<link rel=\"canonical\" href=\"https:\/\/africansafari.travel\/es\/safari-zanzibar-kilimanjaro\/kilimanjaro-ruta-marangu-zanzibar-10-dias\/\" \/>\n<meta property=\"og:locale\" content=\"es_ES\" \/>\n<meta property=\"og:type\" content=\"article\" \/>\n<meta property=\"og:title\" content=\"Kilimanjaro y Relax en Zanz\u00edbar: 10 D\u00edas con la Ruta Marangu\" \/>\n<meta property=\"og:description\" content=\"Conquista el Kilimanjaro con la Ruta Marangu y rel\u00e1jate en Zanz\u00edbar. 10 d\u00edas de aventura y descanso.\" \/>\n<meta property=\"og:url\" content=\"https:\/\/africansafari.travel\/es\/safari-zanzibar-kilimanjaro\/kilimanjaro-ruta-marangu-zanzibar-10-dias\/\" \/>\n<meta property=\"og:site_name\" content=\"African Safari Travel\" \/>\n<meta property=\"article:modified_time\" content=\"2025-06-13T08:37:48+00:00\" \/>\n<meta property=\"og:image\" content=\"https:\/\/africansafari.travel\/wp-content\/uploads\/2024\/12\/Kilimanjaro-y-Relax-en-Zanzibar-10-Dias-con-la-Ruta-Marangu-scaled.webp\" \/>\n\t<meta property=\"og:image:width\" content=\"2560\" \/>\n\t<meta property=\"og:image:height\" content=\"1710\" \/>\n\t<meta property=\"og:image:type\" content=\"image\/webp\" \/>\n<meta name=\"twitter:card\" content=\"summary_large_image\" \/>\n<meta name=\"twitter:label1\" content=\"Tiempo de lectura\" \/>\n\t<meta name=\"twitter:data1\" content=\"1 minuto\" \/>\n<script type=\"application\/ld+json\" class=\"yoast-schema-graph\">{\"@context\":\"https:\\\/\\\/schema.org\",\"@graph\":[{\"@type\":\"WebPage\",\"@id\":\"https:\\\/\\\/africansafari.travel\\\/es\\\/safari-zanzibar-kilimanjaro\\\/kilimanjaro-ruta-marangu-zanzibar-10-dias\\\/\",\"url\":\"https:\\\/\\\/africansafari.travel\\\/es\\\/safari-zanzibar-kilimanjaro\\\/kilimanjaro-ruta-marangu-zanzibar-10-dias\\\/\",\"name\":\"Kilimanjaro y Zanz\u00edbar en 10 D\u00edas | African Safari Travel\",\"isPartOf\":{\"@id\":\"https:\\\/\\\/africansafari.travel\\\/es\\\/#website\"},\"primaryImageOfPage\":{\"@id\":\"https:\\\/\\\/africansafari.travel\\\/es\\\/safari-zanzibar-kilimanjaro\\\/kilimanjaro-ruta-marangu-zanzibar-10-dias\\\/#primaryimage\"},\"image\":{\"@id\":\"https:\\\/\\\/africansafari.travel\\\/es\\\/safari-zanzibar-kilimanjaro\\\/kilimanjaro-ruta-marangu-zanzibar-10-dias\\\/#primaryimage\"},\"thumbnailUrl\":\"https:\\\/\\\/africansafari.travel\\\/wp-content\\\/uploads\\\/2024\\\/12\\\/Kilimanjaro-y-Relax-en-Zanzibar-10-Dias-con-la-Ruta-Marangu-scaled.webp\",\"datePublished\":\"2024-12-12T09:43:19+00:00\",\"dateModified\":\"2025-06-13T08:37:48+00:00\",\"description\":\"Conquista el Kilimanjaro con la Ruta Marangu y rel\u00e1jate en Zanz\u00edbar. 10 d\u00edas de aventura y descanso.\",\"breadcrumb\":{\"@id\":\"https:\\\/\\\/africansafari.travel\\\/es\\\/safari-zanzibar-kilimanjaro\\\/kilimanjaro-ruta-marangu-zanzibar-10-dias\\\/#breadcrumb\"},\"inLanguage\":\"es\",\"potentialAction\":[{\"@type\":\"ReadAction\",\"target\":[\"https:\\\/\\\/africansafari.travel\\\/es\\\/safari-zanzibar-kilimanjaro\\\/kilimanjaro-ruta-marangu-zanzibar-10-dias\\\/\"]}]},{\"@type\":\"ImageObject\",\"inLanguage\":\"es\",\"@id\":\"https:\\\/\\\/africansafari.travel\\\/es\\\/safari-zanzibar-kilimanjaro\\\/kilimanjaro-ruta-marangu-zanzibar-10-dias\\\/#primaryimage\",\"url\":\"https:\\\/\\\/africansafari.travel\\\/wp-content\\\/uploads\\\/2024\\\/12\\\/Kilimanjaro-y-Relax-en-Zanzibar-10-Dias-con-la-Ruta-Marangu-scaled.webp\",\"contentUrl\":\"https:\\\/\\\/africansafari.travel\\\/wp-content\\\/uploads\\\/2024\\\/12\\\/Kilimanjaro-y-Relax-en-Zanzibar-10-Dias-con-la-Ruta-Marangu-scaled.webp\",\"width\":2560,\"height\":1710},{\"@type\":\"BreadcrumbList\",\"@id\":\"https:\\\/\\\/africansafari.travel\\\/es\\\/safari-zanzibar-kilimanjaro\\\/kilimanjaro-ruta-marangu-zanzibar-10-dias\\\/#breadcrumb\",\"itemListElement\":[{\"@type\":\"ListItem\",\"position\":1,\"name\":\"Portada\",\"item\":\"https:\\\/\\\/africansafari.travel\\\/es\\\/\"},{\"@type\":\"ListItem\",\"position\":2,\"name\":\"Safari + Zanz\u00edbar + Kilimanjaro\",\"item\":\"https:\\\/\\\/africansafari.travel\\\/es\\\/safari-zanzibar-kilimanjaro\\\/\"},{\"@type\":\"ListItem\",\"position\":3,\"name\":\"Kilimanjaro y Relax en Zanz\u00edbar: 10 D\u00edas con la Ruta Marangu\"}]},{\"@type\":\"WebSite\",\"@id\":\"https:\\\/\\\/africansafari.travel\\\/es\\\/#website\",\"url\":\"https:\\\/\\\/africansafari.travel\\\/es\\\/\",\"name\":\"African Safari Travel\",\"description\":\"Safaris en Africa a medida\",\"publisher\":{\"@id\":\"https:\\\/\\\/africansafari.travel\\\/es\\\/#organization\"},\"potentialAction\":[{\"@type\":\"SearchAction\",\"target\":{\"@type\":\"EntryPoint\",\"urlTemplate\":\"https:\\\/\\\/africansafari.travel\\\/es\\\/?s={search_term_string}\"},\"query-input\":{\"@type\":\"PropertyValueSpecification\",\"valueRequired\":true,\"valueName\":\"search_term_string\"}}],\"inLanguage\":\"es\"},{\"@type\":\"Organization\",\"@id\":\"https:\\\/\\\/africansafari.travel\\\/es\\\/#organization\",\"name\":\"African Safari Travel\",\"url\":\"https:\\\/\\\/africansafari.travel\\\/es\\\/\",\"logo\":{\"@type\":\"ImageObject\",\"inLanguage\":\"es\",\"@id\":\"https:\\\/\\\/africansafari.travel\\\/es\\\/#\\\/schema\\\/logo\\\/image\\\/\",\"url\":\"https:\\\/\\\/africansafari.travel\\\/wp-content\\\/uploads\\\/2024\\\/12\\\/logo.png\",\"contentUrl\":\"https:\\\/\\\/africansafari.travel\\\/wp-content\\\/uploads\\\/2024\\\/12\\\/logo.png\",\"width\":1024,\"height\":344,\"caption\":\"African Safari Travel\"},\"image\":{\"@id\":\"https:\\\/\\\/africansafari.travel\\\/es\\\/#\\\/schema\\\/logo\\\/image\\\/\"}}]}<\/script>\n<!-- \/ Yoast SEO Premium plugin. -->","yoast_head_json":{"title":"Kilimanjaro y Zanz\u00edbar en 10 D\u00edas | African Safari Travel","description":"Conquista el Kilimanjaro con la Ruta Marangu y rel\u00e1jate en Zanz\u00edbar. 10 d\u00edas de aventura y descanso.","robots":{"index":"index","follow":"follow","max-snippet":"max-snippet:-1","max-image-preview":"max-image-preview:large","max-video-preview":"max-video-preview:-1"},"canonical":"https:\/\/africansafari.travel\/es\/safari-zanzibar-kilimanjaro\/kilimanjaro-ruta-marangu-zanzibar-10-dias\/","og_locale":"es_ES","og_type":"article","og_title":"Kilimanjaro y Relax en Zanz\u00edbar: 10 D\u00edas con la Ruta Marangu","og_description":"Conquista el Kilimanjaro con la Ruta Marangu y rel\u00e1jate en Zanz\u00edbar. 10 d\u00edas de aventura y descanso.","og_url":"https:\/\/africansafari.travel\/es\/safari-zanzibar-kilimanjaro\/kilimanjaro-ruta-marangu-zanzibar-10-dias\/","og_site_name":"African Safari Travel","article_modified_time":"2025-06-13T08:37:48+00:00","og_image":[{"width":2560,"height":1710,"url":"https:\/\/africansafari.travel\/wp-content\/uploads\/2024\/12\/Kilimanjaro-y-Relax-en-Zanzibar-10-Dias-con-la-Ruta-Marangu-scaled.webp","type":"image\/webp"}],"twitter_card":"summary_large_image","twitter_misc":{"Tiempo de lectura":"1 minuto"},"schema":{"@context":"https:\/\/schema.org","@graph":[{"@type":"WebPage","@id":"https:\/\/africansafari.travel\/es\/safari-zanzibar-kilimanjaro\/kilimanjaro-ruta-marangu-zanzibar-10-dias\/","url":"https:\/\/africansafari.travel\/es\/safari-zanzibar-kilimanjaro\/kilimanjaro-ruta-marangu-zanzibar-10-dias\/","name":"Kilimanjaro y Zanz\u00edbar en 10 D\u00edas | African Safari Travel","isPartOf":{"@id":"https:\/\/africansafari.travel\/es\/#website"},"primaryImageOfPage":{"@id":"https:\/\/africansafari.travel\/es\/safari-zanzibar-kilimanjaro\/kilimanjaro-ruta-marangu-zanzibar-10-dias\/#primaryimage"},"image":{"@id":"https:\/\/africansafari.travel\/es\/safari-zanzibar-kilimanjaro\/kilimanjaro-ruta-marangu-zanzibar-10-dias\/#primaryimage"},"thumbnailUrl":"https:\/\/africansafari.travel\/wp-content\/uploads\/2024\/12\/Kilimanjaro-y-Relax-en-Zanzibar-10-Dias-con-la-Ruta-Marangu-scaled.webp","datePublished":"2024-12-12T09:43:19+00:00","dateModified":"2025-06-13T08:37:48+00:00","description":"Conquista el Kilimanjaro con la Ruta Marangu y rel\u00e1jate en Zanz\u00edbar. 10 d\u00edas de aventura y descanso.","breadcrumb":{"@id":"https:\/\/africansafari.travel\/es\/safari-zanzibar-kilimanjaro\/kilimanjaro-ruta-marangu-zanzibar-10-dias\/#breadcrumb"},"inLanguage":"es","potentialAction":[{"@type":"ReadAction","target":["https:\/\/africansafari.travel\/es\/safari-zanzibar-kilimanjaro\/kilimanjaro-ruta-marangu-zanzibar-10-dias\/"]}]},{"@type":"ImageObject","inLanguage":"es","@id":"https:\/\/africansafari.travel\/es\/safari-zanzibar-kilimanjaro\/kilimanjaro-ruta-marangu-zanzibar-10-dias\/#primaryimage","url":"https:\/\/africansafari.travel\/wp-content\/uploads\/2024\/12\/Kilimanjaro-y-Relax-en-Zanzibar-10-Dias-con-la-Ruta-Marangu-scaled.webp","contentUrl":"https:\/\/africansafari.travel\/wp-content\/uploads\/2024\/12\/Kilimanjaro-y-Relax-en-Zanzibar-10-Dias-con-la-Ruta-Marangu-scaled.webp","width":2560,"height":1710},{"@type":"BreadcrumbList","@id":"https:\/\/africansafari.travel\/es\/safari-zanzibar-kilimanjaro\/kilimanjaro-ruta-marangu-zanzibar-10-dias\/#breadcrumb","itemListElement":[{"@type":"ListItem","position":1,"name":"Portada","item":"https:\/\/africansafari.travel\/es\/"},{"@type":"ListItem","position":2,"name":"Safari + Zanz\u00edbar + Kilimanjaro","item":"https:\/\/africansafari.travel\/es\/safari-zanzibar-kilimanjaro\/"},{"@type":"ListItem","position":3,"name":"Kilimanjaro y Relax en Zanz\u00edbar: 10 D\u00edas con la Ruta Marangu"}]},{"@type":"WebSite","@id":"https:\/\/africansafari.travel\/es\/#website","url":"https:\/\/africansafari.travel\/es\/","name":"African Safari Travel","description":"Safaris en Africa a medida","publisher":{"@id":"https:\/\/africansafari.travel\/es\/#organization"},"potentialAction":[{"@type":"SearchAction","target":{"@type":"EntryPoint","urlTemplate":"https:\/\/africansafari.travel\/es\/?s={search_term_string}"},"query-input":{"@type":"PropertyValueSpecification","valueRequired":true,"valueName":"search_term_string"}}],"inLanguage":"es"},{"@type":"Organization","@id":"https:\/\/africansafari.travel\/es\/#organization","name":"African Safari Travel","url":"https:\/\/africansafari.travel\/es\/","logo":{"@type":"ImageObject","inLanguage":"es","@id":"https:\/\/africansafari.travel\/es\/#\/schema\/logo\/image\/","url":"https:\/\/africansafari.travel\/wp-content\/uploads\/2024\/12\/logo.png","contentUrl":"https:\/\/africansafari.travel\/wp-content\/uploads\/2024\/12\/logo.png","width":1024,"height":344,"caption":"African Safari Travel"},"image":{"@id":"https:\/\/africansafari.travel\/es\/#\/schema\/logo\/image\/"}}]}},"_links":{"self":[{"href":"https:\/\/africansafari.travel\/es\/wp-json\/wp\/v2\/pages\/7196","targetHints":{"allow":["GET"]}}],"collection":[{"href":"https:\/\/africansafari.travel\/es\/wp-json\/wp\/v2\/pages"}],"about":[{"href":"https:\/\/africansafari.travel\/es\/wp-json\/wp\/v2\/types\/page"}],"author":[{"embeddable":true,"href":"https:\/\/africansafari.travel\/es\/wp-json\/wp\/v2\/users\/2"}],"replies":[{"embeddable":true,"href":"https:\/\/africansafari.travel\/es\/wp-json\/wp\/v2\/comments?post=7196"}],"version-history":[{"count":0,"href":"https:\/\/africansafari.travel\/es\/wp-json\/wp\/v2\/pages\/7196\/revisions"}],"up":[{"embeddable":true,"href":"https:\/\/africansafari.travel\/es\/wp-json\/wp\/v2\/pages\/9596"}],"wp:featuredmedia":[{"embeddable":true,"href":"https:\/\/africansafari.travel\/es\/wp-json\/wp\/v2\/media\/7197"}],"wp:attachment":[{"href":"https:\/\/africansafari.travel\/es\/wp-json\/wp\/v2\/media?parent=7196"}],"wp:term":[{"taxonomy":"region_parques","embeddable":true,"href":"https:\/\/africansafari.travel\/es\/wp-json\/wp\/v2\/region_parques?post=7196"}],"curies":[{"name":"wp","href":"https:\/\/api.w.org\/{rel}","templated":true}]}}