{"id":7131,"date":"2024-12-12T09:42:06","date_gmt":"2024-12-12T09:42:06","guid":{"rendered":"https:\/\/africansafari.travel\/safaris\/safari-serengeti-gran-migracion-9-dias\/"},"modified":"2025-12-05T16:18:21","modified_gmt":"2025-12-05T16:18:21","slug":"safari-serengeti-gran-migracion-9-dias","status":"publish","type":"page","link":"https:\/\/africansafari.travel\/es\/safaris\/safari-serengeti-gran-migracion-9-dias\/","title":{"rendered":"Safari en el Serengeti con la Gran Migraci\u00f3n"},"content":{"rendered":"","protected":false},"excerpt":{"rendered":"","protected":false},"author":2,"featured_media":11519,"parent":6247,"menu_order":0,"comment_status":"open","ping_status":"closed","template":"","meta":{"_acf_changed":false,"footnotes":""},"region_parques":[],"class_list":["post-7131","page","type-page","status-publish","has-post-thumbnail","hentry"],"blocksy_meta":[],"acf":[],"yoast_head":"<!-- This site is optimized with the Yoast SEO Premium plugin v26.5 (Yoast SEO v27.4) - https:\/\/yoast.com\/product\/yoast-seo-premium-wordpress\/ -->\n<title>Safari de 9 D\u00edas en Serengeti con la Gran Migraci\u00f3n<\/title>\n<meta name=\"description\" content=\"Vive la magia de la Gran Migraci\u00f3n en el Serengeti con un safari de 9 d\u00edas. Naturaleza en estado puro. \u00a1Reserva hoy!\" \/>\n<meta name=\"robots\" content=\"index, follow, max-snippet:-1, max-image-preview:large, max-video-preview:-1\" \/>\n<link rel=\"canonical\" href=\"https:\/\/africansafari.travel\/es\/safaris\/safari-serengeti-gran-migracion-9-dias\/\" \/>\n<meta property=\"og:locale\" content=\"es_ES\" \/>\n<meta property=\"og:type\" content=\"article\" \/>\n<meta property=\"og:title\" content=\"Safari en el Serengeti con la Gran Migraci\u00f3n\" \/>\n<meta property=\"og:description\" content=\"Vive la magia de la Gran Migraci\u00f3n en el Serengeti con un safari de 9 d\u00edas. Naturaleza en estado puro. \u00a1Reserva hoy!\" \/>\n<meta property=\"og:url\" content=\"https:\/\/africansafari.travel\/es\/safaris\/safari-serengeti-gran-migracion-9-dias\/\" \/>\n<meta property=\"og:site_name\" content=\"African Safari Travel\" \/>\n<meta property=\"article:modified_time\" content=\"2025-12-05T16:18:21+00:00\" \/>\n<meta property=\"og:image\" content=\"https:\/\/africansafari.travel\/wp-content\/uploads\/2025\/01\/la-gran-migracion-nus-1.webp\" \/>\n\t<meta property=\"og:image:width\" content=\"1800\" \/>\n\t<meta property=\"og:image:height\" content=\"1013\" \/>\n\t<meta property=\"og:image:type\" content=\"image\/webp\" \/>\n<meta name=\"twitter:card\" content=\"summary_large_image\" \/>\n<meta name=\"twitter:label1\" content=\"Tiempo de lectura\" \/>\n\t<meta name=\"twitter:data1\" content=\"6 minutos\" \/>\n<script type=\"application\/ld+json\" class=\"yoast-schema-graph\">{\"@context\":\"https:\\\/\\\/schema.org\",\"@graph\":[{\"@type\":\"WebPage\",\"@id\":\"https:\\\/\\\/africansafari.travel\\\/es\\\/safaris\\\/safari-serengeti-gran-migracion-9-dias\\\/\",\"url\":\"https:\\\/\\\/africansafari.travel\\\/es\\\/safaris\\\/safari-serengeti-gran-migracion-9-dias\\\/\",\"name\":\"Safari de 9 D\u00edas en Serengeti con la Gran Migraci\u00f3n\",\"isPartOf\":{\"@id\":\"https:\\\/\\\/africansafari.travel\\\/es\\\/#website\"},\"primaryImageOfPage\":{\"@id\":\"https:\\\/\\\/africansafari.travel\\\/es\\\/safaris\\\/safari-serengeti-gran-migracion-9-dias\\\/#primaryimage\"},\"image\":{\"@id\":\"https:\\\/\\\/africansafari.travel\\\/es\\\/safaris\\\/safari-serengeti-gran-migracion-9-dias\\\/#primaryimage\"},\"thumbnailUrl\":\"https:\\\/\\\/africansafari.travel\\\/wp-content\\\/uploads\\\/2025\\\/01\\\/la-gran-migracion-nus-1.webp\",\"datePublished\":\"2024-12-12T09:42:06+00:00\",\"dateModified\":\"2025-12-05T16:18:21+00:00\",\"description\":\"Vive la magia de la Gran Migraci\u00f3n en el Serengeti con un safari de 9 d\u00edas. Naturaleza en estado puro. \u00a1Reserva hoy!\",\"breadcrumb\":{\"@id\":\"https:\\\/\\\/africansafari.travel\\\/es\\\/safaris\\\/safari-serengeti-gran-migracion-9-dias\\\/#breadcrumb\"},\"inLanguage\":\"es\",\"potentialAction\":[{\"@type\":\"ReadAction\",\"target\":[\"https:\\\/\\\/africansafari.travel\\\/es\\\/safaris\\\/safari-serengeti-gran-migracion-9-dias\\\/\"]}]},{\"@type\":\"ImageObject\",\"inLanguage\":\"es\",\"@id\":\"https:\\\/\\\/africansafari.travel\\\/es\\\/safaris\\\/safari-serengeti-gran-migracion-9-dias\\\/#primaryimage\",\"url\":\"https:\\\/\\\/africansafari.travel\\\/wp-content\\\/uploads\\\/2025\\\/01\\\/la-gran-migracion-nus-1.webp\",\"contentUrl\":\"https:\\\/\\\/africansafari.travel\\\/wp-content\\\/uploads\\\/2025\\\/01\\\/la-gran-migracion-nus-1.webp\",\"width\":1800,\"height\":1013},{\"@type\":\"BreadcrumbList\",\"@id\":\"https:\\\/\\\/africansafari.travel\\\/es\\\/safaris\\\/safari-serengeti-gran-migracion-9-dias\\\/#breadcrumb\",\"itemListElement\":[{\"@type\":\"ListItem\",\"position\":1,\"name\":\"Portada\",\"item\":\"https:\\\/\\\/africansafari.travel\\\/es\\\/\"},{\"@type\":\"ListItem\",\"position\":2,\"name\":\"Safari Privado en Tanzania con African Safari Travel\",\"item\":\"https:\\\/\\\/africansafari.travel\\\/es\\\/safaris\\\/\"},{\"@type\":\"ListItem\",\"position\":3,\"name\":\"Safari en el Serengeti con la Gran Migraci\u00f3n\"}]},{\"@type\":\"WebSite\",\"@id\":\"https:\\\/\\\/africansafari.travel\\\/es\\\/#website\",\"url\":\"https:\\\/\\\/africansafari.travel\\\/es\\\/\",\"name\":\"African Safari Travel\",\"description\":\"Safaris en Africa a medida\",\"publisher\":{\"@id\":\"https:\\\/\\\/africansafari.travel\\\/es\\\/#organization\"},\"potentialAction\":[{\"@type\":\"SearchAction\",\"target\":{\"@type\":\"EntryPoint\",\"urlTemplate\":\"https:\\\/\\\/africansafari.travel\\\/es\\\/?s={search_term_string}\"},\"query-input\":{\"@type\":\"PropertyValueSpecification\",\"valueRequired\":true,\"valueName\":\"search_term_string\"}}],\"inLanguage\":\"es\"},{\"@type\":\"Organization\",\"@id\":\"https:\\\/\\\/africansafari.travel\\\/es\\\/#organization\",\"name\":\"African Safari Travel\",\"url\":\"https:\\\/\\\/africansafari.travel\\\/es\\\/\",\"logo\":{\"@type\":\"ImageObject\",\"inLanguage\":\"es\",\"@id\":\"https:\\\/\\\/africansafari.travel\\\/es\\\/#\\\/schema\\\/logo\\\/image\\\/\",\"url\":\"https:\\\/\\\/africansafari.travel\\\/wp-content\\\/uploads\\\/2024\\\/12\\\/logo.png\",\"contentUrl\":\"https:\\\/\\\/africansafari.travel\\\/wp-content\\\/uploads\\\/2024\\\/12\\\/logo.png\",\"width\":1024,\"height\":344,\"caption\":\"African Safari Travel\"},\"image\":{\"@id\":\"https:\\\/\\\/africansafari.travel\\\/es\\\/#\\\/schema\\\/logo\\\/image\\\/\"}}]}<\/script>\n<!-- \/ Yoast SEO Premium plugin. -->","yoast_head_json":{"title":"Safari de 9 D\u00edas en Serengeti con la Gran Migraci\u00f3n","description":"Vive la magia de la Gran Migraci\u00f3n en el Serengeti con un safari de 9 d\u00edas. Naturaleza en estado puro. \u00a1Reserva hoy!","robots":{"index":"index","follow":"follow","max-snippet":"max-snippet:-1","max-image-preview":"max-image-preview:large","max-video-preview":"max-video-preview:-1"},"canonical":"https:\/\/africansafari.travel\/es\/safaris\/safari-serengeti-gran-migracion-9-dias\/","og_locale":"es_ES","og_type":"article","og_title":"Safari en el Serengeti con la Gran Migraci\u00f3n","og_description":"Vive la magia de la Gran Migraci\u00f3n en el Serengeti con un safari de 9 d\u00edas. Naturaleza en estado puro. \u00a1Reserva hoy!","og_url":"https:\/\/africansafari.travel\/es\/safaris\/safari-serengeti-gran-migracion-9-dias\/","og_site_name":"African Safari Travel","article_modified_time":"2025-12-05T16:18:21+00:00","og_image":[{"width":1800,"height":1013,"url":"https:\/\/africansafari.travel\/wp-content\/uploads\/2025\/01\/la-gran-migracion-nus-1.webp","type":"image\/webp"}],"twitter_card":"summary_large_image","twitter_misc":{"Tiempo de lectura":"6 minutos"},"schema":{"@context":"https:\/\/schema.org","@graph":[{"@type":"WebPage","@id":"https:\/\/africansafari.travel\/es\/safaris\/safari-serengeti-gran-migracion-9-dias\/","url":"https:\/\/africansafari.travel\/es\/safaris\/safari-serengeti-gran-migracion-9-dias\/","name":"Safari de 9 D\u00edas en Serengeti con la Gran Migraci\u00f3n","isPartOf":{"@id":"https:\/\/africansafari.travel\/es\/#website"},"primaryImageOfPage":{"@id":"https:\/\/africansafari.travel\/es\/safaris\/safari-serengeti-gran-migracion-9-dias\/#primaryimage"},"image":{"@id":"https:\/\/africansafari.travel\/es\/safaris\/safari-serengeti-gran-migracion-9-dias\/#primaryimage"},"thumbnailUrl":"https:\/\/africansafari.travel\/wp-content\/uploads\/2025\/01\/la-gran-migracion-nus-1.webp","datePublished":"2024-12-12T09:42:06+00:00","dateModified":"2025-12-05T16:18:21+00:00","description":"Vive la magia de la Gran Migraci\u00f3n en el Serengeti con un safari de 9 d\u00edas. Naturaleza en estado puro. \u00a1Reserva hoy!","breadcrumb":{"@id":"https:\/\/africansafari.travel\/es\/safaris\/safari-serengeti-gran-migracion-9-dias\/#breadcrumb"},"inLanguage":"es","potentialAction":[{"@type":"ReadAction","target":["https:\/\/africansafari.travel\/es\/safaris\/safari-serengeti-gran-migracion-9-dias\/"]}]},{"@type":"ImageObject","inLanguage":"es","@id":"https:\/\/africansafari.travel\/es\/safaris\/safari-serengeti-gran-migracion-9-dias\/#primaryimage","url":"https:\/\/africansafari.travel\/wp-content\/uploads\/2025\/01\/la-gran-migracion-nus-1.webp","contentUrl":"https:\/\/africansafari.travel\/wp-content\/uploads\/2025\/01\/la-gran-migracion-nus-1.webp","width":1800,"height":1013},{"@type":"BreadcrumbList","@id":"https:\/\/africansafari.travel\/es\/safaris\/safari-serengeti-gran-migracion-9-dias\/#breadcrumb","itemListElement":[{"@type":"ListItem","position":1,"name":"Portada","item":"https:\/\/africansafari.travel\/es\/"},{"@type":"ListItem","position":2,"name":"Safari Privado en Tanzania con African Safari Travel","item":"https:\/\/africansafari.travel\/es\/safaris\/"},{"@type":"ListItem","position":3,"name":"Safari en el Serengeti con la Gran Migraci\u00f3n"}]},{"@type":"WebSite","@id":"https:\/\/africansafari.travel\/es\/#website","url":"https:\/\/africansafari.travel\/es\/","name":"African Safari Travel","description":"Safaris en Africa a medida","publisher":{"@id":"https:\/\/africansafari.travel\/es\/#organization"},"potentialAction":[{"@type":"SearchAction","target":{"@type":"EntryPoint","urlTemplate":"https:\/\/africansafari.travel\/es\/?s={search_term_string}"},"query-input":{"@type":"PropertyValueSpecification","valueRequired":true,"valueName":"search_term_string"}}],"inLanguage":"es"},{"@type":"Organization","@id":"https:\/\/africansafari.travel\/es\/#organization","name":"African Safari Travel","url":"https:\/\/africansafari.travel\/es\/","logo":{"@type":"ImageObject","inLanguage":"es","@id":"https:\/\/africansafari.travel\/es\/#\/schema\/logo\/image\/","url":"https:\/\/africansafari.travel\/wp-content\/uploads\/2024\/12\/logo.png","contentUrl":"https:\/\/africansafari.travel\/wp-content\/uploads\/2024\/12\/logo.png","width":1024,"height":344,"caption":"African Safari Travel"},"image":{"@id":"https:\/\/africansafari.travel\/es\/#\/schema\/logo\/image\/"}}]}},"_links":{"self":[{"href":"https:\/\/africansafari.travel\/es\/wp-json\/wp\/v2\/pages\/7131","targetHints":{"allow":["GET"]}}],"collection":[{"href":"https:\/\/africansafari.travel\/es\/wp-json\/wp\/v2\/pages"}],"about":[{"href":"https:\/\/africansafari.travel\/es\/wp-json\/wp\/v2\/types\/page"}],"author":[{"embeddable":true,"href":"https:\/\/africansafari.travel\/es\/wp-json\/wp\/v2\/users\/2"}],"replies":[{"embeddable":true,"href":"https:\/\/africansafari.travel\/es\/wp-json\/wp\/v2\/comments?post=7131"}],"version-history":[{"count":4,"href":"https:\/\/africansafari.travel\/es\/wp-json\/wp\/v2\/pages\/7131\/revisions"}],"predecessor-version":[{"id":17106,"href":"https:\/\/africansafari.travel\/es\/wp-json\/wp\/v2\/pages\/7131\/revisions\/17106"}],"up":[{"embeddable":true,"href":"https:\/\/africansafari.travel\/es\/wp-json\/wp\/v2\/pages\/6247"}],"wp:featuredmedia":[{"embeddable":true,"href":"https:\/\/africansafari.travel\/es\/wp-json\/wp\/v2\/media\/11519"}],"wp:attachment":[{"href":"https:\/\/africansafari.travel\/es\/wp-json\/wp\/v2\/media?parent=7131"}],"wp:term":[{"taxonomy":"region_parques","embeddable":true,"href":"https:\/\/africansafari.travel\/es\/wp-json\/wp\/v2\/region_parques?post=7131"}],"curies":[{"name":"wp","href":"https:\/\/api.w.org\/{rel}","templated":true}]}}