{"id":6917,"date":"2024-12-11T22:15:25","date_gmt":"2024-12-11T22:15:25","guid":{"rendered":"https:\/\/africansafari.travel\/actividades\/corales-arrecifes-submarinos\/"},"modified":"2025-06-13T08:37:48","modified_gmt":"2025-06-13T08:37:48","slug":"corales-arrecifes-submarinos","status":"publish","type":"page","link":"https:\/\/africansafari.travel\/es\/actividades\/corales-arrecifes-submarinos\/","title":{"rendered":"Descubre los corales y arrecifes submarinos."},"content":{"rendered":"","protected":false},"excerpt":{"rendered":"","protected":false},"author":2,"featured_media":6918,"parent":6019,"menu_order":0,"comment_status":"closed","ping_status":"open","template":"","meta":{"_acf_changed":false,"footnotes":""},"region_parques":[],"class_list":["post-6917","page","type-page","status-publish","has-post-thumbnail","hentry"],"blocksy_meta":[],"acf":[],"yoast_head":"<!-- This site is optimized with the Yoast SEO Premium plugin v26.5 (Yoast SEO v27.4) - https:\/\/yoast.com\/product\/yoast-seo-premium-wordpress\/ -->\n<title>Descubre corales y arrecifes submarinos | Aventuras acu\u00e1ticas en Zanz\u00edbar<\/title>\n<meta name=\"description\" content=\"Descubre los corales y arrecifes submarinos m\u00e1s impresionantes. Naturaleza bajo el agua en su m\u00e1xima expresi\u00f3n.\" \/>\n<meta name=\"robots\" content=\"index, follow, max-snippet:-1, max-image-preview:large, max-video-preview:-1\" \/>\n<link rel=\"canonical\" href=\"https:\/\/africansafari.travel\/es\/actividades\/corales-arrecifes-submarinos\/\" \/>\n<meta property=\"og:locale\" content=\"es_ES\" \/>\n<meta property=\"og:type\" content=\"article\" \/>\n<meta property=\"og:title\" content=\"Descubre los corales y arrecifes submarinos.\" \/>\n<meta property=\"og:description\" content=\"Descubre los corales y arrecifes submarinos m\u00e1s impresionantes. Naturaleza bajo el agua en su m\u00e1xima expresi\u00f3n.\" \/>\n<meta property=\"og:url\" content=\"https:\/\/africansafari.travel\/es\/actividades\/corales-arrecifes-submarinos\/\" \/>\n<meta property=\"og:site_name\" content=\"African Safari Travel\" \/>\n<meta property=\"article:modified_time\" content=\"2025-06-13T08:37:48+00:00\" \/>\n<meta property=\"og:image\" content=\"https:\/\/africansafari.travel\/wp-content\/uploads\/2024\/12\/Descubre-los-corales-y-arrecifes-submarinos.webp\" \/>\n\t<meta property=\"og:image:width\" content=\"1000\" \/>\n\t<meta property=\"og:image:height\" content=\"750\" \/>\n\t<meta property=\"og:image:type\" content=\"image\/webp\" \/>\n<meta name=\"twitter:card\" content=\"summary_large_image\" \/>\n<script type=\"application\/ld+json\" class=\"yoast-schema-graph\">{\"@context\":\"https:\\\/\\\/schema.org\",\"@graph\":[{\"@type\":\"WebPage\",\"@id\":\"https:\\\/\\\/africansafari.travel\\\/es\\\/actividades\\\/corales-arrecifes-submarinos\\\/\",\"url\":\"https:\\\/\\\/africansafari.travel\\\/es\\\/actividades\\\/corales-arrecifes-submarinos\\\/\",\"name\":\"Descubre corales y arrecifes submarinos | Aventuras acu\u00e1ticas en Zanz\u00edbar\",\"isPartOf\":{\"@id\":\"https:\\\/\\\/africansafari.travel\\\/es\\\/#website\"},\"primaryImageOfPage\":{\"@id\":\"https:\\\/\\\/africansafari.travel\\\/es\\\/actividades\\\/corales-arrecifes-submarinos\\\/#primaryimage\"},\"image\":{\"@id\":\"https:\\\/\\\/africansafari.travel\\\/es\\\/actividades\\\/corales-arrecifes-submarinos\\\/#primaryimage\"},\"thumbnailUrl\":\"https:\\\/\\\/africansafari.travel\\\/wp-content\\\/uploads\\\/2024\\\/12\\\/Descubre-los-corales-y-arrecifes-submarinos.webp\",\"datePublished\":\"2024-12-11T22:15:25+00:00\",\"dateModified\":\"2025-06-13T08:37:48+00:00\",\"description\":\"Descubre los corales y arrecifes submarinos m\u00e1s impresionantes. Naturaleza bajo el agua en su m\u00e1xima expresi\u00f3n.\",\"breadcrumb\":{\"@id\":\"https:\\\/\\\/africansafari.travel\\\/es\\\/actividades\\\/corales-arrecifes-submarinos\\\/#breadcrumb\"},\"inLanguage\":\"es\",\"potentialAction\":[{\"@type\":\"ReadAction\",\"target\":[\"https:\\\/\\\/africansafari.travel\\\/es\\\/actividades\\\/corales-arrecifes-submarinos\\\/\"]}]},{\"@type\":\"ImageObject\",\"inLanguage\":\"es\",\"@id\":\"https:\\\/\\\/africansafari.travel\\\/es\\\/actividades\\\/corales-arrecifes-submarinos\\\/#primaryimage\",\"url\":\"https:\\\/\\\/africansafari.travel\\\/wp-content\\\/uploads\\\/2024\\\/12\\\/Descubre-los-corales-y-arrecifes-submarinos.webp\",\"contentUrl\":\"https:\\\/\\\/africansafari.travel\\\/wp-content\\\/uploads\\\/2024\\\/12\\\/Descubre-los-corales-y-arrecifes-submarinos.webp\",\"width\":1000,\"height\":750},{\"@type\":\"BreadcrumbList\",\"@id\":\"https:\\\/\\\/africansafari.travel\\\/es\\\/actividades\\\/corales-arrecifes-submarinos\\\/#breadcrumb\",\"itemListElement\":[{\"@type\":\"ListItem\",\"position\":1,\"name\":\"Portada\",\"item\":\"https:\\\/\\\/africansafari.travel\\\/es\\\/\"},{\"@type\":\"ListItem\",\"position\":2,\"name\":\"Actividades\",\"item\":\"https:\\\/\\\/africansafari.travel\\\/es\\\/actividades\\\/\"},{\"@type\":\"ListItem\",\"position\":3,\"name\":\"Descubre los corales y arrecifes submarinos.\"}]},{\"@type\":\"WebSite\",\"@id\":\"https:\\\/\\\/africansafari.travel\\\/es\\\/#website\",\"url\":\"https:\\\/\\\/africansafari.travel\\\/es\\\/\",\"name\":\"African Safari Travel\",\"description\":\"Safaris en Africa a medida\",\"publisher\":{\"@id\":\"https:\\\/\\\/africansafari.travel\\\/es\\\/#organization\"},\"potentialAction\":[{\"@type\":\"SearchAction\",\"target\":{\"@type\":\"EntryPoint\",\"urlTemplate\":\"https:\\\/\\\/africansafari.travel\\\/es\\\/?s={search_term_string}\"},\"query-input\":{\"@type\":\"PropertyValueSpecification\",\"valueRequired\":true,\"valueName\":\"search_term_string\"}}],\"inLanguage\":\"es\"},{\"@type\":\"Organization\",\"@id\":\"https:\\\/\\\/africansafari.travel\\\/es\\\/#organization\",\"name\":\"African Safari Travel\",\"url\":\"https:\\\/\\\/africansafari.travel\\\/es\\\/\",\"logo\":{\"@type\":\"ImageObject\",\"inLanguage\":\"es\",\"@id\":\"https:\\\/\\\/africansafari.travel\\\/es\\\/#\\\/schema\\\/logo\\\/image\\\/\",\"url\":\"https:\\\/\\\/africansafari.travel\\\/wp-content\\\/uploads\\\/2024\\\/12\\\/logo.png\",\"contentUrl\":\"https:\\\/\\\/africansafari.travel\\\/wp-content\\\/uploads\\\/2024\\\/12\\\/logo.png\",\"width\":1024,\"height\":344,\"caption\":\"African Safari Travel\"},\"image\":{\"@id\":\"https:\\\/\\\/africansafari.travel\\\/es\\\/#\\\/schema\\\/logo\\\/image\\\/\"}}]}<\/script>\n<!-- \/ Yoast SEO Premium plugin. -->","yoast_head_json":{"title":"Descubre corales y arrecifes submarinos | Aventuras acu\u00e1ticas en Zanz\u00edbar","description":"Descubre los corales y arrecifes submarinos m\u00e1s impresionantes. Naturaleza bajo el agua en su m\u00e1xima expresi\u00f3n.","robots":{"index":"index","follow":"follow","max-snippet":"max-snippet:-1","max-image-preview":"max-image-preview:large","max-video-preview":"max-video-preview:-1"},"canonical":"https:\/\/africansafari.travel\/es\/actividades\/corales-arrecifes-submarinos\/","og_locale":"es_ES","og_type":"article","og_title":"Descubre los corales y arrecifes submarinos.","og_description":"Descubre los corales y arrecifes submarinos m\u00e1s impresionantes. Naturaleza bajo el agua en su m\u00e1xima expresi\u00f3n.","og_url":"https:\/\/africansafari.travel\/es\/actividades\/corales-arrecifes-submarinos\/","og_site_name":"African Safari Travel","article_modified_time":"2025-06-13T08:37:48+00:00","og_image":[{"width":1000,"height":750,"url":"https:\/\/africansafari.travel\/wp-content\/uploads\/2024\/12\/Descubre-los-corales-y-arrecifes-submarinos.webp","type":"image\/webp"}],"twitter_card":"summary_large_image","schema":{"@context":"https:\/\/schema.org","@graph":[{"@type":"WebPage","@id":"https:\/\/africansafari.travel\/es\/actividades\/corales-arrecifes-submarinos\/","url":"https:\/\/africansafari.travel\/es\/actividades\/corales-arrecifes-submarinos\/","name":"Descubre corales y arrecifes submarinos | Aventuras acu\u00e1ticas en Zanz\u00edbar","isPartOf":{"@id":"https:\/\/africansafari.travel\/es\/#website"},"primaryImageOfPage":{"@id":"https:\/\/africansafari.travel\/es\/actividades\/corales-arrecifes-submarinos\/#primaryimage"},"image":{"@id":"https:\/\/africansafari.travel\/es\/actividades\/corales-arrecifes-submarinos\/#primaryimage"},"thumbnailUrl":"https:\/\/africansafari.travel\/wp-content\/uploads\/2024\/12\/Descubre-los-corales-y-arrecifes-submarinos.webp","datePublished":"2024-12-11T22:15:25+00:00","dateModified":"2025-06-13T08:37:48+00:00","description":"Descubre los corales y arrecifes submarinos m\u00e1s impresionantes. Naturaleza bajo el agua en su m\u00e1xima expresi\u00f3n.","breadcrumb":{"@id":"https:\/\/africansafari.travel\/es\/actividades\/corales-arrecifes-submarinos\/#breadcrumb"},"inLanguage":"es","potentialAction":[{"@type":"ReadAction","target":["https:\/\/africansafari.travel\/es\/actividades\/corales-arrecifes-submarinos\/"]}]},{"@type":"ImageObject","inLanguage":"es","@id":"https:\/\/africansafari.travel\/es\/actividades\/corales-arrecifes-submarinos\/#primaryimage","url":"https:\/\/africansafari.travel\/wp-content\/uploads\/2024\/12\/Descubre-los-corales-y-arrecifes-submarinos.webp","contentUrl":"https:\/\/africansafari.travel\/wp-content\/uploads\/2024\/12\/Descubre-los-corales-y-arrecifes-submarinos.webp","width":1000,"height":750},{"@type":"BreadcrumbList","@id":"https:\/\/africansafari.travel\/es\/actividades\/corales-arrecifes-submarinos\/#breadcrumb","itemListElement":[{"@type":"ListItem","position":1,"name":"Portada","item":"https:\/\/africansafari.travel\/es\/"},{"@type":"ListItem","position":2,"name":"Actividades","item":"https:\/\/africansafari.travel\/es\/actividades\/"},{"@type":"ListItem","position":3,"name":"Descubre los corales y arrecifes submarinos."}]},{"@type":"WebSite","@id":"https:\/\/africansafari.travel\/es\/#website","url":"https:\/\/africansafari.travel\/es\/","name":"African Safari Travel","description":"Safaris en Africa a medida","publisher":{"@id":"https:\/\/africansafari.travel\/es\/#organization"},"potentialAction":[{"@type":"SearchAction","target":{"@type":"EntryPoint","urlTemplate":"https:\/\/africansafari.travel\/es\/?s={search_term_string}"},"query-input":{"@type":"PropertyValueSpecification","valueRequired":true,"valueName":"search_term_string"}}],"inLanguage":"es"},{"@type":"Organization","@id":"https:\/\/africansafari.travel\/es\/#organization","name":"African Safari Travel","url":"https:\/\/africansafari.travel\/es\/","logo":{"@type":"ImageObject","inLanguage":"es","@id":"https:\/\/africansafari.travel\/es\/#\/schema\/logo\/image\/","url":"https:\/\/africansafari.travel\/wp-content\/uploads\/2024\/12\/logo.png","contentUrl":"https:\/\/africansafari.travel\/wp-content\/uploads\/2024\/12\/logo.png","width":1024,"height":344,"caption":"African Safari Travel"},"image":{"@id":"https:\/\/africansafari.travel\/es\/#\/schema\/logo\/image\/"}}]}},"_links":{"self":[{"href":"https:\/\/africansafari.travel\/es\/wp-json\/wp\/v2\/pages\/6917","targetHints":{"allow":["GET"]}}],"collection":[{"href":"https:\/\/africansafari.travel\/es\/wp-json\/wp\/v2\/pages"}],"about":[{"href":"https:\/\/africansafari.travel\/es\/wp-json\/wp\/v2\/types\/page"}],"author":[{"embeddable":true,"href":"https:\/\/africansafari.travel\/es\/wp-json\/wp\/v2\/users\/2"}],"replies":[{"embeddable":true,"href":"https:\/\/africansafari.travel\/es\/wp-json\/wp\/v2\/comments?post=6917"}],"version-history":[{"count":0,"href":"https:\/\/africansafari.travel\/es\/wp-json\/wp\/v2\/pages\/6917\/revisions"}],"up":[{"embeddable":true,"href":"https:\/\/africansafari.travel\/es\/wp-json\/wp\/v2\/pages\/6019"}],"wp:featuredmedia":[{"embeddable":true,"href":"https:\/\/africansafari.travel\/es\/wp-json\/wp\/v2\/media\/6918"}],"wp:attachment":[{"href":"https:\/\/africansafari.travel\/es\/wp-json\/wp\/v2\/media?parent=6917"}],"wp:term":[{"taxonomy":"region_parques","embeddable":true,"href":"https:\/\/africansafari.travel\/es\/wp-json\/wp\/v2\/region_parques?post=6917"}],"curies":[{"name":"wp","href":"https:\/\/api.w.org\/{rel}","templated":true}]}}