{"id":14612,"date":"2025-07-10T14:40:27","date_gmt":"2025-07-10T14:40:27","guid":{"rendered":"https:\/\/africansafari.travel\/?page_id=14612"},"modified":"2026-03-19T14:47:57","modified_gmt":"2026-03-19T14:47:57","slug":"guia-viaje-tanzania-2","status":"publish","type":"page","link":"https:\/\/africansafari.travel\/es\/viajar-a-tanzania\/guia-viaje-tanzania-2\/","title":{"rendered":"Gu\u00eda de Viaje de Safari en Tanzania"},"content":{"rendered":"\t\t<div data-elementor-type=\"wp-page\" data-elementor-id=\"14612\" class=\"elementor elementor-14612\" data-elementor-post-type=\"page\">\n\t\t\t\t<div class=\"elementor-element elementor-element-53ff3d0b e-flex e-con-boxed e-con e-parent\" data-id=\"53ff3d0b\" data-element_type=\"container\" data-e-type=\"container\" data-settings=\"{&quot;background_background&quot;:&quot;classic&quot;}\">\n\t\t\t\t\t<div class=\"e-con-inner\">\n\t\t\t\t<div class=\"elementor-element elementor-element-39821290 elementor-widget elementor-widget-heading\" data-id=\"39821290\" data-element_type=\"widget\" data-e-type=\"widget\" data-widget_type=\"heading.default\">\n\t\t\t\t\t<h1 class=\"elementor-heading-title elementor-size-default\">Gu\u00eda Completa de Safari a Tanzania<\/h1>\t\t\t\t<\/div>\n\t\t\t\t<div class=\"elementor-element elementor-element-2045506d elementor-widget elementor-widget-text-editor\" data-id=\"2045506d\" data-element_type=\"widget\" data-e-type=\"widget\" data-widget_type=\"text-editor.default\">\n\t\t\t\t\t\t\t\t\t<p class=\"\" data-start=\"581\" data-end=\"641\"><em data-start=\"581\" data-end=\"641\">Te contamos cada detalle de tu viaje a Tanzania, para que nada se pase por alto.<\/em><\/p>\t\t\t\t\t\t\t\t<\/div>\n\t\t\t\t\t<\/div>\n\t\t\t\t<\/div>\n\t\t<div class=\"elementor-element elementor-element-d130c46 e-con-full e-flex e-con e-parent\" data-id=\"d130c46\" data-element_type=\"container\" data-e-type=\"container\">\n\t\t\t\t<div class=\"elementor-element elementor-element-773c25cc elementor-widget elementor-widget-eael-breadcrumbs\" data-id=\"773c25cc\" data-element_type=\"widget\" data-e-type=\"widget\" data-widget_type=\"eael-breadcrumbs.default\">\n\t\t\t\t<div class=\"elementor-widget-container\">\n\t\t\t\t\t\t\t<div class=\"eael-breadcrumbs\">\n\t\t\t<div class=\"eael-breadcrumbs__content\"><a href=\"https:\/\/africansafari.travel\/es\/\">Inicio<\/a> <span class=\"eael-breadcrumb-separator\"><svg aria-hidden=\"true\" class=\"e-font-icon-svg e-fas-angle-right\" viewBox=\"0 0 256 512\" xmlns=\"http:\/\/www.w3.org\/2000\/svg\"><path d=\"M224.3 273l-136 136c-9.4 9.4-24.6 9.4-33.9 0l-22.6-22.6c-9.4-9.4-9.4-24.6 0-33.9l96.4-96.4-96.4-96.4c-9.4-9.4-9.4-24.6 0-33.9L54.3 103c9.4-9.4 24.6-9.4 33.9 0l136 136c9.5 9.4 9.5 24.6.1 34z\"><\/path><\/svg><\/span> <span class = \"eael-current\">P\u00e1gina<\/span><\/div>\t\t<\/div>\n\t\t\t\t\t\t<\/div>\n\t\t\t\t<\/div>\n\t\t\t\t<div class=\"elementor-element elementor-element-d6e367f elementor-widget elementor-widget-heading\" data-id=\"d6e367f\" data-element_type=\"widget\" data-e-type=\"widget\" data-widget_type=\"heading.default\">\n\t\t\t\t\t<h2 class=\"elementor-heading-title elementor-size-default\">Consigue gratis tu gu\u00eda completa de Safari en Tanzania<\/h2>\t\t\t\t<\/div>\n\t\t<div class=\"elementor-element elementor-element-402183c e-con-full e-flex e-con e-child\" data-id=\"402183c\" data-element_type=\"container\" data-e-type=\"container\">\n\t\t\t\t<div class=\"elementor-element elementor-element-45fc896 elementor-widget elementor-widget-text-editor\" data-id=\"45fc896\" data-element_type=\"widget\" data-e-type=\"widget\" data-widget_type=\"text-editor.default\">\n\t\t\t\t\t\t\t\t\t<p data-start=\"341\" data-end=\"569\">\u00bfEst\u00e1s pensando en hacer un safari por Tanzania? \u00bfTe atrae la idea de ver de cerca a los grandes animales africanos, dormir bajo un cielo estrellado en plena sabana y recorrer algunos de los parques m\u00e1s espectaculares del mundo?<\/p>\n<p data-start=\"571\" data-end=\"815\">En <em data-start=\"574\" data-end=\"597\">African Safari Travel<\/em> hemos preparado una gu\u00eda gratuita que te ayudar\u00e1 a planificar el viaje de tu vida. Es un recurso completo, claro y directo, pensado para personas que como t\u00fa est\u00e1n interesadas en vivir una experiencia \u00fanica en \u00c1frica, <b>descubriendo cada punto a tener en cuenta para viajar.<\/b><\/p>\n<p data-start=\"817\" data-end=\"1206\"><span data-start=\"817\" data-end=\"895\">Descubrir Tanzania a trav\u00e9s de <\/span><strong data-start=\"817\" data-end=\"895\">un safari es mucho m\u00e1s que unas vacaciones.<\/strong> Es sumergirse en un entorno salvaje, culturalmente fascinante y con una biodiversidad que no tiene comparaci\u00f3n. Sin embargo, organizarlo puede generar muchas dudas: \u00bfCu\u00e1ndo es la mejor \u00e9poca para viajar? \u00bfQu\u00e9 parques visitar? \u00bfCu\u00e1ntos d\u00edas necesito? \u00bfD\u00f3nde me alojo? \u00bfQu\u00e9 ropa o vacunas necesito?<\/p>\n<p data-start=\"1208\" data-end=\"1400\">Nuestra gu\u00eda responde a todas esas preguntas y muchas m\u00e1s. La hemos escrito bas\u00e1ndonos en nuestros a\u00f1os de experiencia organizando safaris personalizados y en el conocimiento de nuestros gu\u00edas locales. Recuerda, es un viaje que<b> no se puede dejar en manos de cualquiera.<\/b><\/p>\t\t\t\t\t\t\t\t<\/div>\n\t\t\t\t<\/div>\n\t\t\t\t<\/div>\n\t\t<div class=\"elementor-element elementor-element-6bc0d67 e-con-full e-flex e-con e-parent\" data-id=\"6bc0d67\" data-element_type=\"container\" data-e-type=\"container\">\n\t\t\t\t<div class=\"elementor-element elementor-element-a4e4774 elementor-widget__width-initial elementor-widget elementor-widget-heading\" data-id=\"a4e4774\" data-element_type=\"widget\" data-e-type=\"widget\" data-widget_type=\"heading.default\">\n\t\t\t\t\t<h2 class=\"elementor-heading-title elementor-size-default\">\u00bfQue encontrar\u00e1s en la gu\u00eda de Safari a Tanzania?<\/h2>\t\t\t\t<\/div>\n\t\t<div class=\"elementor-element elementor-element-ea60bab e-con-full e-flex e-con e-child\" data-id=\"ea60bab\" data-element_type=\"container\" data-e-type=\"container\">\n\t\t\t\t<div class=\"elementor-element elementor-element-85ec4ed elementor-widget elementor-widget-text-editor\" data-id=\"85ec4ed\" data-element_type=\"widget\" data-e-type=\"widget\" data-widget_type=\"text-editor.default\">\n\t\t\t\t\t\t\t\t\t<p style=\"text-align: left;\" data-start=\"200\" data-end=\"516\">Hemos reunido en esta gu\u00eda todo lo que necesitas saber para organizar tu safari con tranquilidad, ilusi\u00f3n y conocimiento. Es una herramienta pensada para ayudarte a tomar decisiones informadas y disfrutar al m\u00e1ximo de tu experiencia en \u00c1frica, tanto si ya has reservado tu viaje como si est\u00e1s empezando a explorarlo.<\/p>\n<p style=\"text-align: left;\" data-start=\"518\" data-end=\"541\">En la gu\u00eda descubrir\u00e1s:<\/p>\n<ul>\n<li style=\"text-align: left;\">Cu\u00e1l es <strong>la mejor \u00e9poca para viajar<\/strong> seg\u00fan lo que quieras ver (la Gran Migraci\u00f3n, los Big Five, paisajes verdes, etc.).<\/li>\n<li style=\"text-align: left;\" data-start=\"1426\" data-end=\"1542\"><span style=\"font-family: inherit; font-size: inherit; font-style: inherit; font-variant-ligatures: inherit; font-variant-caps: inherit; font-weight: inherit;\">Informaci\u00f3n sobre los <strong>parques nacionales m\u00e1s emblem\u00e1ticos<\/strong>: Serengeti, Ngorongoro, Tarangire, Lago Manyara y m\u00e1s<\/span><\/li>\n<li style=\"text-align: left;\" data-start=\"1659\" data-end=\"1773\"><strong>Consejos pr\u00e1cticos<\/strong> sobre qu\u00e9 llevar, qu\u00e9 vacunas considerar, qu\u00e9 documentaci\u00f3n preparar y c\u00f3mo moverte por el pa\u00eds<\/li>\n<li style=\"text-align: left;\" data-start=\"1776\" data-end=\"1877\"><strong>Ideas de itinerarios seg\u00fan tu estilo de viaje<\/strong>: desde rutas m\u00e1s lujosas hasta opciones m\u00e1s aventureras<\/li>\n<li style=\"text-align: left;\" data-start=\"1880\" data-end=\"1989\"><strong>Recomendaciones de alojamientos contrastados<\/strong> por nosotros, clasificados por tipo de experiencia y presupuesto<\/li>\n<li style=\"text-align: left;\" data-start=\"1992\" data-end=\"2071\"><strong>Preguntas frecuentes<\/strong> que suelen hacernos los viajeros antes de su primer safari<\/li>\n<\/ul>\t\t\t\t\t\t\t\t<\/div>\n\t\t\t\t<\/div>\n\t\t\t\t<\/div>\n\t\t<div class=\"elementor-element elementor-element-180b9ff e-con-full e-flex e-con e-parent\" data-id=\"180b9ff\" data-element_type=\"container\" data-e-type=\"container\">\n\t\t<div class=\"elementor-element elementor-element-341f915d e-con-full e-flex e-con e-child\" data-id=\"341f915d\" data-element_type=\"container\" data-e-type=\"container\">\n\t\t\t\t<div class=\"elementor-element elementor-element-65ce8865 elementor-widget elementor-widget-spacer\" data-id=\"65ce8865\" data-element_type=\"widget\" data-e-type=\"widget\" data-widget_type=\"spacer.default\">\n\t\t\t\t\t\t\t<div class=\"elementor-spacer\">\n\t\t\t<div class=\"elementor-spacer-inner\"><\/div>\n\t\t<\/div>\n\t\t\t\t\t\t<\/div>\n\t\t\t\t<div class=\"elementor-element elementor-element-0a57c3a elementor-widget elementor-widget-heading\" data-id=\"0a57c3a\" data-element_type=\"widget\" data-e-type=\"widget\" data-widget_type=\"heading.default\">\n\t\t\t\t\t<h2 class=\"elementor-heading-title elementor-size-default\">\u00bfC\u00f3mo puedes conseguir la gu\u00eda de viaje a Tanzania?<\/h2>\t\t\t\t<\/div>\n\t\t<div class=\"elementor-element elementor-element-12b039d1 e-flex e-con-boxed e-con e-child\" data-id=\"12b039d1\" data-element_type=\"container\" data-e-type=\"container\" data-settings=\"{&quot;background_background&quot;:&quot;classic&quot;}\">\n\t\t\t\t\t<div class=\"e-con-inner\">\n\t\t<div class=\"elementor-element elementor-element-83d2cc6 e-con-full e-flex e-con e-child\" data-id=\"83d2cc6\" data-element_type=\"container\" data-e-type=\"container\">\n\t\t\t\t<div class=\"elementor-element elementor-element-3cec655 elementor-widget elementor-widget-image\" data-id=\"3cec655\" data-element_type=\"widget\" data-e-type=\"widget\" data-widget_type=\"image.default\">\n\t\t\t\t\t\t\t\t\t\t\t\t\t\t\t<img fetchpriority=\"high\" decoding=\"async\" width=\"680\" height=\"420\" src=\"https:\/\/africansafari.travel\/wp-content\/uploads\/2024\/12\/stanleys-kopje-camp-relax-pool.webp\" class=\"attachment-medium_large size-medium_large wp-image-8097\" alt=\"\" srcset=\"https:\/\/africansafari.travel\/wp-content\/uploads\/2024\/12\/stanleys-kopje-camp-relax-pool.webp 680w, https:\/\/africansafari.travel\/wp-content\/uploads\/2024\/12\/stanleys-kopje-camp-relax-pool-300x185.webp 300w, https:\/\/africansafari.travel\/wp-content\/uploads\/2024\/12\/stanleys-kopje-camp-relax-pool-600x371.webp 600w\" sizes=\"(max-width: 680px) 100vw, 680px\" \/>\t\t\t\t\t\t\t\t\t\t\t\t\t\t\t<\/div>\n\t\t\t\t<\/div>\n\t\t<div class=\"elementor-element elementor-element-0b903ea e-con-full e-flex e-con e-child\" data-id=\"0b903ea\" data-element_type=\"container\" data-e-type=\"container\">\n\t\t\t\t<div class=\"elementor-element elementor-element-504b3c9 elementor-widget elementor-widget-text-editor\" data-id=\"504b3c9\" data-element_type=\"widget\" data-e-type=\"widget\" data-widget_type=\"text-editor.default\">\n\t\t\t\t\t\t\t\t\t<p data-start=\"2073\" data-end=\"2329\">Muy f\u00e1cil, solo tienes que rellenar el formulario que encontrar\u00e1s en esta p\u00e1gina. Te enviaremos la gu\u00eda directamente a tu email en formato PDF, lista para leerla o guardarla.<\/p>\n<p data-start=\"2331\" data-end=\"2537\"><strong data-start=\"2331\" data-end=\"2361\">Es completamente gratuita.<\/strong> No hay letra peque\u00f1a ni ning\u00fan compromiso. Creemos que cuanto m\u00e1s informado est\u00e9 un viajero, mejor ser\u00e1 su experiencia en \u00c1frica, y nos encanta ayudar desde el primer momento.<\/p>\n<p data-start=\"2539\" data-end=\"2815\">En <em data-start=\"2542\" data-end=\"2565\">African Safari Travel<\/em> organizamos safaris en Tanzania y otros destinos africanos desde una perspectiva cercana, profesional y personalizada. Si despu\u00e9s de leer la gu\u00eda quieres que te ayudemos a crear tu itinerario ideal, estaremos encantados de asesorarte sin compromiso.<\/p>\n<p data-start=\"2817\" data-end=\"2941\">Empieza hoy mismo a imaginar tu safari. Solicita la gu\u00eda y da el primer paso hacia una aventura que recordar\u00e1s toda la vida.<\/p>\t\t\t\t\t\t\t\t<\/div>\n\t\t\t\t<\/div>\n\t\t\t\t\t<\/div>\n\t\t\t\t<\/div>\n\t\t\t\t<div class=\"elementor-element elementor-element-c9be18e elementor-widget elementor-widget-heading\" data-id=\"c9be18e\" data-element_type=\"widget\" data-e-type=\"widget\" data-widget_type=\"heading.default\">\n\t\t\t\t\t<h2 class=\"elementor-heading-title elementor-size-default\">Obtener la Gu\u00eda de Viaje ahora<\/h2>\t\t\t\t<\/div>\n\t\t\t\t<div class=\"elementor-element elementor-element-4d4dd2e elementor-widget elementor-widget-ws-form\" data-id=\"4d4dd2e\" data-element_type=\"widget\" data-e-type=\"widget\" data-widget_type=\"ws-form.default\">\n\t\t\t\t<div class=\"elementor-widget-container\">\n\t\t\t\t\t<form action=\"https:\/\/africansafari.travel\/es\/wp-json\/ws-form\/v1\/submit\" class=\"wsf-form wsf-form-canvas\" id=\"ws-form-1\" data-id=\"13\"  data-instance-id=\"1\"  method=\"POST\" data-wsf-style-id=\"1\"><\/form>\t\t\t\t<\/div>\n\t\t\t\t<\/div>\n\t\t\t\t<\/div>\n\t\t\t\t<\/div>\n\t\t\t\t<\/div>\n\t\t","protected":false},"excerpt":{"rendered":"<p>Gu\u00eda Completa de Safari a Tanzania Te contamos cada detalle de tu viaje a Tanzania, para que nada se pase por alto. Inicio P\u00e1gina Consigue gratis tu gu\u00eda completa de Safari en Tanzania \u00bfEst\u00e1s pensando en hacer un safari por Tanzania? \u00bfTe atrae la idea de ver de cerca a los grandes animales africanos, dormir [&hellip;]<\/p>\n","protected":false},"author":1,"featured_media":14004,"parent":11186,"menu_order":0,"comment_status":"closed","ping_status":"closed","template":"elementor_header_footer","meta":{"_acf_changed":false,"footnotes":""},"region_parques":[],"class_list":["post-14612","page","type-page","status-publish","has-post-thumbnail","hentry"],"blocksy_meta":[],"acf":[],"yoast_head":"<!-- This site is optimized with the Yoast SEO Premium plugin v26.5 (Yoast SEO v27.4) - https:\/\/yoast.com\/product\/yoast-seo-premium-wordpress\/ -->\n<title>Gu\u00eda de Viaje para Safari en Tanzania - African Safari Travel<\/title>\n<meta name=\"description\" content=\"Descarga gratis la gu\u00eda completa para hacer un safari en Tanzania. Incluye consejos sobre las temporadas, parques, animales, alojamiento, equipaje, vacunas y mucho m\u00e1s.\" \/>\n<meta name=\"robots\" content=\"index, follow, max-snippet:-1, max-image-preview:large, max-video-preview:-1\" \/>\n<link rel=\"canonical\" href=\"https:\/\/africansafari.travel\/es\/viajar-a-tanzania\/guia-viaje-tanzania-2\/\" \/>\n<meta property=\"og:locale\" content=\"es_ES\" \/>\n<meta property=\"og:type\" content=\"article\" \/>\n<meta property=\"og:title\" content=\"Gu\u00eda de Viaje de Safari en Tanzania\" \/>\n<meta property=\"og:description\" content=\"Descarga gratis la gu\u00eda completa para hacer un safari en Tanzania. Incluye consejos sobre las temporadas, parques, animales, alojamiento, equipaje, vacunas y mucho m\u00e1s.\" \/>\n<meta property=\"og:url\" content=\"https:\/\/africansafari.travel\/es\/viajar-a-tanzania\/guia-viaje-tanzania-2\/\" \/>\n<meta property=\"og:site_name\" content=\"African Safari Travel\" \/>\n<meta property=\"article:modified_time\" content=\"2026-03-19T14:47:57+00:00\" \/>\n<meta property=\"og:image\" content=\"https:\/\/africansafari.travel\/wp-content\/uploads\/2025\/04\/IMG_1606-1-scaled.webp\" \/>\n\t<meta property=\"og:image:width\" content=\"2560\" \/>\n\t<meta property=\"og:image:height\" content=\"1707\" \/>\n\t<meta property=\"og:image:type\" content=\"image\/webp\" \/>\n<meta name=\"twitter:card\" content=\"summary_large_image\" \/>\n<meta name=\"twitter:label1\" content=\"Tiempo de lectura\" \/>\n\t<meta name=\"twitter:data1\" content=\"1 minuto\" \/>\n<script type=\"application\/ld+json\" class=\"yoast-schema-graph\">{\"@context\":\"https:\\\/\\\/schema.org\",\"@graph\":[{\"@type\":\"WebPage\",\"@id\":\"https:\\\/\\\/africansafari.travel\\\/es\\\/viajar-a-tanzania\\\/guia-viaje-tanzania-2\\\/\",\"url\":\"https:\\\/\\\/africansafari.travel\\\/es\\\/viajar-a-tanzania\\\/guia-viaje-tanzania-2\\\/\",\"name\":\"Gu\u00eda de Viaje para Safari en Tanzania - African Safari Travel\",\"isPartOf\":{\"@id\":\"https:\\\/\\\/africansafari.travel\\\/es\\\/#website\"},\"primaryImageOfPage\":{\"@id\":\"https:\\\/\\\/africansafari.travel\\\/es\\\/viajar-a-tanzania\\\/guia-viaje-tanzania-2\\\/#primaryimage\"},\"image\":{\"@id\":\"https:\\\/\\\/africansafari.travel\\\/es\\\/viajar-a-tanzania\\\/guia-viaje-tanzania-2\\\/#primaryimage\"},\"thumbnailUrl\":\"https:\\\/\\\/africansafari.travel\\\/wp-content\\\/uploads\\\/2025\\\/04\\\/IMG_1606-1-scaled.webp\",\"datePublished\":\"2025-07-10T14:40:27+00:00\",\"dateModified\":\"2026-03-19T14:47:57+00:00\",\"description\":\"Descarga gratis la gu\u00eda completa para hacer un safari en Tanzania. Incluye consejos sobre las temporadas, parques, animales, alojamiento, equipaje, vacunas y mucho m\u00e1s.\",\"breadcrumb\":{\"@id\":\"https:\\\/\\\/africansafari.travel\\\/es\\\/viajar-a-tanzania\\\/guia-viaje-tanzania-2\\\/#breadcrumb\"},\"inLanguage\":\"es\",\"potentialAction\":[{\"@type\":\"ReadAction\",\"target\":[\"https:\\\/\\\/africansafari.travel\\\/es\\\/viajar-a-tanzania\\\/guia-viaje-tanzania-2\\\/\"]}]},{\"@type\":\"ImageObject\",\"inLanguage\":\"es\",\"@id\":\"https:\\\/\\\/africansafari.travel\\\/es\\\/viajar-a-tanzania\\\/guia-viaje-tanzania-2\\\/#primaryimage\",\"url\":\"https:\\\/\\\/africansafari.travel\\\/wp-content\\\/uploads\\\/2025\\\/04\\\/IMG_1606-1-scaled.webp\",\"contentUrl\":\"https:\\\/\\\/africansafari.travel\\\/wp-content\\\/uploads\\\/2025\\\/04\\\/IMG_1606-1-scaled.webp\",\"width\":2560,\"height\":1707},{\"@type\":\"BreadcrumbList\",\"@id\":\"https:\\\/\\\/africansafari.travel\\\/es\\\/viajar-a-tanzania\\\/guia-viaje-tanzania-2\\\/#breadcrumb\",\"itemListElement\":[{\"@type\":\"ListItem\",\"position\":1,\"name\":\"Portada\",\"item\":\"https:\\\/\\\/africansafari.travel\\\/es\\\/\"},{\"@type\":\"ListItem\",\"position\":2,\"name\":\"Viajar a Tanzania\",\"item\":\"https:\\\/\\\/africansafari.travel\\\/es\\\/viajar-a-tanzania\\\/\"},{\"@type\":\"ListItem\",\"position\":3,\"name\":\"Gu\u00eda de Viaje de Safari en Tanzania\"}]},{\"@type\":\"WebSite\",\"@id\":\"https:\\\/\\\/africansafari.travel\\\/es\\\/#website\",\"url\":\"https:\\\/\\\/africansafari.travel\\\/es\\\/\",\"name\":\"African Safari Travel\",\"description\":\"Safaris en Africa a medida\",\"publisher\":{\"@id\":\"https:\\\/\\\/africansafari.travel\\\/es\\\/#organization\"},\"potentialAction\":[{\"@type\":\"SearchAction\",\"target\":{\"@type\":\"EntryPoint\",\"urlTemplate\":\"https:\\\/\\\/africansafari.travel\\\/es\\\/?s={search_term_string}\"},\"query-input\":{\"@type\":\"PropertyValueSpecification\",\"valueRequired\":true,\"valueName\":\"search_term_string\"}}],\"inLanguage\":\"es\"},{\"@type\":\"Organization\",\"@id\":\"https:\\\/\\\/africansafari.travel\\\/es\\\/#organization\",\"name\":\"African Safari Travel\",\"url\":\"https:\\\/\\\/africansafari.travel\\\/es\\\/\",\"logo\":{\"@type\":\"ImageObject\",\"inLanguage\":\"es\",\"@id\":\"https:\\\/\\\/africansafari.travel\\\/es\\\/#\\\/schema\\\/logo\\\/image\\\/\",\"url\":\"https:\\\/\\\/africansafari.travel\\\/wp-content\\\/uploads\\\/2024\\\/12\\\/logo.png\",\"contentUrl\":\"https:\\\/\\\/africansafari.travel\\\/wp-content\\\/uploads\\\/2024\\\/12\\\/logo.png\",\"width\":1024,\"height\":344,\"caption\":\"African Safari Travel\"},\"image\":{\"@id\":\"https:\\\/\\\/africansafari.travel\\\/es\\\/#\\\/schema\\\/logo\\\/image\\\/\"}}]}<\/script>\n<!-- \/ Yoast SEO Premium plugin. -->","yoast_head_json":{"title":"Gu\u00eda de Viaje para Safari en Tanzania - African Safari Travel","description":"Descarga gratis la gu\u00eda completa para hacer un safari en Tanzania. Incluye consejos sobre las temporadas, parques, animales, alojamiento, equipaje, vacunas y mucho m\u00e1s.","robots":{"index":"index","follow":"follow","max-snippet":"max-snippet:-1","max-image-preview":"max-image-preview:large","max-video-preview":"max-video-preview:-1"},"canonical":"https:\/\/africansafari.travel\/es\/viajar-a-tanzania\/guia-viaje-tanzania-2\/","og_locale":"es_ES","og_type":"article","og_title":"Gu\u00eda de Viaje de Safari en Tanzania","og_description":"Descarga gratis la gu\u00eda completa para hacer un safari en Tanzania. Incluye consejos sobre las temporadas, parques, animales, alojamiento, equipaje, vacunas y mucho m\u00e1s.","og_url":"https:\/\/africansafari.travel\/es\/viajar-a-tanzania\/guia-viaje-tanzania-2\/","og_site_name":"African Safari Travel","article_modified_time":"2026-03-19T14:47:57+00:00","og_image":[{"width":2560,"height":1707,"url":"https:\/\/africansafari.travel\/wp-content\/uploads\/2025\/04\/IMG_1606-1-scaled.webp","type":"image\/webp"}],"twitter_card":"summary_large_image","twitter_misc":{"Tiempo de lectura":"1 minuto"},"schema":{"@context":"https:\/\/schema.org","@graph":[{"@type":"WebPage","@id":"https:\/\/africansafari.travel\/es\/viajar-a-tanzania\/guia-viaje-tanzania-2\/","url":"https:\/\/africansafari.travel\/es\/viajar-a-tanzania\/guia-viaje-tanzania-2\/","name":"Gu\u00eda de Viaje para Safari en Tanzania - African Safari Travel","isPartOf":{"@id":"https:\/\/africansafari.travel\/es\/#website"},"primaryImageOfPage":{"@id":"https:\/\/africansafari.travel\/es\/viajar-a-tanzania\/guia-viaje-tanzania-2\/#primaryimage"},"image":{"@id":"https:\/\/africansafari.travel\/es\/viajar-a-tanzania\/guia-viaje-tanzania-2\/#primaryimage"},"thumbnailUrl":"https:\/\/africansafari.travel\/wp-content\/uploads\/2025\/04\/IMG_1606-1-scaled.webp","datePublished":"2025-07-10T14:40:27+00:00","dateModified":"2026-03-19T14:47:57+00:00","description":"Descarga gratis la gu\u00eda completa para hacer un safari en Tanzania. Incluye consejos sobre las temporadas, parques, animales, alojamiento, equipaje, vacunas y mucho m\u00e1s.","breadcrumb":{"@id":"https:\/\/africansafari.travel\/es\/viajar-a-tanzania\/guia-viaje-tanzania-2\/#breadcrumb"},"inLanguage":"es","potentialAction":[{"@type":"ReadAction","target":["https:\/\/africansafari.travel\/es\/viajar-a-tanzania\/guia-viaje-tanzania-2\/"]}]},{"@type":"ImageObject","inLanguage":"es","@id":"https:\/\/africansafari.travel\/es\/viajar-a-tanzania\/guia-viaje-tanzania-2\/#primaryimage","url":"https:\/\/africansafari.travel\/wp-content\/uploads\/2025\/04\/IMG_1606-1-scaled.webp","contentUrl":"https:\/\/africansafari.travel\/wp-content\/uploads\/2025\/04\/IMG_1606-1-scaled.webp","width":2560,"height":1707},{"@type":"BreadcrumbList","@id":"https:\/\/africansafari.travel\/es\/viajar-a-tanzania\/guia-viaje-tanzania-2\/#breadcrumb","itemListElement":[{"@type":"ListItem","position":1,"name":"Portada","item":"https:\/\/africansafari.travel\/es\/"},{"@type":"ListItem","position":2,"name":"Viajar a Tanzania","item":"https:\/\/africansafari.travel\/es\/viajar-a-tanzania\/"},{"@type":"ListItem","position":3,"name":"Gu\u00eda de Viaje de Safari en Tanzania"}]},{"@type":"WebSite","@id":"https:\/\/africansafari.travel\/es\/#website","url":"https:\/\/africansafari.travel\/es\/","name":"African Safari Travel","description":"Safaris en Africa a medida","publisher":{"@id":"https:\/\/africansafari.travel\/es\/#organization"},"potentialAction":[{"@type":"SearchAction","target":{"@type":"EntryPoint","urlTemplate":"https:\/\/africansafari.travel\/es\/?s={search_term_string}"},"query-input":{"@type":"PropertyValueSpecification","valueRequired":true,"valueName":"search_term_string"}}],"inLanguage":"es"},{"@type":"Organization","@id":"https:\/\/africansafari.travel\/es\/#organization","name":"African Safari Travel","url":"https:\/\/africansafari.travel\/es\/","logo":{"@type":"ImageObject","inLanguage":"es","@id":"https:\/\/africansafari.travel\/es\/#\/schema\/logo\/image\/","url":"https:\/\/africansafari.travel\/wp-content\/uploads\/2024\/12\/logo.png","contentUrl":"https:\/\/africansafari.travel\/wp-content\/uploads\/2024\/12\/logo.png","width":1024,"height":344,"caption":"African Safari Travel"},"image":{"@id":"https:\/\/africansafari.travel\/es\/#\/schema\/logo\/image\/"}}]}},"_links":{"self":[{"href":"https:\/\/africansafari.travel\/es\/wp-json\/wp\/v2\/pages\/14612","targetHints":{"allow":["GET"]}}],"collection":[{"href":"https:\/\/africansafari.travel\/es\/wp-json\/wp\/v2\/pages"}],"about":[{"href":"https:\/\/africansafari.travel\/es\/wp-json\/wp\/v2\/types\/page"}],"author":[{"embeddable":true,"href":"https:\/\/africansafari.travel\/es\/wp-json\/wp\/v2\/users\/1"}],"replies":[{"embeddable":true,"href":"https:\/\/africansafari.travel\/es\/wp-json\/wp\/v2\/comments?post=14612"}],"version-history":[{"count":5,"href":"https:\/\/africansafari.travel\/es\/wp-json\/wp\/v2\/pages\/14612\/revisions"}],"predecessor-version":[{"id":17820,"href":"https:\/\/africansafari.travel\/es\/wp-json\/wp\/v2\/pages\/14612\/revisions\/17820"}],"up":[{"embeddable":true,"href":"https:\/\/africansafari.travel\/es\/wp-json\/wp\/v2\/pages\/11186"}],"wp:featuredmedia":[{"embeddable":true,"href":"https:\/\/africansafari.travel\/es\/wp-json\/wp\/v2\/media\/14004"}],"wp:attachment":[{"href":"https:\/\/africansafari.travel\/es\/wp-json\/wp\/v2\/media?parent=14612"}],"wp:term":[{"taxonomy":"region_parques","embeddable":true,"href":"https:\/\/africansafari.travel\/es\/wp-json\/wp\/v2\/region_parques?post=14612"}],"curies":[{"name":"wp","href":"https:\/\/api.w.org\/{rel}","templated":true}]}}