{"id":10834,"date":"2025-01-22T10:10:58","date_gmt":"2025-01-22T10:10:58","guid":{"rendered":"https:\/\/africansafari.travel\/?page_id=10834"},"modified":"2026-03-24T13:15:17","modified_gmt":"2026-03-24T13:15:17","slug":"gracias-newsletter","status":"publish","type":"page","link":"https:\/\/africansafari.travel\/es\/gracias-newsletter\/","title":{"rendered":"\u00a1Gracias por tu solicitud! &#8211; Newsletter"},"content":{"rendered":"\t\t<div data-elementor-type=\"wp-page\" data-elementor-id=\"10834\" class=\"elementor elementor-10834\" data-elementor-post-type=\"page\">\n\t\t\t\t<div class=\"elementor-element elementor-element-a689536 e-flex e-con-boxed e-con e-parent\" data-id=\"a689536\" data-element_type=\"container\" data-e-type=\"container\" data-settings=\"{&quot;background_background&quot;:&quot;classic&quot;}\">\n\t\t\t\t\t<div class=\"e-con-inner\">\n\t\t\t\t<div class=\"elementor-element elementor-element-5e2f067 elementor-widget elementor-widget-heading\" data-id=\"5e2f067\" data-element_type=\"widget\" data-e-type=\"widget\" data-widget_type=\"heading.default\">\n\t\t\t\t\t<h1 class=\"elementor-heading-title elementor-size-default\">\u00a1Gracias por suscribirte!<\/h1>\t\t\t\t<\/div>\n\t\t\t\t<div class=\"elementor-element elementor-element-12153cc elementor-widget elementor-widget-text-editor\" data-id=\"12153cc\" data-element_type=\"widget\" data-e-type=\"widget\" data-widget_type=\"text-editor.default\">\n\t\t\t\t\t\t\t\t\t<p data-pm-slice=\"1 1 []\">Ahora eres parte de nuestra comunidad de aventureros apasionados por los safaris en Tanzania.<\/p>\t\t\t\t\t\t\t\t<\/div>\n\t\t\t\t<div class=\"elementor-element elementor-element-2d67fd5 elementor-widget elementor-widget-heading\" data-id=\"2d67fd5\" data-element_type=\"widget\" data-e-type=\"widget\" data-widget_type=\"heading.default\">\n\t\t\t\t\t<h2 class=\"elementor-heading-title elementor-size-default\">\u00bfQu\u00e9 puedes esperar?<\/h2>\t\t\t\t<\/div>\n\t\t\t\t<div class=\"elementor-element elementor-element-931ec3d elementor-widget elementor-widget-text-editor\" data-id=\"931ec3d\" data-element_type=\"widget\" data-e-type=\"widget\" data-widget_type=\"text-editor.default\">\n\t\t\t\t\t\t\t\t\t<ul><li><strong>Noticias y promociones exclusivas:<\/strong> S\u00e9 el primero en conocer nuestras ofertas especiales y paquetes de safari.<\/li><li><strong>Inspiraci\u00f3n de viaje:<\/strong> Descubre consejos, historias y gu\u00edas para planificar la aventura de tus sue\u00f1os.<\/li><li><strong>Conexi\u00f3n con la naturaleza:<\/strong> Insp\u00edrate con im\u00e1genes y experiencias inolvidables desde el coraz\u00f3n de \u00c1frica.<\/li><\/ul>\t\t\t\t\t\t\t\t<\/div>\n\t\t\t\t<div class=\"elementor-element elementor-element-2e30ae5 elementor-widget elementor-widget-heading\" data-id=\"2e30ae5\" data-element_type=\"widget\" data-e-type=\"widget\" data-widget_type=\"heading.default\">\n\t\t\t\t\t<h3 class=\"elementor-heading-title elementor-size-default\">\u00a1Mientras tanto, sigue explorando!\n<\/h3>\t\t\t\t<\/div>\n\t\t\t\t<div class=\"elementor-element elementor-element-dd7e103 elementor-widget elementor-widget-text-editor\" data-id=\"dd7e103\" data-element_type=\"widget\" data-e-type=\"widget\" data-widget_type=\"text-editor.default\">\n\t\t\t\t\t\t\t\t\t<ul><li>Descubre nuestro <strong>blog<\/strong> con consejos \u00fatiles y gu\u00edas sobre los mejores safaris en Tanzania.<\/li><li>S\u00edguenos en <strong><a href=\"https:\/\/www.instagram.com\/africansafari.travel\/\">Instagram<\/a><\/strong> para ver fotos y experiencias de otros aventureros.<\/li><\/ul>\t\t\t\t\t\t\t\t<\/div>\n\t\t\t\t<div class=\"elementor-element elementor-element-fe3e5ea elementor-align-center elementor-widget elementor-widget-button\" data-id=\"fe3e5ea\" data-element_type=\"widget\" data-e-type=\"widget\" data-widget_type=\"button.default\">\n\t\t\t\t\t\t\t\t\t\t<a class=\"elementor-button elementor-button-link elementor-size-sm\" href=\"https:\/\/africansafari.travel\/es\/\">\n\t\t\t\t\t\t<span class=\"elementor-button-content-wrapper\">\n\t\t\t\t\t\t\t\t\t<span class=\"elementor-button-text\">Volver al Inicio<\/span>\n\t\t\t\t\t<\/span>\n\t\t\t\t\t<\/a>\n\t\t\t\t\t\t\t\t<\/div>\n\t\t\t\t<div class=\"elementor-element elementor-element-2f24ec3 elementor-widget elementor-widget-text-editor\" data-id=\"2f24ec3\" data-element_type=\"widget\" data-e-type=\"widget\" data-widget_type=\"text-editor.default\">\n\t\t\t\t\t\t\t\t\t<p>Gracias por confiar en <strong>African Safari Travel<\/strong> para planificar una experiencia inolvidable.<br \/>Estamos emocionados de ayudarte a crear recuerdos que durar\u00e1n toda la vida.<\/p>\t\t\t\t\t\t\t\t<\/div>\n\t\t\t\t\t<\/div>\n\t\t\t\t<\/div>\n\t\t\t\t<\/div>\n\t\t","protected":false},"excerpt":{"rendered":"<p>\u00a1Gracias por suscribirte! Ahora eres parte de nuestra comunidad de aventureros apasionados por los safaris en Tanzania. \u00bfQu\u00e9 puedes esperar? Noticias y promociones exclusivas: S\u00e9 el primero en conocer nuestras ofertas especiales y paquetes de safari. Inspiraci\u00f3n de viaje: Descubre consejos, historias y gu\u00edas para planificar la aventura de tus sue\u00f1os. Conexi\u00f3n con la naturaleza: [&hellip;]<\/p>\n","protected":false},"author":2,"featured_media":0,"parent":0,"menu_order":0,"comment_status":"closed","ping_status":"closed","template":"elementor_header_footer","meta":{"_acf_changed":false,"footnotes":""},"region_parques":[],"class_list":["post-10834","page","type-page","status-publish","hentry"],"blocksy_meta":[],"acf":[],"yoast_head":"<!-- This site is optimized with the Yoast SEO Premium plugin v26.5 (Yoast SEO v27.4) - https:\/\/yoast.com\/product\/yoast-seo-premium-wordpress\/ -->\n<title>\u00a1Gracias por tu solicitud! - Newsletter - African Safari Travel<\/title>\n<meta name=\"robots\" content=\"index, follow, max-snippet:-1, max-image-preview:large, max-video-preview:-1\" \/>\n<link rel=\"canonical\" href=\"https:\/\/africansafari.travel\/es\/gracias-newsletter\/\" \/>\n<meta property=\"og:locale\" content=\"es_ES\" \/>\n<meta property=\"og:type\" content=\"article\" \/>\n<meta property=\"og:title\" content=\"\u00a1Gracias por tu solicitud! - Newsletter\" \/>\n<meta property=\"og:description\" content=\"\u00a1Gracias por suscribirte! Ahora eres parte de nuestra comunidad de aventureros apasionados por los safaris en Tanzania. \u00bfQu\u00e9 puedes esperar? Noticias y promociones exclusivas: S\u00e9 el primero en conocer nuestras ofertas especiales y paquetes de safari. Inspiraci\u00f3n de viaje: Descubre consejos, historias y gu\u00edas para planificar la aventura de tus sue\u00f1os. Conexi\u00f3n con la naturaleza: [&hellip;]\" \/>\n<meta property=\"og:url\" content=\"https:\/\/africansafari.travel\/es\/gracias-newsletter\/\" \/>\n<meta property=\"og:site_name\" content=\"African Safari Travel\" \/>\n<meta property=\"article:modified_time\" content=\"2026-03-24T13:15:17+00:00\" \/>\n<meta property=\"og:image\" content=\"https:\/\/africansafari.travel\/wp-content\/uploads\/2024\/12\/logo.png\" \/>\n\t<meta property=\"og:image:width\" content=\"1024\" \/>\n\t<meta property=\"og:image:height\" content=\"344\" \/>\n\t<meta property=\"og:image:type\" content=\"image\/png\" \/>\n<meta name=\"twitter:card\" content=\"summary_large_image\" \/>\n<meta name=\"twitter:label1\" content=\"Tiempo de lectura\" \/>\n\t<meta name=\"twitter:data1\" content=\"1 minuto\" \/>\n<script type=\"application\/ld+json\" class=\"yoast-schema-graph\">{\"@context\":\"https:\\\/\\\/schema.org\",\"@graph\":[{\"@type\":\"WebPage\",\"@id\":\"https:\\\/\\\/africansafari.travel\\\/es\\\/gracias-newsletter\\\/\",\"url\":\"https:\\\/\\\/africansafari.travel\\\/es\\\/gracias-newsletter\\\/\",\"name\":\"\u00a1Gracias por tu solicitud! - Newsletter - African Safari Travel\",\"isPartOf\":{\"@id\":\"https:\\\/\\\/africansafari.travel\\\/es\\\/#website\"},\"datePublished\":\"2025-01-22T10:10:58+00:00\",\"dateModified\":\"2026-03-24T13:15:17+00:00\",\"breadcrumb\":{\"@id\":\"https:\\\/\\\/africansafari.travel\\\/es\\\/gracias-newsletter\\\/#breadcrumb\"},\"inLanguage\":\"es\",\"potentialAction\":[{\"@type\":\"ReadAction\",\"target\":[\"https:\\\/\\\/africansafari.travel\\\/es\\\/gracias-newsletter\\\/\"]}]},{\"@type\":\"BreadcrumbList\",\"@id\":\"https:\\\/\\\/africansafari.travel\\\/es\\\/gracias-newsletter\\\/#breadcrumb\",\"itemListElement\":[{\"@type\":\"ListItem\",\"position\":1,\"name\":\"Portada\",\"item\":\"https:\\\/\\\/africansafari.travel\\\/es\\\/\"},{\"@type\":\"ListItem\",\"position\":2,\"name\":\"\u00a1Gracias por tu solicitud! &#8211; Newsletter\"}]},{\"@type\":\"WebSite\",\"@id\":\"https:\\\/\\\/africansafari.travel\\\/es\\\/#website\",\"url\":\"https:\\\/\\\/africansafari.travel\\\/es\\\/\",\"name\":\"African Safari Travel\",\"description\":\"Safaris en Africa a medida\",\"publisher\":{\"@id\":\"https:\\\/\\\/africansafari.travel\\\/es\\\/#organization\"},\"potentialAction\":[{\"@type\":\"SearchAction\",\"target\":{\"@type\":\"EntryPoint\",\"urlTemplate\":\"https:\\\/\\\/africansafari.travel\\\/es\\\/?s={search_term_string}\"},\"query-input\":{\"@type\":\"PropertyValueSpecification\",\"valueRequired\":true,\"valueName\":\"search_term_string\"}}],\"inLanguage\":\"es\"},{\"@type\":\"Organization\",\"@id\":\"https:\\\/\\\/africansafari.travel\\\/es\\\/#organization\",\"name\":\"African Safari Travel\",\"url\":\"https:\\\/\\\/africansafari.travel\\\/es\\\/\",\"logo\":{\"@type\":\"ImageObject\",\"inLanguage\":\"es\",\"@id\":\"https:\\\/\\\/africansafari.travel\\\/es\\\/#\\\/schema\\\/logo\\\/image\\\/\",\"url\":\"https:\\\/\\\/africansafari.travel\\\/wp-content\\\/uploads\\\/2024\\\/12\\\/logo.png\",\"contentUrl\":\"https:\\\/\\\/africansafari.travel\\\/wp-content\\\/uploads\\\/2024\\\/12\\\/logo.png\",\"width\":1024,\"height\":344,\"caption\":\"African Safari Travel\"},\"image\":{\"@id\":\"https:\\\/\\\/africansafari.travel\\\/es\\\/#\\\/schema\\\/logo\\\/image\\\/\"}}]}<\/script>\n<!-- \/ Yoast SEO Premium plugin. -->","yoast_head_json":{"title":"\u00a1Gracias por tu solicitud! - Newsletter - African Safari Travel","robots":{"index":"index","follow":"follow","max-snippet":"max-snippet:-1","max-image-preview":"max-image-preview:large","max-video-preview":"max-video-preview:-1"},"canonical":"https:\/\/africansafari.travel\/es\/gracias-newsletter\/","og_locale":"es_ES","og_type":"article","og_title":"\u00a1Gracias por tu solicitud! - Newsletter","og_description":"\u00a1Gracias por suscribirte! Ahora eres parte de nuestra comunidad de aventureros apasionados por los safaris en Tanzania. \u00bfQu\u00e9 puedes esperar? Noticias y promociones exclusivas: S\u00e9 el primero en conocer nuestras ofertas especiales y paquetes de safari. Inspiraci\u00f3n de viaje: Descubre consejos, historias y gu\u00edas para planificar la aventura de tus sue\u00f1os. Conexi\u00f3n con la naturaleza: [&hellip;]","og_url":"https:\/\/africansafari.travel\/es\/gracias-newsletter\/","og_site_name":"African Safari Travel","article_modified_time":"2026-03-24T13:15:17+00:00","og_image":[{"width":1024,"height":344,"url":"https:\/\/africansafari.travel\/wp-content\/uploads\/2024\/12\/logo.png","type":"image\/png"}],"twitter_card":"summary_large_image","twitter_misc":{"Tiempo de lectura":"1 minuto"},"schema":{"@context":"https:\/\/schema.org","@graph":[{"@type":"WebPage","@id":"https:\/\/africansafari.travel\/es\/gracias-newsletter\/","url":"https:\/\/africansafari.travel\/es\/gracias-newsletter\/","name":"\u00a1Gracias por tu solicitud! - Newsletter - African Safari Travel","isPartOf":{"@id":"https:\/\/africansafari.travel\/es\/#website"},"datePublished":"2025-01-22T10:10:58+00:00","dateModified":"2026-03-24T13:15:17+00:00","breadcrumb":{"@id":"https:\/\/africansafari.travel\/es\/gracias-newsletter\/#breadcrumb"},"inLanguage":"es","potentialAction":[{"@type":"ReadAction","target":["https:\/\/africansafari.travel\/es\/gracias-newsletter\/"]}]},{"@type":"BreadcrumbList","@id":"https:\/\/africansafari.travel\/es\/gracias-newsletter\/#breadcrumb","itemListElement":[{"@type":"ListItem","position":1,"name":"Portada","item":"https:\/\/africansafari.travel\/es\/"},{"@type":"ListItem","position":2,"name":"\u00a1Gracias por tu solicitud! &#8211; Newsletter"}]},{"@type":"WebSite","@id":"https:\/\/africansafari.travel\/es\/#website","url":"https:\/\/africansafari.travel\/es\/","name":"African Safari Travel","description":"Safaris en Africa a medida","publisher":{"@id":"https:\/\/africansafari.travel\/es\/#organization"},"potentialAction":[{"@type":"SearchAction","target":{"@type":"EntryPoint","urlTemplate":"https:\/\/africansafari.travel\/es\/?s={search_term_string}"},"query-input":{"@type":"PropertyValueSpecification","valueRequired":true,"valueName":"search_term_string"}}],"inLanguage":"es"},{"@type":"Organization","@id":"https:\/\/africansafari.travel\/es\/#organization","name":"African Safari Travel","url":"https:\/\/africansafari.travel\/es\/","logo":{"@type":"ImageObject","inLanguage":"es","@id":"https:\/\/africansafari.travel\/es\/#\/schema\/logo\/image\/","url":"https:\/\/africansafari.travel\/wp-content\/uploads\/2024\/12\/logo.png","contentUrl":"https:\/\/africansafari.travel\/wp-content\/uploads\/2024\/12\/logo.png","width":1024,"height":344,"caption":"African Safari Travel"},"image":{"@id":"https:\/\/africansafari.travel\/es\/#\/schema\/logo\/image\/"}}]}},"_links":{"self":[{"href":"https:\/\/africansafari.travel\/es\/wp-json\/wp\/v2\/pages\/10834","targetHints":{"allow":["GET"]}}],"collection":[{"href":"https:\/\/africansafari.travel\/es\/wp-json\/wp\/v2\/pages"}],"about":[{"href":"https:\/\/africansafari.travel\/es\/wp-json\/wp\/v2\/types\/page"}],"author":[{"embeddable":true,"href":"https:\/\/africansafari.travel\/es\/wp-json\/wp\/v2\/users\/2"}],"replies":[{"embeddable":true,"href":"https:\/\/africansafari.travel\/es\/wp-json\/wp\/v2\/comments?post=10834"}],"version-history":[{"count":5,"href":"https:\/\/africansafari.travel\/es\/wp-json\/wp\/v2\/pages\/10834\/revisions"}],"predecessor-version":[{"id":18038,"href":"https:\/\/africansafari.travel\/es\/wp-json\/wp\/v2\/pages\/10834\/revisions\/18038"}],"wp:attachment":[{"href":"https:\/\/africansafari.travel\/es\/wp-json\/wp\/v2\/media?parent=10834"}],"wp:term":[{"taxonomy":"region_parques","embeddable":true,"href":"https:\/\/africansafari.travel\/es\/wp-json\/wp\/v2\/region_parques?post=10834"}],"curies":[{"name":"wp","href":"https:\/\/api.w.org\/{rel}","templated":true}]}}