{"id":10833,"date":"2025-01-22T10:08:57","date_gmt":"2025-01-22T10:08:57","guid":{"rendered":"https:\/\/africansafari.travel\/?page_id=10833"},"modified":"2026-03-24T13:41:28","modified_gmt":"2026-03-24T13:41:28","slug":"gracias-contacto","status":"publish","type":"page","link":"https:\/\/africansafari.travel\/es\/gracias-contacto\/","title":{"rendered":"\u00a1Gracias por tu solicitud! &#8211; Contacto"},"content":{"rendered":"\t\t<div data-elementor-type=\"wp-page\" data-elementor-id=\"10833\" class=\"elementor elementor-10833\" data-elementor-post-type=\"page\">\n\t\t\t\t<div class=\"elementor-element elementor-element-a689536 e-flex e-con-boxed e-con e-parent\" data-id=\"a689536\" data-element_type=\"container\" data-e-type=\"container\" data-settings=\"{&quot;background_background&quot;:&quot;classic&quot;}\">\n\t\t\t\t\t<div class=\"e-con-inner\">\n\t\t\t\t<div class=\"elementor-element elementor-element-5e2f067 elementor-widget elementor-widget-heading\" data-id=\"5e2f067\" data-element_type=\"widget\" data-e-type=\"widget\" data-widget_type=\"heading.default\">\n\t\t\t\t\t<h1 class=\"elementor-heading-title elementor-size-default\">\u00a1Gracias por contactarnos!<\/h1>\t\t\t\t<\/div>\n\t\t\t\t<div class=\"elementor-element elementor-element-12153cc elementor-widget elementor-widget-text-editor\" data-id=\"12153cc\" data-element_type=\"widget\" data-e-type=\"widget\" data-widget_type=\"text-editor.default\">\n\t\t\t\t\t\t\t\t\t<p>Hemos recibido tu mensaje y nuestro equipo est\u00e1 listo para ayudarte a planificar la aventura de tus sue\u00f1os en Tanzania.<\/p>\t\t\t\t\t\t\t\t<\/div>\n\t\t\t\t<div class=\"elementor-element elementor-element-2d67fd5 elementor-widget elementor-widget-heading\" data-id=\"2d67fd5\" data-element_type=\"widget\" data-e-type=\"widget\" data-widget_type=\"heading.default\">\n\t\t\t\t\t<h2 class=\"elementor-heading-title elementor-size-default\">Siguientes pasos:<\/h2>\t\t\t\t<\/div>\n\t\t\t\t<div class=\"elementor-element elementor-element-931ec3d elementor-widget elementor-widget-text-editor\" data-id=\"931ec3d\" data-element_type=\"widget\" data-e-type=\"widget\" data-widget_type=\"text-editor.default\">\n\t\t\t\t\t\t\t\t\t<ul><li><p><strong>Confirmaci\u00f3n por correo electr\u00f3nico:<\/strong><br \/>Te hemos enviado un correo de confirmaci\u00f3n con los detalles de tu consulta. Si no lo ves en tu bandeja de entrada, revisa tu carpeta de spam o correo no deseado.<\/p><\/li><li><p><strong>Respuesta personalizada:<\/strong><br \/>Uno de nuestros expertos en safaris te responder\u00e1 en menos de 24 horas para resolver todas tus preguntas y brindarte la informaci\u00f3n que necesitas.<\/p><\/li><\/ul>\t\t\t\t\t\t\t\t<\/div>\n\t\t\t\t<div class=\"elementor-element elementor-element-2e30ae5 elementor-widget elementor-widget-heading\" data-id=\"2e30ae5\" data-element_type=\"widget\" data-e-type=\"widget\" data-widget_type=\"heading.default\">\n\t\t\t\t\t<h3 class=\"elementor-heading-title elementor-size-default\">Mientras esperas nuestra respuesta...<\/h3>\t\t\t\t<\/div>\n\t\t\t\t<div class=\"elementor-element elementor-element-dd7e103 elementor-widget elementor-widget-text-editor\" data-id=\"dd7e103\" data-element_type=\"widget\" data-e-type=\"widget\" data-widget_type=\"text-editor.default\">\n\t\t\t\t\t\t\t\t\t<ul><li><strong>Visita nuestro blog:<\/strong> Encuentra gu\u00edas pr\u00e1cticas y recomendaciones para tu pr\u00f3ximo safari.<\/li><li><strong>S\u00edguenos en <a href=\"https:\/\/www.instagram.com\/africansafari.travel\/\">Instagram<\/a>:<\/strong> Sum\u00e9rgete en el mundo de los safaris con fotos impresionantes y testimonios reales.<\/li><\/ul>\t\t\t\t\t\t\t\t<\/div>\n\t\t\t\t<div class=\"elementor-element elementor-element-fe3e5ea elementor-align-center elementor-widget elementor-widget-button\" data-id=\"fe3e5ea\" data-element_type=\"widget\" data-e-type=\"widget\" data-widget_type=\"button.default\">\n\t\t\t\t\t\t\t\t\t\t<a class=\"elementor-button elementor-button-link elementor-size-sm\" href=\"https:\/\/africansafari.travel\/es\/\">\n\t\t\t\t\t\t<span class=\"elementor-button-content-wrapper\">\n\t\t\t\t\t\t\t\t\t<span class=\"elementor-button-text\">Volver al Inicio<\/span>\n\t\t\t\t\t<\/span>\n\t\t\t\t\t<\/a>\n\t\t\t\t\t\t\t\t<\/div>\n\t\t\t\t<div class=\"elementor-element elementor-element-2f24ec3 elementor-widget elementor-widget-text-editor\" data-id=\"2f24ec3\" data-element_type=\"widget\" data-e-type=\"widget\" data-widget_type=\"text-editor.default\">\n\t\t\t\t\t\t\t\t\t<p>Gracias por confiar en <strong>African Safari Travel<\/strong>. Estamos encantados de compartir contigo todo lo que hace de Tanzania un destino m\u00e1gico e inolvidable.<\/p>\t\t\t\t\t\t\t\t<\/div>\n\t\t\t\t\t<\/div>\n\t\t\t\t<\/div>\n\t\t\t\t<\/div>\n\t\t","protected":false},"excerpt":{"rendered":"<p>\u00a1Gracias por contactarnos! Hemos recibido tu mensaje y nuestro equipo est\u00e1 listo para ayudarte a planificar la aventura de tus sue\u00f1os en Tanzania. Siguientes pasos: Confirmaci\u00f3n por correo electr\u00f3nico:Te hemos enviado un correo de confirmaci\u00f3n con los detalles de tu consulta. Si no lo ves en tu bandeja de entrada, revisa tu carpeta de spam [&hellip;]<\/p>\n","protected":false},"author":2,"featured_media":0,"parent":0,"menu_order":0,"comment_status":"closed","ping_status":"closed","template":"elementor_header_footer","meta":{"_acf_changed":false,"footnotes":""},"region_parques":[],"class_list":["post-10833","page","type-page","status-publish","hentry"],"blocksy_meta":[],"acf":[],"yoast_head":"<!-- This site is optimized with the Yoast SEO Premium plugin v26.5 (Yoast SEO v27.4) - https:\/\/yoast.com\/product\/yoast-seo-premium-wordpress\/ -->\n<title>\u00a1Gracias por tu solicitud! - Contacto - African Safari Travel<\/title>\n<meta name=\"robots\" content=\"index, follow, max-snippet:-1, max-image-preview:large, max-video-preview:-1\" \/>\n<link rel=\"canonical\" href=\"https:\/\/africansafari.travel\/es\/gracias-contacto\/\" \/>\n<meta property=\"og:locale\" content=\"es_ES\" \/>\n<meta property=\"og:type\" content=\"article\" \/>\n<meta property=\"og:title\" content=\"\u00a1Gracias por tu solicitud! - Contacto\" \/>\n<meta property=\"og:description\" content=\"\u00a1Gracias por contactarnos! Hemos recibido tu mensaje y nuestro equipo est\u00e1 listo para ayudarte a planificar la aventura de tus sue\u00f1os en Tanzania. Siguientes pasos: Confirmaci\u00f3n por correo electr\u00f3nico:Te hemos enviado un correo de confirmaci\u00f3n con los detalles de tu consulta. Si no lo ves en tu bandeja de entrada, revisa tu carpeta de spam [&hellip;]\" \/>\n<meta property=\"og:url\" content=\"https:\/\/africansafari.travel\/es\/gracias-contacto\/\" \/>\n<meta property=\"og:site_name\" content=\"African Safari Travel\" \/>\n<meta property=\"article:modified_time\" content=\"2026-03-24T13:41:28+00:00\" \/>\n<meta property=\"og:image\" content=\"https:\/\/africansafari.travel\/wp-content\/uploads\/2024\/12\/logo.png\" \/>\n\t<meta property=\"og:image:width\" content=\"1024\" \/>\n\t<meta property=\"og:image:height\" content=\"344\" \/>\n\t<meta property=\"og:image:type\" content=\"image\/png\" \/>\n<meta name=\"twitter:card\" content=\"summary_large_image\" \/>\n<meta name=\"twitter:label1\" content=\"Tiempo de lectura\" \/>\n\t<meta name=\"twitter:data1\" content=\"1 minuto\" \/>\n<script type=\"application\/ld+json\" class=\"yoast-schema-graph\">{\"@context\":\"https:\\\/\\\/schema.org\",\"@graph\":[{\"@type\":\"WebPage\",\"@id\":\"https:\\\/\\\/africansafari.travel\\\/es\\\/gracias-contacto\\\/\",\"url\":\"https:\\\/\\\/africansafari.travel\\\/es\\\/gracias-contacto\\\/\",\"name\":\"\u00a1Gracias por tu solicitud! - Contacto - African Safari Travel\",\"isPartOf\":{\"@id\":\"https:\\\/\\\/africansafari.travel\\\/es\\\/#website\"},\"datePublished\":\"2025-01-22T10:08:57+00:00\",\"dateModified\":\"2026-03-24T13:41:28+00:00\",\"breadcrumb\":{\"@id\":\"https:\\\/\\\/africansafari.travel\\\/es\\\/gracias-contacto\\\/#breadcrumb\"},\"inLanguage\":\"es\",\"potentialAction\":[{\"@type\":\"ReadAction\",\"target\":[\"https:\\\/\\\/africansafari.travel\\\/es\\\/gracias-contacto\\\/\"]}]},{\"@type\":\"BreadcrumbList\",\"@id\":\"https:\\\/\\\/africansafari.travel\\\/es\\\/gracias-contacto\\\/#breadcrumb\",\"itemListElement\":[{\"@type\":\"ListItem\",\"position\":1,\"name\":\"Portada\",\"item\":\"https:\\\/\\\/africansafari.travel\\\/es\\\/\"},{\"@type\":\"ListItem\",\"position\":2,\"name\":\"\u00a1Gracias por tu solicitud! &#8211; Contacto\"}]},{\"@type\":\"WebSite\",\"@id\":\"https:\\\/\\\/africansafari.travel\\\/es\\\/#website\",\"url\":\"https:\\\/\\\/africansafari.travel\\\/es\\\/\",\"name\":\"African Safari Travel\",\"description\":\"Safaris en Africa a medida\",\"publisher\":{\"@id\":\"https:\\\/\\\/africansafari.travel\\\/es\\\/#organization\"},\"potentialAction\":[{\"@type\":\"SearchAction\",\"target\":{\"@type\":\"EntryPoint\",\"urlTemplate\":\"https:\\\/\\\/africansafari.travel\\\/es\\\/?s={search_term_string}\"},\"query-input\":{\"@type\":\"PropertyValueSpecification\",\"valueRequired\":true,\"valueName\":\"search_term_string\"}}],\"inLanguage\":\"es\"},{\"@type\":\"Organization\",\"@id\":\"https:\\\/\\\/africansafari.travel\\\/es\\\/#organization\",\"name\":\"African Safari Travel\",\"url\":\"https:\\\/\\\/africansafari.travel\\\/es\\\/\",\"logo\":{\"@type\":\"ImageObject\",\"inLanguage\":\"es\",\"@id\":\"https:\\\/\\\/africansafari.travel\\\/es\\\/#\\\/schema\\\/logo\\\/image\\\/\",\"url\":\"https:\\\/\\\/africansafari.travel\\\/wp-content\\\/uploads\\\/2024\\\/12\\\/logo.png\",\"contentUrl\":\"https:\\\/\\\/africansafari.travel\\\/wp-content\\\/uploads\\\/2024\\\/12\\\/logo.png\",\"width\":1024,\"height\":344,\"caption\":\"African Safari Travel\"},\"image\":{\"@id\":\"https:\\\/\\\/africansafari.travel\\\/es\\\/#\\\/schema\\\/logo\\\/image\\\/\"}}]}<\/script>\n<!-- \/ Yoast SEO Premium plugin. -->","yoast_head_json":{"title":"\u00a1Gracias por tu solicitud! - Contacto - African Safari Travel","robots":{"index":"index","follow":"follow","max-snippet":"max-snippet:-1","max-image-preview":"max-image-preview:large","max-video-preview":"max-video-preview:-1"},"canonical":"https:\/\/africansafari.travel\/es\/gracias-contacto\/","og_locale":"es_ES","og_type":"article","og_title":"\u00a1Gracias por tu solicitud! - Contacto","og_description":"\u00a1Gracias por contactarnos! Hemos recibido tu mensaje y nuestro equipo est\u00e1 listo para ayudarte a planificar la aventura de tus sue\u00f1os en Tanzania. Siguientes pasos: Confirmaci\u00f3n por correo electr\u00f3nico:Te hemos enviado un correo de confirmaci\u00f3n con los detalles de tu consulta. Si no lo ves en tu bandeja de entrada, revisa tu carpeta de spam [&hellip;]","og_url":"https:\/\/africansafari.travel\/es\/gracias-contacto\/","og_site_name":"African Safari Travel","article_modified_time":"2026-03-24T13:41:28+00:00","og_image":[{"width":1024,"height":344,"url":"https:\/\/africansafari.travel\/wp-content\/uploads\/2024\/12\/logo.png","type":"image\/png"}],"twitter_card":"summary_large_image","twitter_misc":{"Tiempo de lectura":"1 minuto"},"schema":{"@context":"https:\/\/schema.org","@graph":[{"@type":"WebPage","@id":"https:\/\/africansafari.travel\/es\/gracias-contacto\/","url":"https:\/\/africansafari.travel\/es\/gracias-contacto\/","name":"\u00a1Gracias por tu solicitud! - Contacto - African Safari Travel","isPartOf":{"@id":"https:\/\/africansafari.travel\/es\/#website"},"datePublished":"2025-01-22T10:08:57+00:00","dateModified":"2026-03-24T13:41:28+00:00","breadcrumb":{"@id":"https:\/\/africansafari.travel\/es\/gracias-contacto\/#breadcrumb"},"inLanguage":"es","potentialAction":[{"@type":"ReadAction","target":["https:\/\/africansafari.travel\/es\/gracias-contacto\/"]}]},{"@type":"BreadcrumbList","@id":"https:\/\/africansafari.travel\/es\/gracias-contacto\/#breadcrumb","itemListElement":[{"@type":"ListItem","position":1,"name":"Portada","item":"https:\/\/africansafari.travel\/es\/"},{"@type":"ListItem","position":2,"name":"\u00a1Gracias por tu solicitud! &#8211; Contacto"}]},{"@type":"WebSite","@id":"https:\/\/africansafari.travel\/es\/#website","url":"https:\/\/africansafari.travel\/es\/","name":"African Safari Travel","description":"Safaris en Africa a medida","publisher":{"@id":"https:\/\/africansafari.travel\/es\/#organization"},"potentialAction":[{"@type":"SearchAction","target":{"@type":"EntryPoint","urlTemplate":"https:\/\/africansafari.travel\/es\/?s={search_term_string}"},"query-input":{"@type":"PropertyValueSpecification","valueRequired":true,"valueName":"search_term_string"}}],"inLanguage":"es"},{"@type":"Organization","@id":"https:\/\/africansafari.travel\/es\/#organization","name":"African Safari Travel","url":"https:\/\/africansafari.travel\/es\/","logo":{"@type":"ImageObject","inLanguage":"es","@id":"https:\/\/africansafari.travel\/es\/#\/schema\/logo\/image\/","url":"https:\/\/africansafari.travel\/wp-content\/uploads\/2024\/12\/logo.png","contentUrl":"https:\/\/africansafari.travel\/wp-content\/uploads\/2024\/12\/logo.png","width":1024,"height":344,"caption":"African Safari Travel"},"image":{"@id":"https:\/\/africansafari.travel\/es\/#\/schema\/logo\/image\/"}}]}},"_links":{"self":[{"href":"https:\/\/africansafari.travel\/es\/wp-json\/wp\/v2\/pages\/10833","targetHints":{"allow":["GET"]}}],"collection":[{"href":"https:\/\/africansafari.travel\/es\/wp-json\/wp\/v2\/pages"}],"about":[{"href":"https:\/\/africansafari.travel\/es\/wp-json\/wp\/v2\/types\/page"}],"author":[{"embeddable":true,"href":"https:\/\/africansafari.travel\/es\/wp-json\/wp\/v2\/users\/2"}],"replies":[{"embeddable":true,"href":"https:\/\/africansafari.travel\/es\/wp-json\/wp\/v2\/comments?post=10833"}],"version-history":[{"count":5,"href":"https:\/\/africansafari.travel\/es\/wp-json\/wp\/v2\/pages\/10833\/revisions"}],"predecessor-version":[{"id":18045,"href":"https:\/\/africansafari.travel\/es\/wp-json\/wp\/v2\/pages\/10833\/revisions\/18045"}],"wp:attachment":[{"href":"https:\/\/africansafari.travel\/es\/wp-json\/wp\/v2\/media?parent=10833"}],"wp:term":[{"taxonomy":"region_parques","embeddable":true,"href":"https:\/\/africansafari.travel\/es\/wp-json\/wp\/v2\/region_parques?post=10833"}],"curies":[{"name":"wp","href":"https:\/\/api.w.org\/{rel}","templated":true}]}}