{"id":10095,"date":"2025-01-08T12:58:11","date_gmt":"2025-01-08T12:58:11","guid":{"rendered":"https:\/\/africansafari.travel\/?page_id=10095"},"modified":"2025-07-10T07:49:39","modified_gmt":"2025-07-10T07:49:39","slug":"naturaleza-y-aventura-en-zanzibar-6-dias","status":"publish","type":"page","link":"https:\/\/africansafari.travel\/es\/zanzibar\/naturaleza-y-aventura-en-zanzibar-6-dias\/","title":{"rendered":"Naturaleza y Aventura en Zanz\u00edbar (6 D\u00edas)"},"content":{"rendered":"","protected":false},"excerpt":{"rendered":"","protected":false},"author":2,"featured_media":10119,"parent":9826,"menu_order":0,"comment_status":"closed","ping_status":"closed","template":"","meta":{"_acf_changed":false,"footnotes":""},"region_parques":[],"class_list":["post-10095","page","type-page","status-publish","has-post-thumbnail","hentry"],"blocksy_meta":[],"acf":[],"yoast_head":"<!-- This site is optimized with the Yoast SEO Premium plugin v26.5 (Yoast SEO v27.4) - https:\/\/yoast.com\/product\/yoast-seo-premium-wordpress\/ -->\n<title>Naturaleza y Aventura en Zanz\u00edbar (6 D\u00edas) - African Safari Travel<\/title>\n<meta name=\"description\" content=\"Disfruta de un safari en Zanz\u00edbar. Explora la naturaleza, la aventura y las playas paradis\u00edacas de Zanz\u00edbar en una experiencia de 6 d\u00edas \u00fanica.\" \/>\n<meta name=\"robots\" content=\"index, follow, max-snippet:-1, max-image-preview:large, max-video-preview:-1\" \/>\n<link rel=\"canonical\" href=\"https:\/\/africansafari.travel\/es\/zanzibar\/naturaleza-y-aventura-en-zanzibar-6-dias\/\" \/>\n<meta property=\"og:locale\" content=\"es_ES\" \/>\n<meta property=\"og:type\" content=\"article\" \/>\n<meta property=\"og:title\" content=\"Naturaleza y Aventura en Zanz\u00edbar (6 D\u00edas)\" \/>\n<meta property=\"og:description\" content=\"Disfruta de un safari en Zanz\u00edbar. Explora la naturaleza, la aventura y las playas paradis\u00edacas de Zanz\u00edbar en una experiencia de 6 d\u00edas \u00fanica.\" \/>\n<meta property=\"og:url\" content=\"https:\/\/africansafari.travel\/es\/zanzibar\/naturaleza-y-aventura-en-zanzibar-6-dias\/\" \/>\n<meta property=\"og:site_name\" content=\"African Safari Travel\" \/>\n<meta property=\"article:modified_time\" content=\"2025-07-10T07:49:39+00:00\" \/>\n<meta property=\"og:image\" content=\"https:\/\/africansafari.travel\/wp-content\/uploads\/2025\/01\/dhow_cruise_zanzibar_beach-scaled.webp\" \/>\n\t<meta property=\"og:image:width\" content=\"2560\" \/>\n\t<meta property=\"og:image:height\" content=\"1707\" \/>\n\t<meta property=\"og:image:type\" content=\"image\/webp\" \/>\n<meta name=\"twitter:card\" content=\"summary_large_image\" \/>\n<meta name=\"twitter:label1\" content=\"Tiempo de lectura\" \/>\n\t<meta name=\"twitter:data1\" content=\"1 minuto\" \/>\n<script type=\"application\/ld+json\" class=\"yoast-schema-graph\">{\"@context\":\"https:\\\/\\\/schema.org\",\"@graph\":[{\"@type\":\"WebPage\",\"@id\":\"https:\\\/\\\/africansafari.travel\\\/es\\\/zanzibar\\\/naturaleza-y-aventura-en-zanzibar-6-dias\\\/\",\"url\":\"https:\\\/\\\/africansafari.travel\\\/es\\\/zanzibar\\\/naturaleza-y-aventura-en-zanzibar-6-dias\\\/\",\"name\":\"Naturaleza y Aventura en Zanz\u00edbar (6 D\u00edas) - African Safari Travel\",\"isPartOf\":{\"@id\":\"https:\\\/\\\/africansafari.travel\\\/es\\\/#website\"},\"primaryImageOfPage\":{\"@id\":\"https:\\\/\\\/africansafari.travel\\\/es\\\/zanzibar\\\/naturaleza-y-aventura-en-zanzibar-6-dias\\\/#primaryimage\"},\"image\":{\"@id\":\"https:\\\/\\\/africansafari.travel\\\/es\\\/zanzibar\\\/naturaleza-y-aventura-en-zanzibar-6-dias\\\/#primaryimage\"},\"thumbnailUrl\":\"https:\\\/\\\/africansafari.travel\\\/wp-content\\\/uploads\\\/2025\\\/01\\\/dhow_cruise_zanzibar_beach-scaled.webp\",\"datePublished\":\"2025-01-08T12:58:11+00:00\",\"dateModified\":\"2025-07-10T07:49:39+00:00\",\"description\":\"Disfruta de un safari en Zanz\u00edbar. Explora la naturaleza, la aventura y las playas paradis\u00edacas de Zanz\u00edbar en una experiencia de 6 d\u00edas \u00fanica.\",\"breadcrumb\":{\"@id\":\"https:\\\/\\\/africansafari.travel\\\/es\\\/zanzibar\\\/naturaleza-y-aventura-en-zanzibar-6-dias\\\/#breadcrumb\"},\"inLanguage\":\"es\",\"potentialAction\":[{\"@type\":\"ReadAction\",\"target\":[\"https:\\\/\\\/africansafari.travel\\\/es\\\/zanzibar\\\/naturaleza-y-aventura-en-zanzibar-6-dias\\\/\"]}]},{\"@type\":\"ImageObject\",\"inLanguage\":\"es\",\"@id\":\"https:\\\/\\\/africansafari.travel\\\/es\\\/zanzibar\\\/naturaleza-y-aventura-en-zanzibar-6-dias\\\/#primaryimage\",\"url\":\"https:\\\/\\\/africansafari.travel\\\/wp-content\\\/uploads\\\/2025\\\/01\\\/dhow_cruise_zanzibar_beach-scaled.webp\",\"contentUrl\":\"https:\\\/\\\/africansafari.travel\\\/wp-content\\\/uploads\\\/2025\\\/01\\\/dhow_cruise_zanzibar_beach-scaled.webp\",\"width\":2560,\"height\":1707},{\"@type\":\"BreadcrumbList\",\"@id\":\"https:\\\/\\\/africansafari.travel\\\/es\\\/zanzibar\\\/naturaleza-y-aventura-en-zanzibar-6-dias\\\/#breadcrumb\",\"itemListElement\":[{\"@type\":\"ListItem\",\"position\":1,\"name\":\"Portada\",\"item\":\"https:\\\/\\\/africansafari.travel\\\/es\\\/\"},{\"@type\":\"ListItem\",\"position\":2,\"name\":\"Zanz\u00edbar\",\"item\":\"https:\\\/\\\/africansafari.travel\\\/es\\\/zanzibar\\\/\"},{\"@type\":\"ListItem\",\"position\":3,\"name\":\"Naturaleza y Aventura en Zanz\u00edbar (6 D\u00edas)\"}]},{\"@type\":\"WebSite\",\"@id\":\"https:\\\/\\\/africansafari.travel\\\/es\\\/#website\",\"url\":\"https:\\\/\\\/africansafari.travel\\\/es\\\/\",\"name\":\"African Safari Travel\",\"description\":\"Safaris en Africa a medida\",\"publisher\":{\"@id\":\"https:\\\/\\\/africansafari.travel\\\/es\\\/#organization\"},\"potentialAction\":[{\"@type\":\"SearchAction\",\"target\":{\"@type\":\"EntryPoint\",\"urlTemplate\":\"https:\\\/\\\/africansafari.travel\\\/es\\\/?s={search_term_string}\"},\"query-input\":{\"@type\":\"PropertyValueSpecification\",\"valueRequired\":true,\"valueName\":\"search_term_string\"}}],\"inLanguage\":\"es\"},{\"@type\":\"Organization\",\"@id\":\"https:\\\/\\\/africansafari.travel\\\/es\\\/#organization\",\"name\":\"African Safari Travel\",\"url\":\"https:\\\/\\\/africansafari.travel\\\/es\\\/\",\"logo\":{\"@type\":\"ImageObject\",\"inLanguage\":\"es\",\"@id\":\"https:\\\/\\\/africansafari.travel\\\/es\\\/#\\\/schema\\\/logo\\\/image\\\/\",\"url\":\"https:\\\/\\\/africansafari.travel\\\/wp-content\\\/uploads\\\/2024\\\/12\\\/logo.png\",\"contentUrl\":\"https:\\\/\\\/africansafari.travel\\\/wp-content\\\/uploads\\\/2024\\\/12\\\/logo.png\",\"width\":1024,\"height\":344,\"caption\":\"African Safari Travel\"},\"image\":{\"@id\":\"https:\\\/\\\/africansafari.travel\\\/es\\\/#\\\/schema\\\/logo\\\/image\\\/\"}}]}<\/script>\n<!-- \/ Yoast SEO Premium plugin. -->","yoast_head_json":{"title":"Naturaleza y Aventura en Zanz\u00edbar (6 D\u00edas) - African Safari Travel","description":"Disfruta de un safari en Zanz\u00edbar. Explora la naturaleza, la aventura y las playas paradis\u00edacas de Zanz\u00edbar en una experiencia de 6 d\u00edas \u00fanica.","robots":{"index":"index","follow":"follow","max-snippet":"max-snippet:-1","max-image-preview":"max-image-preview:large","max-video-preview":"max-video-preview:-1"},"canonical":"https:\/\/africansafari.travel\/es\/zanzibar\/naturaleza-y-aventura-en-zanzibar-6-dias\/","og_locale":"es_ES","og_type":"article","og_title":"Naturaleza y Aventura en Zanz\u00edbar (6 D\u00edas)","og_description":"Disfruta de un safari en Zanz\u00edbar. Explora la naturaleza, la aventura y las playas paradis\u00edacas de Zanz\u00edbar en una experiencia de 6 d\u00edas \u00fanica.","og_url":"https:\/\/africansafari.travel\/es\/zanzibar\/naturaleza-y-aventura-en-zanzibar-6-dias\/","og_site_name":"African Safari Travel","article_modified_time":"2025-07-10T07:49:39+00:00","og_image":[{"width":2560,"height":1707,"url":"https:\/\/africansafari.travel\/wp-content\/uploads\/2025\/01\/dhow_cruise_zanzibar_beach-scaled.webp","type":"image\/webp"}],"twitter_card":"summary_large_image","twitter_misc":{"Tiempo de lectura":"1 minuto"},"schema":{"@context":"https:\/\/schema.org","@graph":[{"@type":"WebPage","@id":"https:\/\/africansafari.travel\/es\/zanzibar\/naturaleza-y-aventura-en-zanzibar-6-dias\/","url":"https:\/\/africansafari.travel\/es\/zanzibar\/naturaleza-y-aventura-en-zanzibar-6-dias\/","name":"Naturaleza y Aventura en Zanz\u00edbar (6 D\u00edas) - African Safari Travel","isPartOf":{"@id":"https:\/\/africansafari.travel\/es\/#website"},"primaryImageOfPage":{"@id":"https:\/\/africansafari.travel\/es\/zanzibar\/naturaleza-y-aventura-en-zanzibar-6-dias\/#primaryimage"},"image":{"@id":"https:\/\/africansafari.travel\/es\/zanzibar\/naturaleza-y-aventura-en-zanzibar-6-dias\/#primaryimage"},"thumbnailUrl":"https:\/\/africansafari.travel\/wp-content\/uploads\/2025\/01\/dhow_cruise_zanzibar_beach-scaled.webp","datePublished":"2025-01-08T12:58:11+00:00","dateModified":"2025-07-10T07:49:39+00:00","description":"Disfruta de un safari en Zanz\u00edbar. Explora la naturaleza, la aventura y las playas paradis\u00edacas de Zanz\u00edbar en una experiencia de 6 d\u00edas \u00fanica.","breadcrumb":{"@id":"https:\/\/africansafari.travel\/es\/zanzibar\/naturaleza-y-aventura-en-zanzibar-6-dias\/#breadcrumb"},"inLanguage":"es","potentialAction":[{"@type":"ReadAction","target":["https:\/\/africansafari.travel\/es\/zanzibar\/naturaleza-y-aventura-en-zanzibar-6-dias\/"]}]},{"@type":"ImageObject","inLanguage":"es","@id":"https:\/\/africansafari.travel\/es\/zanzibar\/naturaleza-y-aventura-en-zanzibar-6-dias\/#primaryimage","url":"https:\/\/africansafari.travel\/wp-content\/uploads\/2025\/01\/dhow_cruise_zanzibar_beach-scaled.webp","contentUrl":"https:\/\/africansafari.travel\/wp-content\/uploads\/2025\/01\/dhow_cruise_zanzibar_beach-scaled.webp","width":2560,"height":1707},{"@type":"BreadcrumbList","@id":"https:\/\/africansafari.travel\/es\/zanzibar\/naturaleza-y-aventura-en-zanzibar-6-dias\/#breadcrumb","itemListElement":[{"@type":"ListItem","position":1,"name":"Portada","item":"https:\/\/africansafari.travel\/es\/"},{"@type":"ListItem","position":2,"name":"Zanz\u00edbar","item":"https:\/\/africansafari.travel\/es\/zanzibar\/"},{"@type":"ListItem","position":3,"name":"Naturaleza y Aventura en Zanz\u00edbar (6 D\u00edas)"}]},{"@type":"WebSite","@id":"https:\/\/africansafari.travel\/es\/#website","url":"https:\/\/africansafari.travel\/es\/","name":"African Safari Travel","description":"Safaris en Africa a medida","publisher":{"@id":"https:\/\/africansafari.travel\/es\/#organization"},"potentialAction":[{"@type":"SearchAction","target":{"@type":"EntryPoint","urlTemplate":"https:\/\/africansafari.travel\/es\/?s={search_term_string}"},"query-input":{"@type":"PropertyValueSpecification","valueRequired":true,"valueName":"search_term_string"}}],"inLanguage":"es"},{"@type":"Organization","@id":"https:\/\/africansafari.travel\/es\/#organization","name":"African Safari Travel","url":"https:\/\/africansafari.travel\/es\/","logo":{"@type":"ImageObject","inLanguage":"es","@id":"https:\/\/africansafari.travel\/es\/#\/schema\/logo\/image\/","url":"https:\/\/africansafari.travel\/wp-content\/uploads\/2024\/12\/logo.png","contentUrl":"https:\/\/africansafari.travel\/wp-content\/uploads\/2024\/12\/logo.png","width":1024,"height":344,"caption":"African Safari Travel"},"image":{"@id":"https:\/\/africansafari.travel\/es\/#\/schema\/logo\/image\/"}}]}},"_links":{"self":[{"href":"https:\/\/africansafari.travel\/es\/wp-json\/wp\/v2\/pages\/10095","targetHints":{"allow":["GET"]}}],"collection":[{"href":"https:\/\/africansafari.travel\/es\/wp-json\/wp\/v2\/pages"}],"about":[{"href":"https:\/\/africansafari.travel\/es\/wp-json\/wp\/v2\/types\/page"}],"author":[{"embeddable":true,"href":"https:\/\/africansafari.travel\/es\/wp-json\/wp\/v2\/users\/2"}],"replies":[{"embeddable":true,"href":"https:\/\/africansafari.travel\/es\/wp-json\/wp\/v2\/comments?post=10095"}],"version-history":[{"count":0,"href":"https:\/\/africansafari.travel\/es\/wp-json\/wp\/v2\/pages\/10095\/revisions"}],"up":[{"embeddable":true,"href":"https:\/\/africansafari.travel\/es\/wp-json\/wp\/v2\/pages\/9826"}],"wp:featuredmedia":[{"embeddable":true,"href":"https:\/\/africansafari.travel\/es\/wp-json\/wp\/v2\/media\/10119"}],"wp:attachment":[{"href":"https:\/\/africansafari.travel\/es\/wp-json\/wp\/v2\/media?parent=10095"}],"wp:term":[{"taxonomy":"region_parques","embeddable":true,"href":"https:\/\/africansafari.travel\/es\/wp-json\/wp\/v2\/region_parques?post=10095"}],"curies":[{"name":"wp","href":"https:\/\/api.w.org\/{rel}","templated":true}]}}